{"id":49730,"date":"2022-12-20T14:54:40","date_gmt":"2022-12-20T14:54:40","guid":{"rendered":"https:\/\/tostancanada.org\/about\/"},"modified":"2024-11-01T13:53:25","modified_gmt":"2024-11-01T13:53:25","slug":"a-propos","status":"publish","type":"page","link":"https:\/\/tostancanada.org\/fr\/a-propos\/","title":{"rendered":"\u00c0 propos"},"content":{"rendered":"<p>[et_pb_section fb_built=&#8221;1&#8243; _builder_version=&#8221;4.21.0&#8243; _module_preset=&#8221;default&#8221; use_background_color_gradient=&#8221;on&#8221; background_color_gradient_stops=&#8221;rgba(255,255,255,0) 21%|#0a0a0a 100%&#8221; background_image=&#8221;https:\/\/tostancanada.org\/wp-content\/uploads\/Aboutus.png&#8221; custom_padding=&#8221;110px||0px||false|false&#8221; bottom_divider_color=&#8221;#9B5BA5&#8243; bottom_divider_height=&#8221;141px&#8221; bottom_divider_repeat=&#8221;1x&#8221; bottom_divider_flip=&#8221;vertical&#8221; global_colors_info=&#8221;{}&#8221;][et_pb_row _builder_version=&#8221;4.21.0&#8243; _module_preset=&#8221;default&#8221; background_enable_color=&#8221;off&#8221; background_image=&#8221;https:\/\/tostancanada.org\/wp-content\/uploads\/wave-green-SPACEup-homepage-90pc.png&#8221; width=&#8221;100%&#8221; max_width=&#8221;100%&#8221; module_alignment=&#8221;center&#8221; height=&#8221;20%&#8221; custom_margin=&#8221;||||false|false&#8221; custom_padding=&#8221;180px||50px||false|false&#8221; global_colors_info=&#8221;{}&#8221;][et_pb_column type=&#8221;4_4&#8243; _builder_version=&#8221;4.19.3&#8243; _module_preset=&#8221;default&#8221; global_colors_info=&#8221;{}&#8221;][et_pb_text _builder_version=&#8221;4.21.0&#8243; _module_preset=&#8221;default&#8221; text_font=&#8221;||||||||&#8221; header_font=&#8221;|800|||||||&#8221; header_font_size=&#8221;50px&#8221; background_layout=&#8221;dark&#8221; width=&#8221;50%&#8221; module_alignment=&#8221;center&#8221; custom_margin=&#8221;||||false|false&#8221; custom_padding=&#8221;59px||2px||false|false&#8221; global_colors_info=&#8221;{}&#8221;]<\/p>\n<h1 style=\"text-align: center;\">\u00c0 propos<\/h1>\n<p>[\/et_pb_text][\/et_pb_column][\/et_pb_row][\/et_pb_section][et_pb_section fb_built=&#8221;1&#8243; _builder_version=&#8221;4.19.3&#8243; _module_preset=&#8221;default&#8221; global_colors_info=&#8221;{}&#8221;][et_pb_row column_structure=&#8221;1_3,1_3,1_3&#8243; _builder_version=&#8221;4.19.4&#8243; _module_preset=&#8221;default&#8221; global_colors_info=&#8221;{}&#8221;][et_pb_column type=&#8221;1_3&#8243; _builder_version=&#8221;4.19.4&#8243; _module_preset=&#8221;default&#8221; global_colors_info=&#8221;{}&#8221;][et_pb_text _builder_version=&#8221;4.21.0&#8243; _module_preset=&#8221;default&#8221; global_colors_info=&#8221;{}&#8221;]<\/p>\n<p style=\"text-align: center;\">Tostan est un organisme international \u00e0 but non lucratif bas\u00e9 \u00e0 Dakar au S\u00e9n\u00e9gal qui offre des programmes d\u2019\u00e9ducation maintenant \u00e9tablis dans 5 pays d\u2019Afrique de l\u2019Ouest. Depuis plus de 30 ans, l\u2019organisation cr\u00e9e diff\u00e9rents moyens pour les communaut\u00e9s rurales de prendre en charge leur propre d\u00e9veloppement en adoptant des programmes \u00e9ducatifs communautaires. <\/p>\n<p>[\/et_pb_text][et_pb_button button_url=&#8221;https:\/\/tostancanada.org\/fr\/a-propos\/notre-histoire\/&#8221; button_text=&#8221;D\u00e9couvrez les d\u00e9buts de Tostan&#8221; button_alignment=&#8221;center&#8221; _builder_version=&#8221;4.21.0&#8243; _module_preset=&#8221;default&#8221; global_colors_info=&#8221;{}&#8221;][\/et_pb_button][\/et_pb_column][et_pb_column type=&#8221;1_3&#8243; _builder_version=&#8221;4.19.4&#8243; _module_preset=&#8221;default&#8221; global_colors_info=&#8221;{}&#8221;][et_pb_text _builder_version=&#8221;4.21.0&#8243; _module_preset=&#8221;default&#8221; global_colors_info=&#8221;{}&#8221;]<\/p>\n<p style=\"text-align: center;\">Les communaut\u00e9s qui ont collabor\u00e9 avec Tostan d\u00e9veloppent une compr\u00e9hension holistique de la mani\u00e8re de r\u00e9aliser leur vision du bien-\u00eatre en adoptant des connaissances fondamentales sur les droits humains ainsi que des comp\u00e9tences pratiques \u2013 toutes les deux des composantes essentielles du d\u00e9veloppement durable. <\/p>\n<p>[\/et_pb_text][et_pb_button button_url=&#8221;https:\/\/tostancanada.org\/fr\/a-propos\/equipe-internationale\/&#8221; button_text=&#8221;Apprenez davantage sur l\u2019\u00e9quipe internationale d\u00e9vou\u00e9e \u00e0 la dignit\u00e9 humanitaire&#8221; button_alignment=&#8221;center&#8221; _builder_version=&#8221;4.21.0&#8243; _module_preset=&#8221;default&#8221; global_colors_info=&#8221;{}&#8221;][\/et_pb_button][\/et_pb_column][et_pb_column type=&#8221;1_3&#8243; _builder_version=&#8221;4.19.4&#8243; _module_preset=&#8221;default&#8221; global_colors_info=&#8221;{}&#8221;][et_pb_text _builder_version=&#8221;4.21.0&#8243; _module_preset=&#8221;default&#8221; global_colors_info=&#8221;{}&#8221;]<\/p>\n<p>En tant qu\u2019organisme de bienfaisance canadien enregistr\u00e9, Tostan Canada met en relation des Canadiens \u00e0 travers le pays qui souhaitent soutenir les programmes en cours et sensibiliser la population \u00e0 l\u2019importance de la transformation incroyable qui se produit actuellement dans les communaut\u00e9s rurales de l\u2019Afrique de l\u2019Ouest.<\/p>\n<p>[\/et_pb_text][et_pb_button button_url=&#8221;https:\/\/tostancanada.org\/fr\/a-propos\/notre-conseil\/&#8221; button_text=&#8221;Rencontrez l\u2019\u00e9quipe de Tostan Canada&#8221; button_alignment=&#8221;center&#8221; _builder_version=&#8221;4.21.0&#8243; _module_preset=&#8221;default&#8221; global_colors_info=&#8221;{}&#8221;][\/et_pb_button][\/et_pb_column][\/et_pb_row][\/et_pb_section]<\/p>\n","protected":false},"excerpt":{"rendered":"<p>\u00c0 proposTostan est un organisme international \u00e0 but non lucratif bas\u00e9 \u00e0 Dakar au S\u00e9n\u00e9gal qui offre des programmes d\u2019\u00e9ducation maintenant \u00e9tablis dans 5 pays d\u2019Afrique de l\u2019Ouest. Depuis plus de 30 ans, l\u2019organisation cr\u00e9e diff\u00e9rents moyens pour les communaut\u00e9s rurales de prendre en charge leur propre d\u00e9veloppement en adoptant des programmes \u00e9ducatifs communautaires. Les [&hellip;]<\/p>\n","protected":false},"author":10,"featured_media":0,"parent":0,"menu_order":0,"comment_status":"closed","ping_status":"closed","template":"","meta":{"_et_pb_use_builder":"on","_et_pb_old_content":"","_et_gb_content_width":"","footnotes":""},"class_list":["post-49730","page","type-page","status-publish","hentry"],"aioseo_notices":[],"_links":{"self":[{"href":"https:\/\/tostancanada.org\/fr\/wp-json\/wp\/v2\/pages\/49730","targetHints":{"allow":["GET"]}}],"collection":[{"href":"https:\/\/tostancanada.org\/fr\/wp-json\/wp\/v2\/pages"}],"about":[{"href":"https:\/\/tostancanada.org\/fr\/wp-json\/wp\/v2\/types\/page"}],"author":[{"embeddable":true,"href":"https:\/\/tostancanada.org\/fr\/wp-json\/wp\/v2\/users\/10"}],"replies":[{"embeddable":true,"href":"https:\/\/tostancanada.org\/fr\/wp-json\/wp\/v2\/comments?post=49730"}],"version-history":[{"count":5,"href":"https:\/\/tostancanada.org\/fr\/wp-json\/wp\/v2\/pages\/49730\/revisions"}],"predecessor-version":[{"id":50491,"href":"https:\/\/tostancanada.org\/fr\/wp-json\/wp\/v2\/pages\/49730\/revisions\/50491"}],"wp:attachment":[{"href":"https:\/\/tostancanada.org\/fr\/wp-json\/wp\/v2\/media?parent=49730"}],"curies":[{"name":"wp","href":"https:\/\/api.w.org\/{rel}","templated":true}]}}