{"id":49744,"date":"2022-12-20T15:56:04","date_gmt":"2022-12-20T15:56:04","guid":{"rendered":"https:\/\/tostancanada.org\/a-propos\/international-team\/"},"modified":"2024-10-13T14:46:55","modified_gmt":"2024-10-13T14:46:55","slug":"equipe-internationale","status":"publish","type":"page","link":"https:\/\/tostancanada.org\/fr\/a-propos\/equipe-internationale\/","title":{"rendered":"L&#8217;\u00e9quipe internationale"},"content":{"rendered":"<p>[et_pb_section fb_built=&#8221;1&#8243; _builder_version=&#8221;4.21.0&#8243; _module_preset=&#8221;default&#8221; use_background_color_gradient=&#8221;on&#8221; background_color_gradient_stops=&#8221;rgba(255,255,255,0) 21%|#0a0a0a 100%&#8221; background_image=&#8221;https:\/\/tostancanada.org\/wp-content\/uploads\/international.png&#8221; custom_padding=&#8221;247px||0px||false|false&#8221; bottom_divider_color=&#8221;#9B5BA5&#8243; bottom_divider_height=&#8221;141px&#8221; bottom_divider_repeat=&#8221;1x&#8221; bottom_divider_flip=&#8221;vertical&#8221; global_colors_info=&#8221;{}&#8221;][et_pb_row _builder_version=&#8221;4.19.4&#8243; _module_preset=&#8221;default&#8221; background_enable_color=&#8221;off&#8221; background_image=&#8221;https:\/\/tostancanada.org\/wp-content\/uploads\/wave-purple-1.png&#8221; width=&#8221;100%&#8221; max_width=&#8221;100%&#8221; module_alignment=&#8221;center&#8221; height=&#8221;20%&#8221; custom_margin=&#8221;||||false|false&#8221; custom_padding=&#8221;65px||65px||true|false&#8221; global_colors_info=&#8221;{}&#8221;][et_pb_column type=&#8221;4_4&#8243; _builder_version=&#8221;4.19.3&#8243; _module_preset=&#8221;default&#8221; global_colors_info=&#8221;{}&#8221;][et_pb_text _builder_version=&#8221;4.21.0&#8243; _module_preset=&#8221;default&#8221; text_font=&#8221;||||||||&#8221; header_font=&#8221;|800|||||||&#8221; header_font_size=&#8221;50px&#8221; background_layout=&#8221;dark&#8221; width=&#8221;100%&#8221; module_alignment=&#8221;center&#8221; custom_margin=&#8221;||||false|false&#8221; custom_padding=&#8221;59px||2px||false|false&#8221; global_colors_info=&#8221;{}&#8221;]<\/p>\n<h1 style=\"text-align: center;\">L\u2019\u00e9quipe internationale<\/h1>\n<p>[\/et_pb_text][\/et_pb_column][\/et_pb_row][\/et_pb_section][et_pb_section fb_built=&#8221;1&#8243; _builder_version=&#8221;4.19.3&#8243; _module_preset=&#8221;default&#8221; global_colors_info=&#8221;{}&#8221;][et_pb_row column_structure=&#8221;3_5,2_5&#8243; _builder_version=&#8221;4.19.4&#8243; _module_preset=&#8221;default&#8221; global_colors_info=&#8221;{}&#8221;][et_pb_column type=&#8221;3_5&#8243; _builder_version=&#8221;4.19.4&#8243; _module_preset=&#8221;default&#8221; global_colors_info=&#8221;{}&#8221;][et_pb_text _builder_version=&#8221;4.21.0&#8243; _module_preset=&#8221;default&#8221; header_3_font=&#8221;|||on|||||&#8221; global_colors_info=&#8221;{}&#8221;]<\/p>\n<p>En tant qu\u2019organisation communautaire africaine bas\u00e9e \u00e0 Dakar au S\u00e9n\u00e9gal et comptant plus de 700 employ\u00e9s, Tostan International mobilise les talents et les comp\u00e9tences de personnes recrut\u00e9es localement pour la majorit\u00e9 de ses effectifs.<br \/>Des \u00e9quipes d\u00e9di\u00e9es de facilitateurs et de superviseurs locaux qui travaillent directement avec des communaut\u00e9s partenaires sont soutenues par les bureaux de coordination dirig\u00e9s localement en Guin\u00e9e, en Guin\u00e9e-Bissau, au Mali, au S\u00e9n\u00e9gal, et en Gambie, ainsi qu\u2019\u00e0 notre si\u00e8ge \u00e0 Dakar, au S\u00e9n\u00e9gal.<\/p>\n<p>L\u2019\u00e9quipe de direction principale de Tostan se compose d\u2019un groupe international diversifi\u00e9 de personnes bas\u00e9es \u00e0 Dakar et comprend aussi un petit bureau de soutien aux \u00c9tats-Unis.<\/p>\n<p>[\/et_pb_text][\/et_pb_column][et_pb_column type=&#8221;2_5&#8243; _builder_version=&#8221;4.19.4&#8243; _module_preset=&#8221;default&#8221; global_colors_info=&#8221;{}&#8221;][et_pb_image src=&#8221;https:\/\/tostancanada.org\/wp-content\/uploads\/7920612360_8ca72857db_b.jpg&#8221; title_text=&#8221;7920612360_8ca72857db_b&#8221; _builder_version=&#8221;4.20.0&#8243; _module_preset=&#8221;default&#8221; width=&#8221;85%&#8221; module_alignment=&#8221;center&#8221; global_colors_info=&#8221;{}&#8221;][\/et_pb_image][\/et_pb_column][\/et_pb_row][et_pb_row _builder_version=&#8221;4.20.2&#8243; _module_preset=&#8221;default&#8221; custom_padding=&#8221;||0px||false|false&#8221; global_colors_info=&#8221;{}&#8221;][et_pb_column type=&#8221;4_4&#8243; _builder_version=&#8221;4.19.4&#8243; _module_preset=&#8221;default&#8221; global_colors_info=&#8221;{}&#8221;][et_pb_text _builder_version=&#8221;4.21.0&#8243; _module_preset=&#8221;default&#8221; header_3_font=&#8221;|700||on|||||&#8221; header_3_text_align=&#8221;center&#8221; global_colors_info=&#8221;{}&#8221;]<\/p>\n<h3>Direction organisationnelle<\/h3>\n<p>[\/et_pb_text][\/et_pb_column][\/et_pb_row][et_pb_row column_structure=&#8221;1_3,1_3,1_3&#8243; _builder_version=&#8221;4.19.4&#8243; _module_preset=&#8221;default&#8221; custom_padding=&#8221;30px|||||&#8221; global_colors_info=&#8221;{}&#8221;][et_pb_column type=&#8221;1_3&#8243; _builder_version=&#8221;4.19.4&#8243; _module_preset=&#8221;default&#8221; global_colors_info=&#8221;{}&#8221;][et_pb_team_member name=&#8221;Elena Bonometti&#8221; position=&#8221;Directrice Ex\u00e9cutive&#8221; image_url=&#8221;https:\/\/tostancanada.org\/wp-content\/uploads\/Elena-Bonometti-Tostan-300&#215;284.jpeg&#8221; _builder_version=&#8221;4.21.0&#8243; _module_preset=&#8221;default&#8221; header_font=&#8221;|700|||||||&#8221; position_text_color=&#8221;#9B5BA5&#8243; global_colors_info=&#8221;{}&#8221;]<\/p>\n<p>Avec plus de 20 ans d\u2019exp\u00e9rience professionnelle en Afrique, Elena a \u00e9t\u00e9 nomm\u00e9e PDG de Tostan en 2017. Elena est reconnue pour son expertise en mati\u00e8re de gestion sur le terrain de programmes de d\u00e9veloppement, sp\u00e9cifiquement ceux qui sont ax\u00e9s sur la sant\u00e9 communautaire et l\u2019autonomisation \u00e9conomique.<\/p>\n<p>Ayant dirig\u00e9 le Plan d\u2019Engagement Strat\u00e9gique pour les ann\u00e9es 2023-2030, Elena s\u2019est engag\u00e9e \u00e0 partager le mod\u00e8le de Tostan par le biais de partenariats strat\u00e9giques afin d\u2019accro\u00eetre le bien-\u00eatre communautaire. Elle est la co-fondatrice de Catalyst2030, un mouvement collaboratif d\u2019action commune pour le changement de syst\u00e8mes.<\/p>\n<p>[\/et_pb_team_member][\/et_pb_column][et_pb_column type=&#8221;1_3&#8243; _builder_version=&#8221;4.19.4&#8243; _module_preset=&#8221;default&#8221; global_colors_info=&#8221;{}&#8221;][et_pb_team_member name=&#8221;Kadji Diop&#8221; position=&#8221;Directrice des finances et des op\u00e9rations&#8221; image_url=&#8221;https:\/\/tostancanada.org\/wp-content\/uploads\/Kadji-Diop-min-1-scaled-1-297&#215;300.jpeg&#8221; _builder_version=&#8221;4.21.0&#8243; _module_preset=&#8221;default&#8221; header_font=&#8221;|700|||||||&#8221; position_text_color=&#8221;#9B5BA5&#8243; global_colors_info=&#8221;{}&#8221;]<\/p>\n<p>Travaillant dans le d\u00e9veloppement organisationnel, la finance et la comptabilit\u00e9 aux \u00c9tats-Unis et en Afrique depuis 20 ans, Kadji a pour mission de susciter des changements positifs au sein des organisations. Elle a d\u00e9montr\u00e9 son expertise en mati\u00e8re de renforcement des contr\u00f4les internes et sa capacit\u00e9 \u00e0 assurer la direction et le leadership dans des environnements multi-pays.<\/p>\n<p>Elle a jou\u00e9 un r\u00f4le majeur dans la cr\u00e9ation d&#8217;Amref-Afrique de l&#8217;Ouest au S\u00e9n\u00e9gal en 2011-2013. Elle a \u00e9t\u00e9 directrice de l&#8217;exploitation du corridor de croissance agricole du sud de la Tanzanie (SAGCOT) de 2016 \u00e0 2019.<\/p>\n<p>&nbsp;<\/p>\n<p>[\/et_pb_team_member][\/et_pb_column][et_pb_column type=&#8221;1_3&#8243; _builder_version=&#8221;4.19.4&#8243; _module_preset=&#8221;default&#8221; global_colors_info=&#8221;{}&#8221;][et_pb_team_member name=&#8221;Carina Ndiaye&#8221; position=&#8221;Directrice des partenariats&#8221; image_url=&#8221;https:\/\/tostancanada.org\/wp-content\/uploads\/Carina-Ndiaye_COP_2022-270&#215;300.jpeg&#8221; _builder_version=&#8221;4.21.0&#8243; _module_preset=&#8221;default&#8221; header_font=&#8221;|700|||||||&#8221; position_text_color=&#8221;#9B5BA5&#8243; global_colors_info=&#8221;{}&#8221;]<\/p>\n<p>Carina est une experte en d\u00e9veloppement organisationnel et en gestion de projet avec quinze ans d&#8217;exp\u00e9rience \u00e9prouv\u00e9e dans la r\u00e9glementation des donateurs, les contrats, la conformit\u00e9 et la gestion des risques, ainsi que dans le d\u00e9veloppement et la mise en \u0153uvre de proc\u00e9dures pour les programmes de d\u00e9veloppement dans le monde entier.<\/p>\n<p>Elle a pass\u00e9 dix ans \u00e0 g\u00e9rer et \u00e0 am\u00e9liorer les probl\u00e8mes et les syst\u00e8mes de gestion des programmes chez Family Health International, y compris une r\u00e9cente affectation de quatre ans en tant que chef du d\u00e9partement des op\u00e9rations de projet d&#8217;\u00e9ducation en Guin\u00e9e \u00e9quatoriale et en tant que conseill\u00e8re strat\u00e9gique et juridique pour les PME \u00e0 Dakar, au S\u00e9n\u00e9gal.<\/p>\n<p>&nbsp;<\/p>\n<p>[\/et_pb_team_member][\/et_pb_column][\/et_pb_row][et_pb_row _builder_version=&#8221;4.20.2&#8243; _module_preset=&#8221;default&#8221; custom_padding=&#8221;0px||||false|false&#8221; global_colors_info=&#8221;{}&#8221;][et_pb_column type=&#8221;4_4&#8243; _builder_version=&#8221;4.19.4&#8243; _module_preset=&#8221;default&#8221; global_colors_info=&#8221;{}&#8221;][et_pb_team_member name=&#8221;Molly Melching&#8221; position=&#8221;Fondatrice et directrice de cr\u00e9ation &#8221; image_url=&#8221;https:\/\/tostancanada.org\/wp-content\/uploads\/Molly-Head-Shot-150&#215;150.jpeg&#8221; _builder_version=&#8221;4.21.0&#8243; _module_preset=&#8221;default&#8221; header_font=&#8221;|700|||||||&#8221; header_font_size=&#8221;24px&#8221; body_font=&#8221;||||||||&#8221; position_text_color=&#8221;#9B5BA5&#8243; custom_padding=&#8221;||||false|false&#8221; border_radii_image=&#8221;on|43px|43px|43px|43px&#8221; border_width_all_image=&#8221;40px&#8221; border_color_all_image=&#8221;RGBA(255,255,255,0)&#8221; border_width_top_image=&#8221;40px&#8221; border_width_left_image=&#8221;40px&#8221; global_colors_info=&#8221;{}&#8221;]<\/p>\n<p>R\u00e9cipiendaire de l&#8217;Ordre national du Lion du S\u00e9n\u00e9gal, la plus haute distinction d\u00e9cern\u00e9e par le gouvernement du S\u00e9n\u00e9gal pour son travail dans le d\u00e9veloppement communautaire, Molly vit et travaille au S\u00e9n\u00e9gal depuis 1974 et a \u00e9t\u00e9 PDG de Tostan pendant 26 ans. Molly a d\u00e9velopp\u00e9 le programme r\u00e9volutionnaire qui est devenu le Community Empowerment Program\/Programme de Renforcement des Capacit\u00e9s Communautaires et a depuis form\u00e9 de nombreux autres organismes \u00e0 but non lucratif sur son approche.<\/p>\n<p>En 2007, Molly a re\u00e7u le prix humanitaire Conrad N. Hilton d\u00e9cern\u00e9 \u00e0 Tostan. En 2010, Molly Melching a re\u00e7u au nom de Tostan le prix Skoll pour l&#8217;Entrepreneuriat Social pour son travail et ses avanc\u00e9es visant \u00e0 r\u00e9soudre des probl\u00e8mes sociaux complexes \u00e0 l\u2019aide de solutions durables et \u00e9volutives. Tostan continue de remporter des prix pour son travail.<\/p>\n<p>[\/et_pb_team_member][\/et_pb_column][\/et_pb_row][et_pb_row _builder_version=&#8221;4.19.4&#8243; _module_preset=&#8221;default&#8221; custom_padding=&#8221;||2px|||&#8221; global_colors_info=&#8221;{}&#8221;][et_pb_column type=&#8221;4_4&#8243; _builder_version=&#8221;4.19.4&#8243; _module_preset=&#8221;default&#8221; global_colors_info=&#8221;{}&#8221;][et_pb_text _builder_version=&#8221;4.21.0&#8243; _module_preset=&#8221;default&#8221; header_3_font=&#8221;|700||on|||||&#8221; header_3_text_align=&#8221;center&#8221; global_colors_info=&#8221;{}&#8221;]<\/p>\n<h3>Nos coordinateurs nationaux<\/h3>\n<p>[\/et_pb_text][\/et_pb_column][\/et_pb_row][et_pb_row column_structure=&#8221;1_2,1_2&#8243; _builder_version=&#8221;4.19.4&#8243; _module_preset=&#8221;default&#8221; custom_padding=&#8221;||3px|||&#8221; global_colors_info=&#8221;{}&#8221;][et_pb_column type=&#8221;1_2&#8243; _builder_version=&#8221;4.19.4&#8243; _module_preset=&#8221;default&#8221; global_colors_info=&#8221;{}&#8221;][et_pb_team_member name=&#8221;Moctar Oular\u00e9&#8221; position=&#8221; Coordinateur national pour la Guin\u00e9e&#8221; image_url=&#8221;https:\/\/tostancanada.org\/wp-content\/uploads\/Mouctar-Oulare-225&#215;300.jpeg&#8221; _builder_version=&#8221;4.21.0&#8243; _module_preset=&#8221;default&#8221; header_font=&#8221;|700|||||||&#8221; position_text_color=&#8221;#9B5BA5&#8243; global_colors_info=&#8221;{}&#8221;]<\/p>\n<p>Moctar est le fondateur et membre de plusieurs organisations de la soci\u00e9t\u00e9 civile guin\u00e9enne, dont le Centre guin\u00e9en de formation et d&#8217;\u00e9ducation pour le d\u00e9veloppement, qui est son ONG, et le R\u00e9seau guin\u00e9en d&#8217;alphab\u00e9tisation, qu&#8217;il a dirig\u00e9 en tant que secr\u00e9taire ex\u00e9cutif, adoptant une approche participative et inclusive. Son activisme au sein des OSC remonte \u00e0 1993 apr\u00e8s sa sortie de l&#8217;\u00c9cole Normale d&#8217;Instituteurs en tant que Premier de la R\u00e9publique. Mouctar a ensuite eu l&#8217;opportunit\u00e9 de travailler chez Aide et Action, une organisation internationale fran\u00e7aise d&#8217;alphab\u00e9tisation des communaut\u00e9s, notamment des femmes, pour les aider avec leur autonomisation et le suivi de leur scolarisation. Il applique son expertise p\u00e9dagogique \u00e0 son travail avec Tostan depuis 2009, d\u00e9montrant un engagement ind\u00e9fectible envers la dignit\u00e9 humaine pour tous.<\/p>\n<p>[\/et_pb_team_member][\/et_pb_column][et_pb_column type=&#8221;1_2&#8243; _builder_version=&#8221;4.19.4&#8243; _module_preset=&#8221;default&#8221; global_colors_info=&#8221;{}&#8221;][et_pb_team_member name=&#8221;Rose Diop&#8221; position=&#8221;Coordinatrice nationale pour le S\u00e9n\u00e9gal&#8221; image_url=&#8221;https:\/\/tostancanada.org\/wp-content\/uploads\/rose-diop-225&#215;300.jpeg&#8221; _builder_version=&#8221;4.21.0&#8243; _module_preset=&#8221;default&#8221; header_font=&#8221;|700|||||||&#8221; position_text_color=&#8221;#9B5BA5&#8243; global_colors_info=&#8221;{}&#8221;]<\/p>\n<p>Rose est impliqu\u00e9e dans le d\u00e9veloppement communautaire depuis plus de 20 ans et est maintenant un mod\u00e8le de leadership f\u00e9minin pour Tostan et dans la soci\u00e9t\u00e9 civile au S\u00e9n\u00e9gal et dans la sous-r\u00e9gion. Elle a pass\u00e9 toute sa carri\u00e8re professionnelle avec Tostan et a occup\u00e9 de nombreux postes depuis qu\u2019elle s\u2019est jointe \u00e0 l&#8217;organisation en 1997. En janvier 2018, elle a suivi des cours de gestion \u00e0 l&#8217;Institut Sup\u00e9rieur de Management \u00e0 Mbour, au S\u00e9n\u00e9gal.<\/p>\n<p>[\/et_pb_team_member][\/et_pb_column][\/et_pb_row][et_pb_row column_structure=&#8221;1_2,1_2&#8243; _builder_version=&#8221;4.19.4&#8243; _module_preset=&#8221;default&#8221; custom_padding=&#8221;20px||||false|false&#8221; global_colors_info=&#8221;{}&#8221;][et_pb_column type=&#8221;1_2&#8243; _builder_version=&#8221;4.19.4&#8243; _module_preset=&#8221;default&#8221; global_colors_info=&#8221;{}&#8221;][et_pb_team_member name=&#8221;Edrisa Keita&#8221; position=&#8221;Coordinateur national pour la Gambie&#8221; image_url=&#8221;https:\/\/tostancanada.org\/wp-content\/uploads\/Edrisa-Keita-300&#215;224.jpeg&#8221; _builder_version=&#8221;4.21.0&#8243; _module_preset=&#8221;default&#8221; header_font=&#8221;|700|||||||&#8221; position_text_color=&#8221;#9B5BA5&#8243; global_colors_info=&#8221;{}&#8221;]<\/p>\n<p>Edrisa est le coordinateur national de Tostan Gambie depuis 2016. Avant cela, il a occup\u00e9 le poste d&#8217;assistant du coordinateur national de Tostan entre 2006 et 2011. Il est originaire de Sukuta, en Gambie. Avec une formation en entrepreneuriat et en d\u00e9veloppement, Edrisa a repr\u00e9sent\u00e9 Tostan dans une s\u00e9rie de forums en Gambie et \u00e0 l&#8217;\u00e9tranger, avec diff\u00e9rents gouvernements et autres partenaires.<\/p>\n<p>[\/et_pb_team_member][et_pb_team_member name=&#8221;Moussa Diallo&#8221; position=&#8221;Coordinateur national pour le Mali&#8221; image_url=&#8221;https:\/\/tostancanada.org\/wp-content\/uploads\/Moussa-Diallo-224&#215;300.jpeg&#8221; _builder_version=&#8221;4.21.0&#8243; _module_preset=&#8221;default&#8221; header_font=&#8221;|700|||||||&#8221; position_text_color=&#8221;#9B5BA5&#8243; global_colors_info=&#8221;{}&#8221;]<\/p>\n<p>Moussa a commenc\u00e9 \u00e0 travailler avec Tostan en 2010 en tant que superviseur du soutien au d\u00e9veloppement. Il a ensuite occup\u00e9 le poste d&#8217;adjoint au coordonnateur national avant d&#8217;\u00eatre nomm\u00e9 chef de projet. Moussa est avocat et poss\u00e8de une vaste exp\u00e9rience dans l&#8217;approche de d\u00e9veloppement communautaire, qu\u2019il a acquise au cours de ses nombreuses ann\u00e9es d&#8217;accompagnement des communaut\u00e9s au Mali avec Tostan. Son r\u00eave est de voir un monde dans lequel les droits humains sont la boussole du d\u00e9veloppement durable.<\/p>\n<p>[\/et_pb_team_member][\/et_pb_column][et_pb_column type=&#8221;1_2&#8243; _builder_version=&#8221;4.19.4&#8243; _module_preset=&#8221;default&#8221; global_colors_info=&#8221;{}&#8221;][et_pb_team_member name=&#8221;Yussuf San\u00e9&#8221; position=&#8221;Coordinateur national pour la Guin\u00e9e-Bissau&#8221; image_url=&#8221;https:\/\/tostancanada.org\/wp-content\/uploads\/Yussuf-Sane-300&#215;225.jpeg&#8221; _builder_version=&#8221;4.21.0&#8243; _module_preset=&#8221;default&#8221; header_font=&#8221;|700|||||||&#8221; position_text_color=&#8221;#9B5BA5&#8243; global_colors_info=&#8221;{}&#8221;]<\/p>\n<p>Yussuf dirige la strat\u00e9gie nationale de Tostan par le biais de partenariats d&#8217;autonomisation communautaire. Il est boursier WISE Emerging Leaders et ambassadeur de l&#8217;amiti\u00e9 FAF. Yussuf facilite les partenariats strat\u00e9giques avec les autorit\u00e9s gouvernementales r\u00e9gionales et les organisations de la soci\u00e9t\u00e9 civile, en promouvant les opportunit\u00e9s d&#8217;apprentissage et d&#8217;\u00e9change avec les ONG. Yussuf a pr\u00e9c\u00e9demment travaill\u00e9 avec le Centre de formation de Tostan au S\u00e9n\u00e9gal de 2016 \u00e0 2018, dirigeant des sessions de formation avec des jeunes et des chefs religieux, des ONG, des agences des Nations Unies et l&#8217;USAID.<\/p>\n<p>[\/et_pb_team_member][\/et_pb_column][\/et_pb_row][\/et_pb_section]<\/p>\n","protected":false},"excerpt":{"rendered":"<p>L\u2019\u00e9quipe internationaleEn tant qu\u2019organisation communautaire africaine bas\u00e9e \u00e0 Dakar au S\u00e9n\u00e9gal et comptant plus de 700 employ\u00e9s, Tostan International mobilise les talents et les comp\u00e9tences de personnes recrut\u00e9es localement pour la majorit\u00e9 de ses effectifs.Des \u00e9quipes d\u00e9di\u00e9es de facilitateurs et de superviseurs locaux qui travaillent directement avec des communaut\u00e9s partenaires sont soutenues par les bureaux [&hellip;]<\/p>\n","protected":false},"author":10,"featured_media":0,"parent":49730,"menu_order":0,"comment_status":"closed","ping_status":"closed","template":"","meta":{"_et_pb_use_builder":"on","_et_pb_old_content":"","_et_gb_content_width":"","footnotes":""},"class_list":["post-49744","page","type-page","status-publish","hentry"],"aioseo_notices":[],"_links":{"self":[{"href":"https:\/\/tostancanada.org\/fr\/wp-json\/wp\/v2\/pages\/49744","targetHints":{"allow":["GET"]}}],"collection":[{"href":"https:\/\/tostancanada.org\/fr\/wp-json\/wp\/v2\/pages"}],"about":[{"href":"https:\/\/tostancanada.org\/fr\/wp-json\/wp\/v2\/types\/page"}],"author":[{"embeddable":true,"href":"https:\/\/tostancanada.org\/fr\/wp-json\/wp\/v2\/users\/10"}],"replies":[{"embeddable":true,"href":"https:\/\/tostancanada.org\/fr\/wp-json\/wp\/v2\/comments?post=49744"}],"version-history":[{"count":9,"href":"https:\/\/tostancanada.org\/fr\/wp-json\/wp\/v2\/pages\/49744\/revisions"}],"predecessor-version":[{"id":50482,"href":"https:\/\/tostancanada.org\/fr\/wp-json\/wp\/v2\/pages\/49744\/revisions\/50482"}],"up":[{"embeddable":true,"href":"https:\/\/tostancanada.org\/fr\/wp-json\/wp\/v2\/pages\/49730"}],"wp:attachment":[{"href":"https:\/\/tostancanada.org\/fr\/wp-json\/wp\/v2\/media?parent=49744"}],"curies":[{"name":"wp","href":"https:\/\/api.w.org\/{rel}","templated":true}]}}