{"id":49749,"date":"2022-12-20T15:22:49","date_gmt":"2022-12-20T15:22:49","guid":{"rendered":"https:\/\/tostancanada.org\/a-propos\/our-board\/"},"modified":"2026-04-22T12:55:13","modified_gmt":"2026-04-22T12:55:13","slug":"equipe-canadienne","status":"publish","type":"page","link":"https:\/\/tostancanada.org\/fr\/a-propos\/equipe-canadienne\/","title":{"rendered":"Notre \u00e9quipe Canadienne"},"content":{"rendered":"<p>[et_pb_section fb_built=&#8221;1&#8243; _builder_version=&#8221;4.21.0&#8243; _module_preset=&#8221;default&#8221; use_background_color_gradient=&#8221;on&#8221; background_color_gradient_stops=&#8221;rgba(255,255,255,0) 21%|#0a0a0a 100%&#8221; background_image=&#8221;https:\/\/tostancanada.org\/wp-content\/uploads\/board.png&#8221; custom_padding=&#8221;247px||0px||false|false&#8221; bottom_divider_color=&#8221;#9B5BA5&#8243; bottom_divider_height=&#8221;141px&#8221; bottom_divider_repeat=&#8221;1x&#8221; bottom_divider_flip=&#8221;vertical&#8221; global_colors_info=&#8221;{}&#8221;][et_pb_row _builder_version=&#8221;4.19.4&#8243; _module_preset=&#8221;default&#8221; background_enable_color=&#8221;off&#8221; background_image=&#8221;https:\/\/tostancanada.org\/wp-content\/uploads\/wave-purple-1.png&#8221; width=&#8221;100%&#8221; max_width=&#8221;100%&#8221; module_alignment=&#8221;center&#8221; height=&#8221;20%&#8221; custom_margin=&#8221;||||false|false&#8221; custom_padding=&#8221;65px||65px||true|false&#8221; global_colors_info=&#8221;{}&#8221;][et_pb_column type=&#8221;4_4&#8243; _builder_version=&#8221;4.19.3&#8243; _module_preset=&#8221;default&#8221; global_colors_info=&#8221;{}&#8221;][et_pb_text _builder_version=&#8221;4.21.0&#8243; _module_preset=&#8221;default&#8221; text_font=&#8221;||||||||&#8221; header_font=&#8221;|800|||||||&#8221; header_font_size=&#8221;50px&#8221; background_layout=&#8221;dark&#8221; width=&#8221;50%&#8221; module_alignment=&#8221;center&#8221; custom_margin=&#8221;||||false|false&#8221; custom_padding=&#8221;59px||2px||false|false&#8221; global_colors_info=&#8221;{}&#8221;]<\/p>\n<h1 style=\"text-align: center;\"><span>Notre \u00e9quipe Canadienne<\/span><\/h1>\n<p>[\/et_pb_text][\/et_pb_column][\/et_pb_row][\/et_pb_section][et_pb_section fb_built=&#8221;1&#8243; _builder_version=&#8221;4.19.3&#8243; _module_preset=&#8221;default&#8221; global_colors_info=&#8221;{}&#8221;][et_pb_row _builder_version=&#8221;4.19.4&#8243; _module_preset=&#8221;default&#8221; width=&#8221;60%&#8221; module_alignment=&#8221;center&#8221; global_colors_info=&#8221;{}&#8221;][et_pb_column type=&#8221;4_4&#8243; _builder_version=&#8221;4.19.4&#8243; _module_preset=&#8221;default&#8221; global_colors_info=&#8221;{}&#8221;][et_pb_text _builder_version=&#8221;4.21.0&#8243; _module_preset=&#8221;default&#8221; global_colors_info=&#8221;{}&#8221;]<\/p>\n<h3 style=\"text-align: center;\"><span>Incorpor\u00e9 en tant qu&#8217;organisme de bienfaisance enregistr\u00e9 en 2012,\u00a0<\/span><span class=\"il\">Tostan<\/span><span>\u00a0Canada est dirig\u00e9 par une \u00e9quipe d\u00e9vou\u00e9e et passionn\u00e9e qui comprend une directrice ex\u00e9cutive et un conseil d&#8217;administration b\u00e9n\u00e9vole. La mission de notre organisme est de soutenir et de promouvoir le travail communautaire transformateur qui se produit actuellement en Afrique de l\u2019Ouest.<\/span><\/h3>\n<p>[\/et_pb_text][et_pb_text _builder_version=&#8221;4.23.1&#8243; _module_preset=&#8221;default&#8221; custom_padding=&#8221;0px|||||&#8221; global_colors_info=&#8221;{}&#8221;]<\/p>\n<h3 style=\"text-align: center;\"><strong>DIRECTRICE NATIONALE<\/strong><\/h3>\n<h4>Dominique Chauvet-Staco, Directrice Nationale, Tostan Canada<\/h4>\n<p>Dominique Chauvet-Staco est une professionnelle exp\u00e9riment\u00e9e en gestion de subventions avec plus de vingt ans de pratique en philanthropie d\u2019entreprise et priv\u00e9e. Son travail avec des organismes communautaires locaux, tant au Canada qu\u2019\u00e0 l\u2019\u00e9tranger, ont favoris\u00e9 un int\u00e9r\u00eat et une compr\u00e9hension profonds du d\u00e9veloppement communautaire.<\/p>\n<p>Elle apporte ses connaissances de la philanthropie internationale et son engagement envers la communaut\u00e9 \u00e0 Tostan Canada en vue d\u2019\u00e9tablir et d\u2019approfondir des partenariats qui font progresser les objectifs strat\u00e9giques et programmatiques de Tostan.<\/p>\n<p>Elle est titulaire de dipl\u00f4mes en relations internationales et en administration des affaires internationales de l\u2019Universit\u00e9 am\u00e9ricaine de Paris et d\u2019un certificat de l\u2019Institut d\u2019\u00e9tude du d\u00e9veloppement international de l\u2019Universit\u00e9 McGill. Elle vit \u00e0 Montr\u00e9al avec son mari et ses trois enfants adultes.<\/p>\n<p>[\/et_pb_text][\/et_pb_column][\/et_pb_row][et_pb_row _builder_version=&#8221;4.21.0&#8243; _module_preset=&#8221;default&#8221; global_colors_info=&#8221;{}&#8221;][et_pb_column type=&#8221;4_4&#8243; _builder_version=&#8221;4.19.4&#8243; _module_preset=&#8221;default&#8221; global_colors_info=&#8221;{}&#8221;][et_pb_text _builder_version=&#8221;4.21.0&#8243; _module_preset=&#8221;default&#8221; header_3_font=&#8221;|700||on|||||&#8221; global_colors_info=&#8221;{}&#8221;]<\/p>\n<h3 style=\"text-align: center;\">Les membres du conseil<\/h3>\n<p>[\/et_pb_text][et_pb_accordion open_toggle_background_color=&#8221;RGBA(255,255,255,0)&#8221; closed_toggle_background_color=&#8221;RGBA(255,255,255,0)&#8221; toggle_icon=&#8221;&#x33;||divi||400&#8243; icon_color=&#8221;#9B5BA5&#8243; _builder_version=&#8221;4.27.4&#8243; _module_preset=&#8221;default&#8221; toggle_text_color=&#8221;#043836&#8243; toggle_font=&#8221;|600|||||||&#8221; width=&#8221;80%&#8221; module_alignment=&#8221;center&#8221; hover_enabled=&#8221;0&#8243; db_closeable=&#8221;on&#8221; border_radii=&#8221;on|5px|5px|5px|5px&#8221; border_color_all=&#8221;#99BA22&#8243; global_colors_info=&#8221;{}&#8221; sticky_enabled=&#8221;0&#8243;][et_pb_accordion_item title=&#8221;Kelly Hawke Baxter, Co-pr\u00e9sidente du conseil d&#8217;administration&#8221; _builder_version=&#8221;4.23.1&#8243; _module_preset=&#8221;default&#8221; global_colors_info=&#8221;{}&#8221; open=&#8221;on&#8221;]<\/p>\n<p>Kelly Hawke Baxter est la co-pr\u00e9sident du conseil d&#8217;administration du Tostan Canada, et la pr\u00e9sidente actuelle du conseil d\u2019administration de Tostan International. Elle a consacr\u00e9 les 25 derni\u00e8res ann\u00e9es \u00e0 travailler avec des organismes \u00e0 but non lucratif dans le but de provoquer un changement social syst\u00e9mique, mettant l\u2019accent sur la strat\u00e9gie et la gouvernance. Ancienne directrice ex\u00e9cutive de The Natural Step Canada, journaliste et r\u00e9dactrice de formation, Kelly est une conf\u00e9renci\u00e8re, une animatrice et une directrice engag\u00e9e. Kelly est titulaire d\u2019une ma\u00eetrise en d\u00e9veloppement international et en journalisme international, ainsi que d&#8217;un certificat de ma\u00eetrise en innovation sociale. Elle vit \u00e0 Montr\u00e9al avec son mari.<\/p>\n<p>[\/et_pb_accordion_item][et_pb_accordion_item title=&#8221;Sophie Champagne, Co-pr\u00e9sidente du conseil d\u2019administration &#8221; _builder_version=&#8221;4.23.1&#8243; _module_preset=&#8221;default&#8221; global_colors_info=&#8221;{}&#8221; open=&#8221;off&#8221;]<\/p>\n<p>Sophie apporte 35 ans d&#8217;exp\u00e9rience en marketing \u00e0 Tostan Canada. Bilingue (fran\u00e7ais et anglais) et titulaire d&#8217;un dipl\u00f4me en commerce de l&#8217;Universit\u00e9 Queen&#8217;s, Sophie aime travailler en \u00e9quipe et a un grand sens de l&#8217;organisation. Tr\u00e8s motiv\u00e9e par les r\u00e9sultats, elle a une approche orient\u00e9e vers les solutions et l&#8217;efficacit\u00e9. Stimul\u00e9e par l\u2019\u00e9galit\u00e9 et les droits humains, Sophie est passionn\u00e9e de voyages, parle espagnol et a un esprit curieux et aventureux. Elle a deux enfants adultes et vit \u00e0 Montr\u00e9al avec son mari.<\/p>\n<p><a href=\"mailto:sophie.cp@sympatico.ca\">sophie.cp@sympatico.ca<\/a><\/p>\n<p>514.248.9961<\/p>\n<p>[\/et_pb_accordion_item][et_pb_accordion_item title=&#8221;Jennifer Potts, Secr\u00e9taire&#8221; _builder_version=&#8221;4.23.1&#8243; _module_preset=&#8221;default&#8221; global_colors_info=&#8221;{}&#8221; open=&#8221;off&#8221;]<\/p>\n<p>Jennifer Potts est une leader chevronn\u00e9e du marketing avec plus de 20 ans d&#8217;exp\u00e9rience dans l&#8217;encadrement d&#8217;\u00e9quipes, le d\u00e9veloppement de marques et l&#8217;ex\u00e9cution strat\u00e9gique au sein de grandes entreprises du secteur priv\u00e9, notamment Bell, Rogers, Cineplex et JPMorgan Chase. R\u00e9put\u00e9e pour son style de leadership dynamique et empathique, elle se sp\u00e9cialise dans la cr\u00e9ation d&#8217;initiatives de sensibilisation de marque percutantes et de programmes g\u00e9n\u00e9rateurs de revenus. Dipl\u00f4m\u00e9e de l&#8217;Universit\u00e9 York avec un baccalaur\u00e9at sp\u00e9cialis\u00e9 en communications de masse et en anglais, Jennifer se consacre actuellement au service communautaire et soutient activement des initiatives locales ainsi que le d\u00e9veloppement durable international. Elle si\u00e8ge au conseil d&#8217;administration de Tostan Canada et du St. Felix Centre \u00e0 Toronto, o\u00f9 elle continue d&#8217;avoir un impact positif dans sa communaut\u00e9.<\/p>\n<p>[\/et_pb_accordion_item][et_pb_accordion_item title=&#8221;Gizanne Lafrance-Allaire, Tr\u00e9sori\u00e8re&#8221; _builder_version=&#8221;4.21.0&#8243; _module_preset=&#8221;default&#8221; global_colors_info=&#8221;{}&#8221; open=&#8221;off&#8221;]<\/p>\n<p>Gizanne est la directrice g\u00e9n\u00e9rale au Centre de soins prolong\u00e9s St. Joseph, et est experte-comptable et experte-comptable en gestion. Ses 35 ans d\u2019exp\u00e9rience en affaires lui ont permis de d\u00e9velopper une passion pour l\u2019innovation, l\u2019am\u00e9lioration continue et l\u2019optimisation des processus afin de maximiser l\u2019efficacit\u00e9 op\u00e9rationnelle.<br \/>Elle est tr\u00e9sori\u00e8re de Tostan Canada depuis 2013 et si\u00e8ge \u00e9galement sur le conseil d&#8217;administration de Catholic Health International.<\/p>\n<p>[\/et_pb_accordion_item][et_pb_accordion_item title=&#8221;Gail Kaneb, Directrice&#8221; _builder_version=&#8221;4.23.1&#8243; _module_preset=&#8221;default&#8221; global_colors_info=&#8221;{}&#8221; open=&#8221;off&#8221;]<\/p>\n<p>Ancienne pr\u00e9sidente du conseil d\u2019administration de Tostan International et membre \u00e9m\u00e9rite, Gail est impliqu\u00e9e dans la gouvernance et la direction strat\u00e9gique de Tostan International depuis 2009. Son r\u00f4le de leadership dans la gestion du changement d\u2019entreprise ainsi que plus de 20 ans d\u2019exp\u00e9rience en tant que coach, mentor et animatrice ont permis \u00e0 Gail de contribuer activement au d\u00e9veloppement et au succ\u00e8s de Tostan Canada.<\/p>\n<p>Gail a \u00e9t\u00e9 membre du conseil d\u2019administration fondateur de nombreux organismes \u00e0 but non lucratif en Ontario, et a \u00e9t\u00e9 conf\u00e9renci\u00e8re invit\u00e9e \u00e0 la Facult\u00e9 de gestion de McGill. Elle si\u00e8ge \u00e9galement sur le conseil d\u2019administration de la Fondation de l\u2019Institut de Cardiologie de l\u2019Universit\u00e9 d\u2019Ottawa.<\/p>\n<p>&nbsp;<\/p>\n<p>[\/et_pb_accordion_item][et_pb_accordion_item title=&#8221;Christie Hollingsworth, Directrice&#8221; _builder_version=&#8221;4.21.0&#8243; _module_preset=&#8221;default&#8221; global_colors_info=&#8221;{}&#8221; open=&#8221;off&#8221;]<\/p>\n<p>Christie a travaill\u00e9 avec plusieurs organismes b\u00e9n\u00e9voles \u00e0 but non lucratif, les aidant \u00e0 cr\u00e9er des plans de communication et des plans strat\u00e9giques pour la r\u00e9ussite de la collecte de fonds. Christie est titulaire d&#8217;un dipl\u00f4me en communication de l&#8217;Universit\u00e9 d&#8217;Ottawa et a beaucoup travaill\u00e9 dans les domaines de l&#8217;image de marque, de la collecte de fonds, de l&#8217;\u00e9dition et de la gestion de projets. Christie a pass\u00e9 la majeure partie de sa vie professionnelle \u00e0 travailler avec des organismes de sant\u00e9 \u00e0 but non lucratif et est passionn\u00e9e par l&#8217;\u00e9galit\u00e9 et les droits humains. Elle a une solide \u00e9thique de travail, aime le r\u00e9seautage et appr\u00e9cie les bonnes conversations. Elle vit actuellement \u00e0 Long Sault, en Ontario, avec son mari et ses trois fils.<\/p>\n<p><a href=\"mailto:chollings6@gmail.com\" target=\"_blank\" rel=\"noopener\">chollings6@gmail.com<\/a><\/p>\n<p>613-362-3022<\/p>\n<p>[\/et_pb_accordion_item][et_pb_accordion_item title=&#8221;Alexandra Kaneb, Directrice&#8221; open=&#8221;off&#8221; _builder_version=&#8221;4.23.1&#8243; _module_preset=&#8221;default&#8221; global_colors_info=&#8221;{}&#8221;]<\/p>\n<div dir=\"ltr\">Alexandra est une professionnelle chevronn\u00e9e avec plus de 15 ans d\u2019exp\u00e9rience en marketing. Reconnue pour sa pens\u00e9e strat\u00e9gique et sa polyvalence intersectorielle, Alexandra a men\u00e9 des programmes marketing B2B et B2C dans les secteurs de la transformation alimentaire, des finances et du recrutement. Elle est titulaire d\u2019un baccalaur\u00e9at en psychologie de l\u2019Universit\u00e9 Colgate, avec une mineure en litt\u00e9rature fran\u00e7aise. Alexandra est passionn\u00e9e par Tostan et s\u2019implique b\u00e9n\u00e9volement aupr\u00e8s de l\u2019organisation depuis de nombreuses ann\u00e9es. Sa visite au si\u00e8ge de Tostan au S\u00e9n\u00e9gal et dans des villages partenaires a profond\u00e9ment influenc\u00e9 sa compr\u00e9hension du changement social durable. Elle a pu constater de ses propres yeux les r\u00e9sultats transformateurs des programmes de Tostan\u2014une am\u00e9lioration de la sant\u00e9, de l\u2019\u00e9ducation et de l\u2019\u00e9galit\u00e9 des genres\u2014ce qui a nourri sa passion \u00e0 long terme pour la mission de l\u2019organisation. Alexandra vit \u00e0 Montr\u00e9al avec son mari et leurs quatre enfants.<\/div>\n<p>[\/et_pb_accordion_item][\/et_pb_accordion][\/et_pb_column][\/et_pb_row][\/et_pb_section]<\/p>\n","protected":false},"excerpt":{"rendered":"<p>Notre \u00e9quipe CanadienneIncorpor\u00e9 en tant qu&#8217;organisme de bienfaisance enregistr\u00e9 en 2012,\u00a0Tostan\u00a0Canada est dirig\u00e9 par une \u00e9quipe d\u00e9vou\u00e9e et passionn\u00e9e qui comprend une directrice ex\u00e9cutive et un conseil d&#8217;administration b\u00e9n\u00e9vole. La mission de notre organisme est de soutenir et de promouvoir le travail communautaire transformateur qui se produit actuellement en Afrique de l\u2019Ouest.DIRECTRICE NATIONALE Dominique Chauvet-Staco, [&hellip;]<\/p>\n","protected":false},"author":10,"featured_media":0,"parent":49730,"menu_order":0,"comment_status":"closed","ping_status":"closed","template":"","meta":{"_et_pb_use_builder":"on","_et_pb_old_content":"","_et_gb_content_width":"","footnotes":""},"class_list":["post-49749","page","type-page","status-publish","hentry"],"aioseo_notices":[],"_links":{"self":[{"href":"https:\/\/tostancanada.org\/fr\/wp-json\/wp\/v2\/pages\/49749","targetHints":{"allow":["GET"]}}],"collection":[{"href":"https:\/\/tostancanada.org\/fr\/wp-json\/wp\/v2\/pages"}],"about":[{"href":"https:\/\/tostancanada.org\/fr\/wp-json\/wp\/v2\/types\/page"}],"author":[{"embeddable":true,"href":"https:\/\/tostancanada.org\/fr\/wp-json\/wp\/v2\/users\/10"}],"replies":[{"embeddable":true,"href":"https:\/\/tostancanada.org\/fr\/wp-json\/wp\/v2\/comments?post=49749"}],"version-history":[{"count":15,"href":"https:\/\/tostancanada.org\/fr\/wp-json\/wp\/v2\/pages\/49749\/revisions"}],"predecessor-version":[{"id":51107,"href":"https:\/\/tostancanada.org\/fr\/wp-json\/wp\/v2\/pages\/49749\/revisions\/51107"}],"up":[{"embeddable":true,"href":"https:\/\/tostancanada.org\/fr\/wp-json\/wp\/v2\/pages\/49730"}],"wp:attachment":[{"href":"https:\/\/tostancanada.org\/fr\/wp-json\/wp\/v2\/media?parent=49749"}],"curies":[{"name":"wp","href":"https:\/\/api.w.org\/{rel}","templated":true}]}}