{"id":49753,"date":"2022-12-20T15:14:22","date_gmt":"2022-12-20T15:14:22","guid":{"rendered":"https:\/\/tostancanada.org\/a-propos\/our-history\/"},"modified":"2023-09-22T01:55:44","modified_gmt":"2023-09-22T01:55:44","slug":"notre-histoire","status":"publish","type":"page","link":"https:\/\/tostancanada.org\/fr\/a-propos\/notre-histoire\/","title":{"rendered":"Notre Histoire"},"content":{"rendered":"<p>[et_pb_section fb_built=&#8221;1&#8243; _builder_version=&#8221;4.21.0&#8243; _module_preset=&#8221;default&#8221; use_background_color_gradient=&#8221;on&#8221; background_color_gradient_stops=&#8221;rgba(255,255,255,0) 21%|#0a0a0a 100%&#8221; background_image=&#8221;https:\/\/tostancanada.org\/wp-content\/uploads\/history.png&#8221; custom_padding=&#8221;247px||0px||false|false&#8221; bottom_divider_color=&#8221;#9B5BA5&#8243; bottom_divider_height=&#8221;141px&#8221; bottom_divider_repeat=&#8221;1x&#8221; bottom_divider_flip=&#8221;vertical&#8221; global_colors_info=&#8221;{}&#8221;][et_pb_row _builder_version=&#8221;4.21.0&#8243; _module_preset=&#8221;default&#8221; background_enable_color=&#8221;off&#8221; background_image=&#8221;https:\/\/tostancanada.org\/wp-content\/uploads\/wave-purple-1.png&#8221; width=&#8221;100%&#8221; max_width=&#8221;100%&#8221; module_alignment=&#8221;center&#8221; height=&#8221;20%&#8221; custom_margin=&#8221;||||false|false&#8221; custom_padding=&#8221;65px||65px||true|false&#8221; global_colors_info=&#8221;{}&#8221;][et_pb_column type=&#8221;4_4&#8243; _builder_version=&#8221;4.19.3&#8243; _module_preset=&#8221;default&#8221; global_colors_info=&#8221;{}&#8221;][et_pb_text _builder_version=&#8221;4.21.0&#8243; _module_preset=&#8221;default&#8221; text_font=&#8221;||||||||&#8221; header_font=&#8221;|800|||||||&#8221; header_font_size=&#8221;50px&#8221; background_layout=&#8221;dark&#8221; width=&#8221;50%&#8221; module_alignment=&#8221;center&#8221; custom_margin=&#8221;||||false|false&#8221; custom_padding=&#8221;59px||2px||false|false&#8221; global_colors_info=&#8221;{}&#8221;]<\/p>\n<h1 style=\"text-align: center;\">Notre histoire<\/h1>\n<p>[\/et_pb_text][\/et_pb_column][\/et_pb_row][\/et_pb_section][et_pb_section fb_built=&#8221;1&#8243; _builder_version=&#8221;4.19.3&#8243; _module_preset=&#8221;default&#8221; global_colors_info=&#8221;{}&#8221;][et_pb_row _builder_version=&#8221;4.19.4&#8243; _module_preset=&#8221;default&#8221; width=&#8221;60%&#8221; module_alignment=&#8221;center&#8221; global_colors_info=&#8221;{}&#8221;][et_pb_column type=&#8221;4_4&#8243; _builder_version=&#8221;4.19.4&#8243; _module_preset=&#8221;default&#8221; global_colors_info=&#8221;{}&#8221;][et_pb_text _builder_version=&#8221;4.21.0&#8243; _module_preset=&#8221;default&#8221; global_colors_info=&#8221;{}&#8221;]<\/p>\n<h3 style=\"text-align: center;\">Tostan Canada a \u00e9t\u00e9 fond\u00e9 en 2012. Des Canadiens partout \u00e0 travers le pays soutiennent g\u00e9n\u00e9reusement la diffusion de l\u2019\u00e9ducation des droits humains et l&#8217;apprentissage de comp\u00e9tences pratiques\u00a0dans des milliers de communaut\u00e9s rurales en Afrique de l\u2019Ouest.<\/h3>\n<p style=\"text-align: center;\">Gr\u00e2ce \u00e0 leur succ\u00e8s et \u00e0 leur capacit\u00e9 unique de cr\u00e9er un changement durable dirig\u00e9 par les communaut\u00e9s elles-m\u00eames, les programmes de Tostan sont \u00e9tablis en 22 langues \u00e0 travers huit pays africains et sont soutenus au niveau local, national et international.<\/p>\n<p>[\/et_pb_text][\/et_pb_column][\/et_pb_row][et_pb_row column_structure=&#8221;3_5,2_5&#8243; _builder_version=&#8221;4.19.4&#8243; _module_preset=&#8221;default&#8221; global_colors_info=&#8221;{}&#8221;][et_pb_column type=&#8221;3_5&#8243; _builder_version=&#8221;4.19.4&#8243; _module_preset=&#8221;default&#8221; global_colors_info=&#8221;{}&#8221;][et_pb_text _builder_version=&#8221;4.21.0&#8243; _module_preset=&#8221;default&#8221; header_3_font=&#8221;|700||on|||||&#8221; global_colors_info=&#8221;{}&#8221;]<\/p>\n<h3>Les d\u00e9buts de Tostan<\/h3>\n<p>Avant la cr\u00e9ation de Tostan en 1991, Molly Melching, sa fondatrice, vivait au S\u00e9n\u00e9gal depuis 1974. Non seulement avait-elle \u00e9t\u00e9 t\u00e9moin de la sagesse profonde et de la force int\u00e9rieure des gens vivant dans des conditions difficiles au sein des communaut\u00e9s rurales, mais c\u2019est en apprenant \u00e0 parler le Wolof qu\u2019elle a saisi la culture, les proverbes et les mots cl\u00e9s qui expriment leurs valeurs.<\/p>\n<p>S\u2019appuyant fortement sur les conseils de la communaut\u00e9, Molly a cr\u00e9\u00e9 un nouveau type de programme de d\u00e9veloppement : le Programme de Renforcement des Capacit\u00e9s Communautaires (PRCC). Ce programme de trois ans engage les communaut\u00e9s de mani\u00e8re respectueuse en travaillant dans leur propre langue, et en utilisant leurs m\u00e9thodes d\u2019enseignement traditionnelles, dont la chanson, la narration de contes et la danse, tout en s&#8217;appuyant fortement sur les commentaires et les suggestions des membres de la communaut\u00e9. Ce programme a permis aux communaut\u00e9s non seulement d&#8217;acqu\u00e9rir de nouvelles connaissances mais aussi de s\u2019approprier du processus de d\u00e9veloppement, permettant ainsi aux communaut\u00e9s de r\u00e9aliser leur propre potentiel. <\/p>\n<p>[\/et_pb_text][\/et_pb_column][et_pb_column type=&#8221;2_5&#8243; _builder_version=&#8221;4.19.4&#8243; _module_preset=&#8221;default&#8221; global_colors_info=&#8221;{}&#8221;][et_pb_image src=&#8221;https:\/\/tostancanada.org\/wp-content\/uploads\/18_small_group_work._rpp_sharing_seminar_with_religious_leaders._kolda_sn_6_mar_2014_2.jpg&#8221; title_text=&#8221;18_small_group_work._rpp_sharing_seminar_with_religious_leaders._kolda_sn_6_mar_2014_2&#8243; _builder_version=&#8221;4.20.0&#8243; _module_preset=&#8221;default&#8221; global_colors_info=&#8221;{}&#8221;][\/et_pb_image][\/et_pb_column][\/et_pb_row][et_pb_row column_structure=&#8221;2_5,3_5&#8243; _builder_version=&#8221;4.19.4&#8243; _module_preset=&#8221;default&#8221; global_colors_info=&#8221;{}&#8221;][et_pb_column type=&#8221;2_5&#8243; _builder_version=&#8221;4.19.4&#8243; _module_preset=&#8221;default&#8221; global_colors_info=&#8221;{}&#8221;][et_pb_image src=&#8221;https:\/\/tostancanada.org\/wp-content\/uploads\/8268530465_f0c3fa7fc9_o.png&#8221; title_text=&#8221;8268530465_f0c3fa7fc9_o&#8221; _builder_version=&#8221;4.20.0&#8243; _module_preset=&#8221;default&#8221; global_colors_info=&#8221;{}&#8221;][\/et_pb_image][\/et_pb_column][et_pb_column type=&#8221;3_5&#8243; _builder_version=&#8221;4.19.4&#8243; _module_preset=&#8221;default&#8221; global_colors_info=&#8221;{}&#8221;][et_pb_text _builder_version=&#8221;4.21.0&#8243; _module_preset=&#8221;default&#8221; header_3_font=&#8221;|700||on|||||&#8221; global_colors_info=&#8221;{}&#8221;]<\/p>\n<h3>Une transformation puissante<\/h3>\n<p>Tostan a \u00e9t\u00e9 choisi comme nom de l\u2019organisation puisque le mot signifie \u201c\u00e9closion.\u201d en Wolof . Tostan est un nom qui incarne la transformation puissante qui se produit dans les communaut\u00e9s qui adoptent et mettent en application les opportunit\u00e9s d\u2019apprentissage offertes par ce programme de d\u00e9veloppement unique. Les principaux succ\u00e8s du programme au S\u00e9n\u00e9gal se sont \u00e9tendus aux r\u00e9gions environnantes, ce qui a amen\u00e9 des communaut\u00e9s au Mali, en Gambie, en Guin\u00e9e, en Mauritanie, en Guin\u00e9e-Bissau, et m\u00eame au Djibouti et en Somalie, \u00e0 demander \u00e0 Tostan de partager son approche et ses programmes de d\u00e9veloppement.<\/p>\n<p>Les programmes communautaires de Tostan ont entra\u00een\u00e9 des changements sociaux \u00e0 grande \u00e9chelle, notamment une augmentation significative du leadership chez les femmes, un mouvement pour \u00e9liminer l\u2019excision en Afrique de l\u2019Ouest, un mouvement pour mettre fin aux mariages d\u2019enfants et aux mariages forc\u00e9s, et une r\u00e9duction de la violence domestique.<\/p>\n<p>[\/et_pb_text][\/et_pb_column][\/et_pb_row][et_pb_row column_structure=&#8221;3_5,2_5&#8243; _builder_version=&#8221;4.19.4&#8243; _module_preset=&#8221;default&#8221; global_colors_info=&#8221;{}&#8221;][et_pb_column type=&#8221;3_5&#8243; _builder_version=&#8221;4.19.4&#8243; _module_preset=&#8221;default&#8221; global_colors_info=&#8221;{}&#8221;][et_pb_text _builder_version=&#8221;4.21.0&#8243; _module_preset=&#8221;default&#8221; header_3_font=&#8221;|700||on|||||&#8221; global_colors_info=&#8221;{}&#8221;]<\/p>\n<h3>Impact \u00e0 grande \u00e9chelle<\/h3>\n<p>L\u2019approche de Tostan par rapport \u00e0 l\u2019abandon de l\u2019excision a \u00e9t\u00e9 int\u00e9gr\u00e9e au sein des agences de l\u2019ONU et des cadres gouvernementaux. Au S\u00e9n\u00e9gal, le gouvernement a adopt\u00e9 un plan d\u2019action national qui place l\u2019approche de Tostan bas\u00e9e sur les droits humains au centre de ses plans visant \u00e0 mettre fin \u00e0 l\u2019excision dans le pays.<\/p>\n<p>Aujourd\u2019hui, Tostan continue \u00e0 adopter les valeurs d\u2019humilit\u00e9, d\u2019inclusivit\u00e9, et d\u2019esprit communautaire sous la direction de sa PDG, Elena Bonometti. La direction africaine au coeur de l\u2019organisation b\u00e2tie pr\u00e9sentement des syst\u00e8mes solides et efficaces afin d\u2019assurer un succ\u00e8s continu. Tostan insuffle un changement positif sur le terrain, et partage son approche unique avec d\u2019autres organisations \u00e0 but non lucratif.<\/p>\n<p>[\/et_pb_text][et_pb_button button_url=&#8221;https:\/\/tostan.org\/fr\/a-propos\/mission-history\/&#8221; url_new_window=&#8221;on&#8221; button_text=&#8221;En savoir plus sur l\u2019histoire de Tostan&#8221; _builder_version=&#8221;4.21.0&#8243; _module_preset=&#8221;default&#8221; global_colors_info=&#8221;{}&#8221;][\/et_pb_button][\/et_pb_column][et_pb_column type=&#8221;2_5&#8243; _builder_version=&#8221;4.19.4&#8243; _module_preset=&#8221;default&#8221; global_colors_info=&#8221;{}&#8221;][et_pb_image src=&#8221;https:\/\/tostancanada.org\/wp-content\/uploads\/37_group_photo._sare_subam._kolda_sn._24_mar_2014_1280x960_0.jpg&#8221; title_text=&#8221;37_group_photo._sare_subam._kolda_sn._24_mar_2014_1280x960_0&#8243; _builder_version=&#8221;4.20.0&#8243; _module_preset=&#8221;default&#8221; global_colors_info=&#8221;{}&#8221;][\/et_pb_image][\/et_pb_column][\/et_pb_row][\/et_pb_section]<\/p>\n","protected":false},"excerpt":{"rendered":"<p>Notre histoireTostan Canada a \u00e9t\u00e9 fond\u00e9 en 2012. Des Canadiens partout \u00e0 travers le pays soutiennent g\u00e9n\u00e9reusement la diffusion de l\u2019\u00e9ducation des droits humains et l&#8217;apprentissage de comp\u00e9tences pratiques\u00a0dans des milliers de communaut\u00e9s rurales en Afrique de l\u2019Ouest. Gr\u00e2ce \u00e0 leur succ\u00e8s et \u00e0 leur capacit\u00e9 unique de cr\u00e9er un changement durable dirig\u00e9 par les [&hellip;]<\/p>\n","protected":false},"author":10,"featured_media":0,"parent":49730,"menu_order":0,"comment_status":"closed","ping_status":"closed","template":"","meta":{"_et_pb_use_builder":"on","_et_pb_old_content":"","_et_gb_content_width":"","footnotes":""},"class_list":["post-49753","page","type-page","status-publish","hentry"],"aioseo_notices":[],"_links":{"self":[{"href":"https:\/\/tostancanada.org\/fr\/wp-json\/wp\/v2\/pages\/49753","targetHints":{"allow":["GET"]}}],"collection":[{"href":"https:\/\/tostancanada.org\/fr\/wp-json\/wp\/v2\/pages"}],"about":[{"href":"https:\/\/tostancanada.org\/fr\/wp-json\/wp\/v2\/types\/page"}],"author":[{"embeddable":true,"href":"https:\/\/tostancanada.org\/fr\/wp-json\/wp\/v2\/users\/10"}],"replies":[{"embeddable":true,"href":"https:\/\/tostancanada.org\/fr\/wp-json\/wp\/v2\/comments?post=49753"}],"version-history":[{"count":6,"href":"https:\/\/tostancanada.org\/fr\/wp-json\/wp\/v2\/pages\/49753\/revisions"}],"predecessor-version":[{"id":50073,"href":"https:\/\/tostancanada.org\/fr\/wp-json\/wp\/v2\/pages\/49753\/revisions\/50073"}],"up":[{"embeddable":true,"href":"https:\/\/tostancanada.org\/fr\/wp-json\/wp\/v2\/pages\/49730"}],"wp:attachment":[{"href":"https:\/\/tostancanada.org\/fr\/wp-json\/wp\/v2\/media?parent=49753"}],"curies":[{"name":"wp","href":"https:\/\/api.w.org\/{rel}","templated":true}]}}