{"id":49760,"date":"2022-12-20T22:16:56","date_gmt":"2022-12-20T22:16:56","guid":{"rendered":"https:\/\/tostancanada.org\/zones-impact\/education\/"},"modified":"2023-10-03T20:26:12","modified_gmt":"2023-10-03T20:26:12","slug":"education","status":"publish","type":"page","link":"https:\/\/tostancanada.org\/fr\/zones-impact\/education\/","title":{"rendered":"\u00c9ducation"},"content":{"rendered":"<p>[et_pb_section fb_built=&#8221;1&#8243; _builder_version=&#8221;4.21.0&#8243; _module_preset=&#8221;default&#8221; use_background_color_gradient=&#8221;on&#8221; background_color_gradient_stops=&#8221;rgba(255,255,255,0) 21%|#0a0a0a 100%&#8221; background_image=&#8221;https:\/\/tostancanada.org\/wp-content\/uploads\/education.png&#8221; custom_padding=&#8221;247px||0px||false|false&#8221; bottom_divider_color=&#8221;#9B5BA5&#8243; bottom_divider_height=&#8221;141px&#8221; bottom_divider_repeat=&#8221;1x&#8221; bottom_divider_flip=&#8221;vertical&#8221; global_colors_info=&#8221;{}&#8221;][et_pb_row _builder_version=&#8221;4.19.4&#8243; _module_preset=&#8221;default&#8221; background_enable_color=&#8221;off&#8221; background_image=&#8221;https:\/\/tostancanada.org\/wp-content\/uploads\/wave-blue.png&#8221; width=&#8221;100%&#8221; max_width=&#8221;100%&#8221; module_alignment=&#8221;center&#8221; height=&#8221;20%&#8221; custom_margin=&#8221;||||false|false&#8221; custom_padding=&#8221;65px||65px||true|false&#8221; global_colors_info=&#8221;{}&#8221;][et_pb_column type=&#8221;4_4&#8243; _builder_version=&#8221;4.19.3&#8243; _module_preset=&#8221;default&#8221; global_colors_info=&#8221;{}&#8221;][et_pb_text _builder_version=&#8221;4.21.0&#8243; _module_preset=&#8221;default&#8221; text_font=&#8221;||||||||&#8221; header_font=&#8221;|800|||||||&#8221; header_font_size=&#8221;50px&#8221; background_layout=&#8221;dark&#8221; width=&#8221;100%&#8221; width_tablet=&#8221;100%&#8221; width_phone=&#8221;100%&#8221; width_last_edited=&#8221;on|desktop&#8221; module_alignment=&#8221;center&#8221; custom_margin=&#8221;||||false|false&#8221; custom_padding=&#8221;59px||2px||false|false&#8221; global_colors_info=&#8221;{}&#8221;]<\/p>\n<h1 style=\"text-align: center;\">L&#8217;\u00e9ducation<\/h1>\n<p>[\/et_pb_text][\/et_pb_column][\/et_pb_row][\/et_pb_section][et_pb_section fb_built=&#8221;1&#8243; _builder_version=&#8221;4.19.3&#8243; _module_preset=&#8221;default&#8221; global_colors_info=&#8221;{}&#8221;][et_pb_row _builder_version=&#8221;4.19.4&#8243; _module_preset=&#8221;default&#8221; width=&#8221;60%&#8221; module_alignment=&#8221;center&#8221; global_colors_info=&#8221;{}&#8221;][et_pb_column type=&#8221;4_4&#8243; _builder_version=&#8221;4.19.4&#8243; _module_preset=&#8221;default&#8221; global_colors_info=&#8221;{}&#8221;][et_pb_text _builder_version=&#8221;4.21.0&#8243; _module_preset=&#8221;default&#8221; global_colors_info=&#8221;{}&#8221;]<\/p>\n<h3 style=\"text-align: center;\"><strong>4 millions de d\u00e9c\u00e8s d\u2019enfants au cours des 40 derni\u00e8res ann\u00e9es [au niveau mondial] ont \u00e9t\u00e9 \u00e9vit\u00e9s gr\u00e2ce \u00e0 l\u2019am\u00e9lioration de l\u2019\u00e9ducation des femmes.<\/strong><\/h3>\n<p><strong><\/strong><\/p>\n<p style=\"text-align: center;\"><strong>Et pourtant\u2026<\/strong><\/p>\n<h3 style=\"text-align: center;\"><strong>1 femme sur 3 en Afrique subsaharienne ne termine pas l\u2019\u00e9cole primaire.<\/strong><\/h3>\n<p>[\/et_pb_text][\/et_pb_column][\/et_pb_row][et_pb_row column_structure=&#8221;2_5,3_5&#8243; _builder_version=&#8221;4.19.4&#8243; _module_preset=&#8221;default&#8221; global_colors_info=&#8221;{}&#8221;][et_pb_column type=&#8221;2_5&#8243; _builder_version=&#8221;4.19.4&#8243; _module_preset=&#8221;default&#8221; global_colors_info=&#8221;{}&#8221;][et_pb_text _builder_version=&#8221;4.19.4&#8243; _module_preset=&#8221;default&#8221; header_3_font=&#8221;|700||on|||||&#8221; global_colors_info=&#8221;{}&#8221;]<\/p>\n<p style=\"text-align: center;\">Le programme de trois ans de Tostan est souvent la seule \u00e9ducation que les villageois re\u00e7oivent. De plus, il enseigne aux parents l\u2019importance d\u2019envoyer leurs enfants \u00e0 l\u2019\u00e9cole.<\/p>\n<p>[\/et_pb_text][et_pb_button button_url=&#8221;https:\/\/tostancanada.org\/fr\/facons-de-donner\/&#8221; button_text=&#8221;Joignez-vous \u00e0 nous&#8221; button_alignment=&#8221;center&#8221; _builder_version=&#8221;4.21.0&#8243; _module_preset=&#8221;default&#8221; global_colors_info=&#8221;{}&#8221;][\/et_pb_button][\/et_pb_column][et_pb_column type=&#8221;3_5&#8243; _builder_version=&#8221;4.19.4&#8243; _module_preset=&#8221;default&#8221; global_colors_info=&#8221;{}&#8221;][et_pb_testimonial author=&#8221;- Ngozi Okonjo-Iweala, directrice g\u00e9n\u00e9rale de l&#8217;Organisation mondiale du commerce,  et Sheikha Lubna Al Qasimi, ancienne ministre d&#8217;\u00c9tat aux \u00c9mirats arabes unis.&#8221; quote_icon_color=&#8221;#9B5BA5&#8243; quote_icon_background_color=&#8221;#F4F7EC&#8221; _builder_version=&#8221;4.21.0&#8243; _module_preset=&#8221;default&#8221; background_color=&#8221;#F4F7EC&#8221; global_colors_info=&#8221;{}&#8221;]<\/p>\n<p style=\"text-align: center;\">\u00ab L&#8217;\u00e9ducation d&#8217;une fille c\u2019est beaucoup plus que de l\u2019asseoir sur un banc d\u2019\u00e9cole. C\u2019est le moyen le plus s\u00fbr de r\u00e9duire le taux de mortalit\u00e9 infantile, d\u2019att\u00e9nuer les taux de natalit\u00e9 \u00e9lev\u00e9s, de ralentir les pressions migratoires, et de lib\u00e9rer le potentiel \u00e9conomique. \u00bb<\/p>\n<p>[\/et_pb_testimonial][\/et_pb_column][\/et_pb_row][et_pb_row _builder_version=&#8221;4.19.4&#8243; _module_preset=&#8221;default&#8221; global_colors_info=&#8221;{}&#8221;][et_pb_column type=&#8221;4_4&#8243; _builder_version=&#8221;4.19.4&#8243; _module_preset=&#8221;default&#8221; global_colors_info=&#8221;{}&#8221;][et_pb_text _builder_version=&#8221;4.21.0&#8243; _module_preset=&#8221;default&#8221; header_3_font=&#8221;|700||on|||||&#8221; global_colors_info=&#8221;{}&#8221;]<\/p>\n<h3 style=\"text-align: center;\">L&#8217;\u00e9ducation est au coeur du travail de Tostan. <\/h3>\n<p>[\/et_pb_text][\/et_pb_column][\/et_pb_row][et_pb_row column_structure=&#8221;3_5,2_5&#8243; _builder_version=&#8221;4.19.4&#8243; _module_preset=&#8221;default&#8221; global_colors_info=&#8221;{}&#8221;][et_pb_column type=&#8221;3_5&#8243; _builder_version=&#8221;4.19.4&#8243; _module_preset=&#8221;default&#8221; global_colors_info=&#8221;{}&#8221;][et_pb_testimonial author=&#8221;- Hawa, fille de 14 ans de Sare Mamudou en Gambie &#8221; quote_icon_color=&#8221;#9B5BA5&#8243; quote_icon_background_color=&#8221;#F4F7EC&#8221; _builder_version=&#8221;4.21.0&#8243; _module_preset=&#8221;default&#8221; background_color=&#8221;#F4F7EC&#8221; global_colors_info=&#8221;{}&#8221;]<\/p>\n<p style=\"text-align: center;\">\u00ab J\u2019ai \u00e9t\u00e9 tr\u00e8s heureuse aujourd\u2019hui d\u2019apprendre que je serai plac\u00e9e en septi\u00e8me ann\u00e9e. Sans le soutien de ma communaut\u00e9, j\u2019aurais d\u00e9croch\u00e9 et je serais devenue vuln\u00e9rable \u2013 sans \u00e9ducation, sans opportunit\u00e9s, et possiblement forc\u00e9e \u00e0 me marier. Je souhaite que toutes les filles comme moi puissent profiter de cette chance. Mon grand fr\u00e8re a l\u00e2ch\u00e9 l\u2019\u00e9cole \u00e0 cause de probl\u00e8mes financiers. \u00c0 l\u2019\u00e9poque, nous n\u2019avions pas Tostan dans notre communaut\u00e9. \u00bb<\/p>\n<p>[\/et_pb_testimonial][\/et_pb_column][et_pb_column type=&#8221;2_5&#8243; _builder_version=&#8221;4.19.4&#8243; _module_preset=&#8221;default&#8221; global_colors_info=&#8221;{}&#8221;][et_pb_text _builder_version=&#8221;4.21.0&#8243; _module_preset=&#8221;default&#8221; global_colors_info=&#8221;{}&#8221;]<\/p>\n<p><strong>L\u2019impact de Tostan est remarquable, notamment dans deux domaines cl\u00e9s:<\/strong> <\/p>\n<ul>\n<li style=\"font-weight: 400;\" aria-level=\"1\"><span style=\"font-weight: 400;\">Nous offrons une \u00e9ducation de base aux adultes<\/span><\/li>\n<li>\n<p>Nous aidons \u00e0 garder les filles \u00e0 l\u2019\u00e9cole plus longtemps<\/p>\n<\/li>\n<\/ul>\n<p>[\/et_pb_text][et_pb_button button_url=&#8221;https:\/\/tostan.org\/fr\/communaute-soutient-education-hawa\/&#8221; url_new_window=&#8221;on&#8221; button_text=&#8221;Lisez l\u2019histoire de Hawa&#8221; _builder_version=&#8221;4.21.0&#8243; _module_preset=&#8221;default&#8221; global_colors_info=&#8221;{}&#8221;][\/et_pb_button][\/et_pb_column][\/et_pb_row][et_pb_row _builder_version=&#8221;4.19.4&#8243; _module_preset=&#8221;default&#8221; width=&#8221;55%&#8221; module_alignment=&#8221;center&#8221; global_colors_info=&#8221;{}&#8221;][et_pb_column type=&#8221;4_4&#8243; _builder_version=&#8221;4.19.4&#8243; _module_preset=&#8221;default&#8221; global_colors_info=&#8221;{}&#8221;][et_pb_text _builder_version=&#8221;4.21.0&#8243; _module_preset=&#8221;default&#8221; global_colors_info=&#8221;{}&#8221;]<\/p>\n<p>En faisant un don aujourd\u2019hui, vous contribuez \u00e0 la r\u00e9alisation de l&#8217;objectif de d\u00e9veloppement social relatif \u00e0 l&#8217;\u00e9ducation qui consiste \u00e0 faire en sorte que tous les jeunes et une proportion importante d&#8217;adultes, hommes et femmes, sachent lire, \u00e9crire et compter.<\/p>\n<p><strong>Savoir lire, \u00e9crire et compter permet aux gens:<\/strong><\/p>\n<ul>\n<li>d\u2019utiliser les banques<\/li>\n<li>de g\u00e9rer de petites entreprises gr\u00e2ce au microcr\u00e9dit, r\u00e9duisant ainsi les cas d&#8217;extr\u00eame pauvret\u00e9<\/li>\n<li>de jouir d\u2019une meilleure sant\u00e9 et d\u2019un plus grand bien-\u00eatre tout au long de leur vie<\/li>\n<li>d\u2019attendre \u00e0 l\u2019\u00e2ge adulte pour se marier et avoir des enfants<\/li>\n<li>de devenir des d\u00e9fenseurs de leur communaut\u00e9s et de l\u2019engagement civique<\/li>\n<\/ul>\n<p>L\u2019alphab\u00e9tisation et l\u2019apprentissage du calcul procurent des sentiments d\u2019autonomisation, de fiert\u00e9 et de dignit\u00e9. De plus, l\u2019\u00e9ducation des femmes a un impact consid\u00e9rable \u2060\u2014 allant d\u2019un plus grand engagement civique \u00e0 un changement de comportement li\u00e9 au climat.<\/p>\n<p>Joignez-vous \u00e0 notre communaut\u00e9 globale grandissante qui se rallie \u00e0 la cause de l\u2019\u00e9ducation et de la dignit\u00e9 pour tous. Votre investissement contribuera au mod\u00e8le d&#8217;autonomisation communautaire le plus innovant.<\/p>\n<p><a href=\"https:\/\/tostan.org\/fr\/zones-dimpact\/education\/\">En savoir plus<\/a><\/p>\n<p>[\/et_pb_text][\/et_pb_column][\/et_pb_row][et_pb_row column_structure=&#8221;3_5,2_5&#8243; _builder_version=&#8221;4.19.4&#8243; _module_preset=&#8221;default&#8221; global_colors_info=&#8221;{}&#8221;][et_pb_column type=&#8221;3_5&#8243; _builder_version=&#8221;4.19.4&#8243; _module_preset=&#8221;default&#8221; global_colors_info=&#8221;{}&#8221;][et_pb_text _builder_version=&#8221;4.21.0&#8243; _module_preset=&#8221;default&#8221; global_colors_info=&#8221;{}&#8221;]<\/p>\n<p>La plupart des mod\u00e8les d\u2019\u00e9ducation de base restent petits ou luttent contre la bureaucratie et l\u2019\u00e9loignement de la mission qui r\u00e9sultent souvent des pressions op\u00e9rationnelles que peuvent ressentir certaines organisations. En revanche, Tostan, propose un mod\u00e8le de collaboration \u00e0 grande \u00e9chelle qui se concentre sur le bien-\u00eatre communautaire et est mis en oeuvre gr\u00e2ce \u00e0 des partenariats significatifs avec des communaut\u00e9s, des gouvernements, et des partenaires au niveau local et mondial.<\/p>\n<p>Tostan, a partag\u00e9 son approche avec plusieurs organismes \u00e0 but non lucratif, et d\u00e9veloppe actuellement une formation plus approfondie qui permettra \u00e0 d&#8217;autres organisations \u00e0 but non lucratif de reproduire pleinement ses programmes.<\/p>\n<p><a href=\"https:\/\/tostancanada.org\/fr\/facons-de-donner\/\">Aidez-nous \u00e0 faciliter ces programmes transformateurs<\/a><\/p>\n<p>[\/et_pb_text][\/et_pb_column][et_pb_column type=&#8221;2_5&#8243; _builder_version=&#8221;4.19.4&#8243; _module_preset=&#8221;default&#8221; global_colors_info=&#8221;{}&#8221;][et_pb_text disabled_on=&#8221;on|on|on&#8221; _builder_version=&#8221;4.19.4&#8243; _module_preset=&#8221;default&#8221; disabled=&#8221;on&#8221; global_colors_info=&#8221;{}&#8221;]<\/p>\n<p>Graphic to represent <b>Quality education breaks cycles of poverty | Communities are driving sustainable change <\/b><\/p>\n<p>[\/et_pb_text][et_pb_button button_url=&#8221;https:\/\/tostancanada.org\/fr\/facons-de-donner\/faire-un-don\/&#8221; button_text=&#8221;Faites un don maintenant &#8221; _builder_version=&#8221;4.21.0&#8243; _module_preset=&#8221;default&#8221; global_colors_info=&#8221;{}&#8221;][\/et_pb_button][\/et_pb_column][\/et_pb_row][\/et_pb_section]<\/p>\n","protected":false},"excerpt":{"rendered":"<p>L&#8217;\u00e9ducation4 millions de d\u00e9c\u00e8s d\u2019enfants au cours des 40 derni\u00e8res ann\u00e9es [au niveau mondial] ont \u00e9t\u00e9 \u00e9vit\u00e9s gr\u00e2ce \u00e0 l\u2019am\u00e9lioration de l\u2019\u00e9ducation des femmes. Et pourtant\u2026 1 femme sur 3 en Afrique subsaharienne ne termine pas l\u2019\u00e9cole primaire.Le programme de trois ans de Tostan est souvent la seule \u00e9ducation que les villageois re\u00e7oivent. De plus, [&hellip;]<\/p>\n","protected":false},"author":10,"featured_media":0,"parent":49757,"menu_order":0,"comment_status":"closed","ping_status":"closed","template":"","meta":{"_et_pb_use_builder":"on","_et_pb_old_content":"","_et_gb_content_width":"","footnotes":""},"class_list":["post-49760","page","type-page","status-publish","hentry"],"aioseo_notices":[],"_links":{"self":[{"href":"https:\/\/tostancanada.org\/fr\/wp-json\/wp\/v2\/pages\/49760","targetHints":{"allow":["GET"]}}],"collection":[{"href":"https:\/\/tostancanada.org\/fr\/wp-json\/wp\/v2\/pages"}],"about":[{"href":"https:\/\/tostancanada.org\/fr\/wp-json\/wp\/v2\/types\/page"}],"author":[{"embeddable":true,"href":"https:\/\/tostancanada.org\/fr\/wp-json\/wp\/v2\/users\/10"}],"replies":[{"embeddable":true,"href":"https:\/\/tostancanada.org\/fr\/wp-json\/wp\/v2\/comments?post=49760"}],"version-history":[{"count":10,"href":"https:\/\/tostancanada.org\/fr\/wp-json\/wp\/v2\/pages\/49760\/revisions"}],"predecessor-version":[{"id":50118,"href":"https:\/\/tostancanada.org\/fr\/wp-json\/wp\/v2\/pages\/49760\/revisions\/50118"}],"up":[{"embeddable":true,"href":"https:\/\/tostancanada.org\/fr\/wp-json\/wp\/v2\/pages\/49757"}],"wp:attachment":[{"href":"https:\/\/tostancanada.org\/fr\/wp-json\/wp\/v2\/media?parent=49760"}],"curies":[{"name":"wp","href":"https:\/\/api.w.org\/{rel}","templated":true}]}}