{"id":49763,"date":"2022-12-20T21:26:00","date_gmt":"2022-12-20T21:26:00","guid":{"rendered":"https:\/\/tostancanada.org\/zones-impact\/human-rights\/"},"modified":"2023-10-03T20:25:13","modified_gmt":"2023-10-03T20:25:13","slug":"droits-humains","status":"publish","type":"page","link":"https:\/\/tostancanada.org\/fr\/zones-impact\/droits-humains\/","title":{"rendered":"Les droits humains"},"content":{"rendered":"<p>[et_pb_section fb_built=&#8221;1&#8243; _builder_version=&#8221;4.21.0&#8243; _module_preset=&#8221;default&#8221; use_background_color_gradient=&#8221;on&#8221; background_color_gradient_stops=&#8221;rgba(255,255,255,0) 21%|#0a0a0a 100%&#8221; background_image=&#8221;https:\/\/tostancanada.org\/wp-content\/uploads\/humanrights-correction.png&#8221; custom_padding=&#8221;250px||0px||false|false&#8221; bottom_divider_color=&#8221;#9B5BA5&#8243; bottom_divider_height=&#8221;141px&#8221; bottom_divider_repeat=&#8221;1x&#8221; bottom_divider_flip=&#8221;vertical&#8221; global_colors_info=&#8221;{}&#8221;][et_pb_row _builder_version=&#8221;4.19.4&#8243; _module_preset=&#8221;default&#8221; background_enable_color=&#8221;off&#8221; background_image=&#8221;https:\/\/tostancanada.org\/wp-content\/uploads\/wave-red.png&#8221; width=&#8221;100%&#8221; max_width=&#8221;100%&#8221; module_alignment=&#8221;center&#8221; height=&#8221;20%&#8221; custom_margin=&#8221;||||false|false&#8221; custom_padding=&#8221;65px||65px||true|false&#8221; global_colors_info=&#8221;{}&#8221;][et_pb_column type=&#8221;4_4&#8243; _builder_version=&#8221;4.19.3&#8243; _module_preset=&#8221;default&#8221; global_colors_info=&#8221;{}&#8221;][et_pb_text _builder_version=&#8221;4.19.4&#8243; _module_preset=&#8221;default&#8221; text_font=&#8221;||||||||&#8221; header_font=&#8221;|800|||||||&#8221; header_font_size=&#8221;50px&#8221; background_layout=&#8221;dark&#8221; width=&#8221;50%&#8221; module_alignment=&#8221;center&#8221; custom_margin=&#8221;||||false|false&#8221; custom_padding=&#8221;59px||2px||false|false&#8221; global_colors_info=&#8221;{}&#8221;]<\/p>\n<h1 style=\"text-align: center;\">Les droits humains <\/h1>\n<p>[\/et_pb_text][\/et_pb_column][\/et_pb_row][\/et_pb_section][et_pb_section fb_built=&#8221;1&#8243; _builder_version=&#8221;4.19.3&#8243; _module_preset=&#8221;default&#8221; global_colors_info=&#8221;{}&#8221;][et_pb_row _builder_version=&#8221;4.19.4&#8243; _module_preset=&#8221;default&#8221; width=&#8221;60%&#8221; module_alignment=&#8221;center&#8221; global_colors_info=&#8221;{}&#8221;][et_pb_column type=&#8221;4_4&#8243; _builder_version=&#8221;4.19.4&#8243; _module_preset=&#8221;default&#8221; global_colors_info=&#8221;{}&#8221;][et_pb_text _builder_version=&#8221;4.19.4&#8243; _module_preset=&#8221;default&#8221; global_colors_info=&#8221;{}&#8221;]<\/p>\n<h3 style=\"text-align: center;\">Tous les \u00eatres humains naissent libres et \u00e9gaux sur le plan de la dignit\u00e9 et des droits humains. Pourtant, la plupart des habitants des communaut\u00e9s rurales pauvres de l\u2019Afrique subsaharienne ne savent m\u00eame pas qu&#8217;ils ont ces droits. La premi\u00e8re \u00e9tape consiste \u00e0 promouvoir ces droits et d\u2019en discuter dans le contexte culturel de chaque village. <\/h3>\n<p>[\/et_pb_text][\/et_pb_column][\/et_pb_row][et_pb_row column_structure=&#8221;3_5,2_5&#8243; _builder_version=&#8221;4.19.4&#8243; _module_preset=&#8221;default&#8221; global_colors_info=&#8221;{}&#8221;][et_pb_column type=&#8221;3_5&#8243; _builder_version=&#8221;4.19.4&#8243; _module_preset=&#8221;default&#8221; global_colors_info=&#8221;{}&#8221;][et_pb_text _builder_version=&#8221;4.19.4&#8243; _module_preset=&#8221;default&#8221; header_3_font=&#8221;|700||on|||||&#8221; global_colors_info=&#8221;{}&#8221;]<\/p>\n<p>Les droits humains ne sont pas efficaces s\u2019ils existent seulement en tant que concepts abstraits. Ce n&#8217;est que lorsqu&#8217;ils peuvent \u00eatre reli\u00e9s \u00e0 la fa\u00e7on dont les gens vivent r\u00e9ellement leur vie qu&#8217;ils ont du pouvoir et du sens. Une \u00e9ducation de base dans le cadre des droits humains cr\u00e9e une fondation pour l\u2019\u00e9galit\u00e9 et encourage la participation des individus \u00e0 un apprentissage pratique et adapt\u00e9 \u00e0 leur culture.<\/p>\n<p>Lorsque les femmes r\u00e9alisent qu\u2019elles ont le droit d\u2019exprimer leurs opinions, et les hommes apprennent qu\u2019ils ont la responsabilit\u00e9 de prot\u00e9ger ce droit, les femmes commencent \u00e0 prendre la parole pour la premi\u00e8re fois, souvent sur des sujets autrefois consid\u00e9r\u00e9s tabou, avec leur mari ainsi que dans les tribunes publiques.<\/p>\n<p>Une fois que la communaut\u00e9 r\u00e9alise qu\u2019un homme n\u2019a pas le droit de battre sa femme, la violence domestique peut passer d&#8217;une situation banale et accept\u00e9e \u00e0 une situation socialement inacceptable et d\u00e9courag\u00e9e par la communaut\u00e9 \u2013 et ce, en tr\u00e8s peu de temps. <\/p>\n<p>[\/et_pb_text][et_pb_button button_url=&#8221;https:\/\/tostancanada.org\/fr\/spotlight-on-girls-the-marietou-law\/&#8221; button_text=&#8221;Lisez l\u2019histoire de Marietou&#8221; _builder_version=&#8221;4.21.0&#8243; _module_preset=&#8221;default&#8221; global_colors_info=&#8221;{}&#8221;][\/et_pb_button][\/et_pb_column][et_pb_column type=&#8221;2_5&#8243; _builder_version=&#8221;4.19.4&#8243; _module_preset=&#8221;default&#8221; global_colors_info=&#8221;{}&#8221;][et_pb_image src=&#8221;https:\/\/tostancanada.org\/wp-content\/uploads\/Girls-with-Human-Rights-Posters-by-Jonathan-Torgovnik-2015.jpeg&#8221; title_text=&#8221;Girls with Human Rights Posters by Jonathan Torgovnik 2015&#8243; _builder_version=&#8221;4.21.0&#8243; _module_preset=&#8221;default&#8221; global_colors_info=&#8221;{}&#8221;][\/et_pb_image][\/et_pb_column][\/et_pb_row][et_pb_row column_structure=&#8221;2_5,3_5&#8243; _builder_version=&#8221;4.19.4&#8243; _module_preset=&#8221;default&#8221; global_colors_info=&#8221;{}&#8221;][et_pb_column type=&#8221;2_5&#8243; _builder_version=&#8221;4.19.4&#8243; _module_preset=&#8221;default&#8221; global_colors_info=&#8221;{}&#8221;][et_pb_video src=&#8221;https:\/\/www.youtube.com\/watch?v=btTAeuALFcY&#8221; _builder_version=&#8221;4.21.0&#8243; _module_preset=&#8221;default&#8221; global_colors_info=&#8221;{}&#8221;][\/et_pb_video][\/et_pb_column][et_pb_column type=&#8221;3_5&#8243; _builder_version=&#8221;4.19.4&#8243; _module_preset=&#8221;default&#8221; global_colors_info=&#8221;{}&#8221;][et_pb_text _builder_version=&#8221;4.21.0&#8243; _module_preset=&#8221;default&#8221; header_3_font=&#8221;|700||on|||||&#8221; global_colors_info=&#8221;{}&#8221;]<\/p>\n<p>Une fois que les gens deviennent plus habiles \u00e0 discerner quelles actions prot\u00e8gent les droits humains et lesquelles les mettent \u00e0 risque, les communaut\u00e9s commencent souvent \u00e0 remettre en question les normes et les traditions de leur soci\u00e9t\u00e9. Avec une meilleure compr\u00e9hension de l\u2019importance de la protection des droits humains, les communaut\u00e9s sont mieux \u00e9quip\u00e9es pour prendre collectivement des d\u00e9cisions qui affectent le bien-\u00eatre de chaque personne.<\/p>\n<p>L&#8217;apprentissage du droit \u00e0 la sant\u00e9 am\u00e8ne les communaut\u00e9s \u00e0 remettre en question la pratique de l\u2019excision et du mariage d\u2019enfants, puisque ces pratiques menacent la sant\u00e9 des femmes et des filles et entra\u00eenent une augmentation de la mortalit\u00e9 infantile. \u00c0 ce jour, plus de 8,000 communaut\u00e9s \u00e0 travers l\u2019Afrique ont abandonn\u00e9 l\u2019excision, les mariages forc\u00e9s et les mariages d&#8217;enfants apr\u00e8s avoir acquis une connaissance approfondie de leurs droits fondamentaux gr\u00e2ce au programme PRCC de Tostan.<\/p>\n<p><a href=\"https:\/\/youtu.be\/HazQnLRRdFk\">Visionnez une vid\u00e9o sur les alli\u00e9s inattendus qui plaident pour mettre fin \u00e0 l\u2019excision. <br \/>(Vid\u00e9o disponible en anglais seulement)<\/a><\/p>\n<p>[\/et_pb_text][\/et_pb_column][\/et_pb_row][et_pb_row _builder_version=&#8221;4.19.4&#8243; _module_preset=&#8221;default&#8221; global_colors_info=&#8221;{}&#8221;][et_pb_column type=&#8221;4_4&#8243; _builder_version=&#8221;4.19.4&#8243; _module_preset=&#8221;default&#8221; global_colors_info=&#8221;{}&#8221;][et_pb_text _builder_version=&#8221;4.19.4&#8243; _module_preset=&#8221;default&#8221; header_3_font=&#8221;|700||on|||||&#8221; global_colors_info=&#8221;{}&#8221;]<\/p>\n<p style=\"text-align: center;\"><strong>Une fois que les communaut\u00e9s comprennent collectivement qu\u2019une meilleure connaissance des droits humains s\u2019accompagne de la responsabilit\u00e9 de d\u00e9fendre les droits d\u2019autrui, les puissants comme les marginalis\u00e9s peuvent revendiquer leurs droits et les promouvoir activement pour l\u2019ensemble de la communaut\u00e9. <\/strong><\/p>\n<p style=\"text-align: center;\">Sachant que chaque personne a le droit de participer au gouvernement de son pays \u2013 que ce soit directement ou en votant \u2013 les communaut\u00e9s pauvres reconnaissent la valeur d\u2019enregistrer les naissances, de participer aux \u00e9lections et d&#8217;exiger des repr\u00e9sentants du gouvernement qu&#8217;ils rendent des comptes. Ceci facilite un acc\u00e8s plus \u00e9quitable aux services publiques. Gr\u00e2ce \u00e0 Tostan, plus de 110,000 individus avec un acc\u00e8s limit\u00e9 \u00e0 l\u2019\u00e9ducation formelle dans les zones rurales de l\u2019Afrique subsaharienne ont acquis les connaissances essentielles et les comp\u00e9tences requises pour pouvoir prendre de bonnes d\u00e9cisions de gouvernance et appliquer les principes de la d\u00e9mocratie. <\/p>\n<p>[\/et_pb_text][\/et_pb_column][\/et_pb_row][\/et_pb_section][et_pb_section fb_built=&#8221;1&#8243; _builder_version=&#8221;4.19.4&#8243; _module_preset=&#8221;default&#8221; background_color=&#8221;#F4F7EC&#8221; global_colors_info=&#8221;{}&#8221;][et_pb_row _builder_version=&#8221;4.19.4&#8243; _module_preset=&#8221;default&#8221; custom_padding=&#8221;3px||0px||false|false&#8221; global_colors_info=&#8221;{}&#8221;][et_pb_column type=&#8221;4_4&#8243; _builder_version=&#8221;4.19.4&#8243; _module_preset=&#8221;default&#8221; global_colors_info=&#8221;{}&#8221;][et_pb_text _builder_version=&#8221;4.21.0&#8243; _module_preset=&#8221;default&#8221; custom_padding=&#8221;20px||20px||true|false&#8221; global_colors_info=&#8221;{}&#8221;]<\/p>\n<h3 style=\"text-align: center;\"><strong>L&#8217;auto-gouvernance et la sensibilisation aux droits humains<\/strong><\/h3>\n<p>[\/et_pb_text][\/et_pb_column][\/et_pb_row][et_pb_row _builder_version=&#8221;4.20.0&#8243; _module_preset=&#8221;default&#8221; custom_padding=&#8221;0px||3px||false|false&#8221; global_colors_info=&#8221;{}&#8221;][et_pb_column type=&#8221;4_4&#8243; _builder_version=&#8221;4.19.4&#8243; _module_preset=&#8221;default&#8221; global_colors_info=&#8221;{}&#8221;][et_pb_text _builder_version=&#8221;4.21.0&#8243; _module_preset=&#8221;default&#8221; global_colors_info=&#8221;{}&#8221;]<\/p>\n<p style=\"text-align: center;\">Avec le <a href=\"https:\/\/tostan.org\/fr\/programmes\/le-programme-de-renforcement-des-capacites-communautaires\/\">Programme de Renforcement des Capacit\u00e9s Communautaires de Tostan (PRCC)<\/a>, les communaut\u00e9s sont introduites aux droits humains d\u2019une mani\u00e8re holistique. Chaque aspect du curriculum \u00e9ducatif de trois ans renforce l&#8217;apprentissage des droits humains universels. Les femmes repr\u00e9sentent la majorit\u00e9 de ceux qui prennent les classes de Tostan. Au cours des sessions, chaque participant partage ses propres connaissances et comp\u00e9tences \u2013 tout en clamant haut et fort leur volont\u00e9 pour le changement par le biais de la chanson, de la danse et de la narration.<\/p>\n<p>[\/et_pb_text][et_pb_image src=&#8221;https:\/\/tostancanada.org\/wp-content\/uploads\/cep.jpg&#8221; title_text=&#8221;cep&#8221; _builder_version=&#8221;4.20.0&#8243; _module_preset=&#8221;default&#8221; width=&#8221;70%&#8221; module_alignment=&#8221;center&#8221; global_colors_info=&#8221;{}&#8221;][\/et_pb_image][et_pb_text _builder_version=&#8221;4.21.0&#8243; _module_preset=&#8221;default&#8221; global_colors_info=&#8221;{}&#8221;]<\/p>\n<p>Des comit\u00e9s de gestion communautaires sont form\u00e9s d\u00e9mocratiquement \u00e0 partir du programme Tostan, offrant un nouveau cadre pour la prise de d\u00e9cision dirig\u00e9 par le village, et cr\u00e9ant plusieurs opportunit\u00e9s pour mettre en pratique les connaissances nouvellement acquises. Des leaders femmes (et hommes) travaillent c\u00f4te-\u00e0-c\u00f4te avec le chef du village et le chef religieux de la communaut\u00e9 et prennent des d\u00e9cisions qui aideront la communaut\u00e9 \u00e0 accomplir ses objectifs et \u00e0 prot\u00e9ger les membres de la communaut\u00e9 sur le plan des droits humains.<\/p>\n<p>[\/et_pb_text][\/et_pb_column][\/et_pb_row][et_pb_row column_structure=&#8221;2_5,3_5&#8243; _builder_version=&#8221;4.19.4&#8243; _module_preset=&#8221;default&#8221; custom_padding=&#8221;30px||||false|false&#8221; global_colors_info=&#8221;{}&#8221;][et_pb_column type=&#8221;2_5&#8243; _builder_version=&#8221;4.19.4&#8243; _module_preset=&#8221;default&#8221; global_colors_info=&#8221;{}&#8221;][et_pb_image src=&#8221;https:\/\/tostancanada.org\/wp-content\/uploads\/cep-participant-from-bajonkoto-giving-on-early-marriage-small.jpg&#8221; title_text=&#8221;cep participant from bajonkoto giving on early marriage small&#8221; _builder_version=&#8221;4.20.0&#8243; _module_preset=&#8221;default&#8221; width=&#8221;65%&#8221; module_alignment=&#8221;center&#8221; global_colors_info=&#8221;{}&#8221;][\/et_pb_image][\/et_pb_column][et_pb_column type=&#8221;3_5&#8243; _builder_version=&#8221;4.19.4&#8243; _module_preset=&#8221;default&#8221; global_colors_info=&#8221;{}&#8221;][et_pb_text _builder_version=&#8221;4.21.0&#8243; _module_preset=&#8221;default&#8221; global_colors_info=&#8221;{}&#8221;]<\/p>\n<p>La sensibilisation aux droits des enfants et aux diverses normes sociales, morales et juridiques qui affectent les enfants est un aspect qui est renforc\u00e9 afin d\u2019encourager les communaut\u00e9s \u00e0 travailler ensemble pour prot\u00e9ger leurs enfants. Tostan organise aussi des campagnes de sensibilisation sur les droits de l\u2019enfant. L\u2019\u00e9ducation aux droits humains encourage les jeunes \u00e0 am\u00e9liorer leur bien-\u00eatre et \u00e0 devenir les chefs communautaires engag\u00e9s de demain. Tostan offre aussi aux jeunes un \u00e9ventail d\u2019opportunit\u00e9s, dont la participation \u00e0 des conseils de jeunes, pour mettre en pratique leurs apprentissages et leurs aptitudes pour le leadership.<\/p>\n<p>C&#8217;est en aidant les gens \u00e0 avoir un impact durable dans leur propre communaut\u00e9 que Tostan alimente le changement social. En comblant les lacunes en mati\u00e8re d&#8217;\u00e9ducation de base et en abordant de nombreuses questions qui se recoupent sous l&#8217;angle des droits humains, les communaut\u00e9s peuvent s\u2019engager sur la voie du succ\u00e8s.<\/p>\n<p>Avec notre soutien, les communaut\u00e9s peuvent ouvrir leur propre chemin vers un d\u00e9veloppement durable \u00e0 long-terme, en commen\u00e7ant avec les \u00e9l\u00e9ments fondamentaux qui les aideront \u00e0 se rapprocher de leur propre vision de l\u2019avenir. Dans ces villages, le leadership ne provient pas du pouvoir ou des privil\u00e8ges &#8211; il provient des gens de la communaut\u00e9 qui connaissent leurs droits humains et qui se sentent soutenus et encourag\u00e9s \u00e0 d\u00e9velopper les outils n\u00e9cessaires pour cr\u00e9er le changement.<\/p>\n<p>[\/et_pb_text][\/et_pb_column][\/et_pb_row][\/et_pb_section][et_pb_section fb_built=&#8221;1&#8243; _builder_version=&#8221;4.19.4&#8243; _module_preset=&#8221;default&#8221; global_colors_info=&#8221;{}&#8221;][et_pb_row column_structure=&#8221;2_3,1_3&#8243; _builder_version=&#8221;4.19.4&#8243; _module_preset=&#8221;default&#8221; global_colors_info=&#8221;{}&#8221;][et_pb_column type=&#8221;2_3&#8243; _builder_version=&#8221;4.19.4&#8243; _module_preset=&#8221;default&#8221; global_colors_info=&#8221;{}&#8221;][et_pb_text _builder_version=&#8221;4.21.0&#8243; _module_preset=&#8221;default&#8221; global_colors_info=&#8221;{}&#8221;]<\/p>\n<h3 style=\"text-align: left;\"><strong>Une intervention urgente est n\u00e9cessaire pour prot\u00e9ger les droits des femmes et des filles<\/strong><\/h3>\n<p>Il faut donner aux communaut\u00e9s l&#8217;\u00e9ducation responsabilisante qui les aide \u00e0 changer les pratiques accept\u00e9es qui nuisent aux femmes et aux filles. En Afrique subsaharienne, la violence entre partenaires intimes touche 36 % de la population. Les femmes africaines sont plus nombreuses \u00e0 subir des violences de la part de leur partenaire au cours de leur vie (45,6 %) et des agressions sexuelles (11,9 %) que les femmes du reste du monde, \u00e0 l&#8217;exception notable des pays \u00e0 revenu \u00e9lev\u00e9 dans le cas du viol (12,6 % ; Garc\u00eda-Moreno et al., 2013). Abus de partenaire, Volume 7, Num\u00e9ro 3, 2016<\/p>\n<p>Trop de violations des droits humains touchent les femmes et les enfants. Les victimes de violence domestique vivent non seulement une violation de leur droit \u00e0 la s\u00e9curit\u00e9 mais sont souvent victimis\u00e9es davantage \u00e0 cause de leur acc\u00e8s limit\u00e9 \u00e0 l\u2019\u00e9ducation, \u00e0 l\u2019emploi, ou \u00e0 la repr\u00e9sentation politique.<\/p>\n<p>[\/et_pb_text][et_pb_button button_url=&#8221;https:\/\/tostancanada.org\/fr\/facons-de-donner\/faire-un-don\/&#8221; button_text=&#8221;Faites un don maintenant&#8221; _builder_version=&#8221;4.21.0&#8243; _module_preset=&#8221;default&#8221; global_colors_info=&#8221;{}&#8221;][\/et_pb_button][\/et_pb_column][et_pb_column type=&#8221;1_3&#8243; _builder_version=&#8221;4.19.4&#8243; _module_preset=&#8221;default&#8221; global_colors_info=&#8221;{}&#8221;][et_pb_image src=&#8221;https:\/\/tostancanada.org\/wp-content\/uploads\/2611209737_5d77c5c329_o.jpg&#8221; title_text=&#8221;2611209737_5d77c5c329_o&#8221; _builder_version=&#8221;4.20.0&#8243; _module_preset=&#8221;default&#8221; global_colors_info=&#8221;{}&#8221;][\/et_pb_image][\/et_pb_column][\/et_pb_row][\/et_pb_section][et_pb_section fb_built=&#8221;1&#8243; prev_background_color=&#8221;#ffffff&#8221; _builder_version=&#8221;4.21.0&#8243; _module_preset=&#8221;default&#8221; background_image=&#8221;https:\/\/tostancanada.org\/wp-content\/uploads\/wave-large-purple.png&#8221; background_size=&#8221;initial&#8221; custom_padding=&#8221;40px||||false|false&#8221; top_divider_style=&#8221;waves&#8221; top_divider_height=&#8221;50px&#8221; locked=&#8221;off&#8221; global_colors_info=&#8221;{}&#8221;][et_pb_row _builder_version=&#8221;4.19.4&#8243; _module_preset=&#8221;default&#8221; width=&#8221;50%&#8221; custom_padding=&#8221;||0px||false|false&#8221; global_colors_info=&#8221;{}&#8221;][et_pb_column type=&#8221;4_4&#8243; _builder_version=&#8221;4.19.4&#8243; _module_preset=&#8221;default&#8221; global_colors_info=&#8221;{}&#8221;][et_pb_text _builder_version=&#8221;4.21.0&#8243; _module_preset=&#8221;default&#8221; header_3_font_size=&#8221;20px&#8221; background_layout=&#8221;dark&#8221; global_colors_info=&#8221;{}&#8221;]<\/p>\n<h3>T\u00e9moignage d\u2019une b\u00e9n\u00e9ficiaire \u2014 Mari\u00e8me<\/h3>\n<p>[\/et_pb_text][\/et_pb_column][\/et_pb_row][et_pb_row column_structure=&#8221;1_4,3_4&#8243; _builder_version=&#8221;4.19.4&#8243; _module_preset=&#8221;default&#8221; width=&#8221;50%&#8221; custom_padding=&#8221;10px||||false|false&#8221; global_colors_info=&#8221;{}&#8221;][et_pb_column type=&#8221;1_4&#8243; _builder_version=&#8221;4.19.4&#8243; _module_preset=&#8221;default&#8221; global_colors_info=&#8221;{}&#8221;][et_pb_image src=&#8221;https:\/\/tostancanada.org\/wp-content\/uploads\/MariemeBamba.png&#8221; title_text=&#8221;MariemeBamba&#8221; _builder_version=&#8221;4.19.4&#8243; _module_preset=&#8221;default&#8221; global_colors_info=&#8221;{}&#8221;][\/et_pb_image][\/et_pb_column][et_pb_column type=&#8221;3_4&#8243; _builder_version=&#8221;4.19.4&#8243; _module_preset=&#8221;default&#8221; global_colors_info=&#8221;{}&#8221;][et_pb_text _builder_version=&#8221;4.21.0&#8243; _module_preset=&#8221;default&#8221; text_font_size=&#8221;17px&#8221; text_line_height=&#8221;1.8em&#8221; link_font=&#8221;|600|on||||||&#8221; link_text_color=&#8221;#ffffff&#8221; background_layout=&#8221;dark&#8221; width=&#8221;100%&#8221; global_colors_info=&#8221;{}&#8221;]<\/p>\n<p><em>\u00ab Avant, mon mari ne me laissait jamais aller nulle part, je devais revenir \u00e0 la maison chaque soir, peu importe les circonstances \u00bb dit Mari\u00e8me. \u00ab Si elle ne revenait pas \u00e0 la maison \u00e0 chaque soir, elle se faisait battre, \u00bb dit son mari, Souleymane. Maintenant, elle voyage \u00e0 chaque mois dans des villages de sa r\u00e9gion en tant qu\u2019agente de mobilisation sociale (AMS) pour promouvoir le changement des normes sociales et l\u2019am\u00e9lioration des soins de sant\u00e9. Elle a compl\u00e9t\u00e9 un s\u00e9jour de six mois en Inde en tant qu\u2019\u00e9tudiante au Barefoot College o\u00f9 elle a appris \u00e0 devenir une ing\u00e9nieure en production d\u2019\u00e9nergie solaire, acqu\u00e9rant les connaissances et les comp\u00e9tences n\u00e9cessaires pour installer et r\u00e9parer les panneaux solaires. Elle continue \u00e0 ce jour \u00e0 maintenir l\u2019\u00e9quipement solaire dans son village et les r\u00e9gions avoisinantes.<\/em> <\/p>\n<p>[\/et_pb_text][\/et_pb_column][\/et_pb_row][\/et_pb_section]<\/p>\n","protected":false},"excerpt":{"rendered":"<p>Les droits humains Tous les \u00eatres humains naissent libres et \u00e9gaux sur le plan de la dignit\u00e9 et des droits humains. Pourtant, la plupart des habitants des communaut\u00e9s rurales pauvres de l\u2019Afrique subsaharienne ne savent m\u00eame pas qu&#8217;ils ont ces droits. La premi\u00e8re \u00e9tape consiste \u00e0 promouvoir ces droits et d\u2019en discuter dans le contexte [&hellip;]<\/p>\n","protected":false},"author":10,"featured_media":0,"parent":49757,"menu_order":0,"comment_status":"closed","ping_status":"closed","template":"","meta":{"_et_pb_use_builder":"on","_et_pb_old_content":"","_et_gb_content_width":"","footnotes":""},"class_list":["post-49763","page","type-page","status-publish","hentry"],"aioseo_notices":[],"_links":{"self":[{"href":"https:\/\/tostancanada.org\/fr\/wp-json\/wp\/v2\/pages\/49763","targetHints":{"allow":["GET"]}}],"collection":[{"href":"https:\/\/tostancanada.org\/fr\/wp-json\/wp\/v2\/pages"}],"about":[{"href":"https:\/\/tostancanada.org\/fr\/wp-json\/wp\/v2\/types\/page"}],"author":[{"embeddable":true,"href":"https:\/\/tostancanada.org\/fr\/wp-json\/wp\/v2\/users\/10"}],"replies":[{"embeddable":true,"href":"https:\/\/tostancanada.org\/fr\/wp-json\/wp\/v2\/comments?post=49763"}],"version-history":[{"count":12,"href":"https:\/\/tostancanada.org\/fr\/wp-json\/wp\/v2\/pages\/49763\/revisions"}],"predecessor-version":[{"id":50116,"href":"https:\/\/tostancanada.org\/fr\/wp-json\/wp\/v2\/pages\/49763\/revisions\/50116"}],"up":[{"embeddable":true,"href":"https:\/\/tostancanada.org\/fr\/wp-json\/wp\/v2\/pages\/49757"}],"wp:attachment":[{"href":"https:\/\/tostancanada.org\/fr\/wp-json\/wp\/v2\/media?parent=49763"}],"curies":[{"name":"wp","href":"https:\/\/api.w.org\/{rel}","templated":true}]}}