{"id":49768,"date":"2022-12-20T21:45:22","date_gmt":"2022-12-20T21:45:22","guid":{"rendered":"https:\/\/tostancanada.org\/zones-impact\/strengthening-civic-engagement\/"},"modified":"2023-10-03T20:26:33","modified_gmt":"2023-10-03T20:26:33","slug":"renforcer-engagement-civique","status":"publish","type":"page","link":"https:\/\/tostancanada.org\/fr\/zones-impact\/renforcer-engagement-civique\/","title":{"rendered":"Renforcer l\u2019engagement civique"},"content":{"rendered":"<p>[et_pb_section fb_built=&#8221;1&#8243; _builder_version=&#8221;4.21.0&#8243; _module_preset=&#8221;default&#8221; use_background_color_gradient=&#8221;on&#8221; background_color_gradient_stops=&#8221;rgba(255,255,255,0) 21%|#0a0a0a 100%&#8221; background_image=&#8221;https:\/\/tostancanada.org\/wp-content\/uploads\/civicengagment.png&#8221; custom_padding=&#8221;247px||0px||false|false&#8221; bottom_divider_color=&#8221;#9B5BA5&#8243; bottom_divider_height=&#8221;141px&#8221; bottom_divider_repeat=&#8221;1x&#8221; bottom_divider_flip=&#8221;vertical&#8221; global_colors_info=&#8221;{}&#8221;][et_pb_row _builder_version=&#8221;4.19.4&#8243; _module_preset=&#8221;default&#8221; background_enable_color=&#8221;off&#8221; background_image=&#8221;https:\/\/tostancanada.org\/wp-content\/uploads\/wave-orange-homepage.png&#8221; width=&#8221;100%&#8221; max_width=&#8221;100%&#8221; module_alignment=&#8221;center&#8221; height=&#8221;20%&#8221; custom_margin=&#8221;||||false|false&#8221; custom_padding=&#8221;170px||35px||false|false&#8221; global_colors_info=&#8221;{}&#8221;][et_pb_column type=&#8221;4_4&#8243; _builder_version=&#8221;4.19.3&#8243; _module_preset=&#8221;default&#8221; global_colors_info=&#8221;{}&#8221;][et_pb_text _builder_version=&#8221;4.21.0&#8243; _module_preset=&#8221;default&#8221; text_font=&#8221;||||||||&#8221; header_font=&#8221;|800|||||||&#8221; header_font_size=&#8221;50px&#8221; background_layout=&#8221;dark&#8221; width=&#8221;50%&#8221; width_tablet=&#8221;50%&#8221; width_phone=&#8221;100%&#8221; width_last_edited=&#8221;on|phone&#8221; module_alignment=&#8221;center&#8221; custom_margin=&#8221;||||false|false&#8221; custom_padding=&#8221;59px||2px||false|false&#8221; global_colors_info=&#8221;{}&#8221;]<\/p>\n<h1 style=\"text-align: center;\">L\u2019engagement civique<\/h1>\n<p>[\/et_pb_text][\/et_pb_column][\/et_pb_row][\/et_pb_section][et_pb_section fb_built=&#8221;1&#8243; _builder_version=&#8221;4.19.3&#8243; _module_preset=&#8221;default&#8221; global_colors_info=&#8221;{}&#8221;][et_pb_row _builder_version=&#8221;4.19.4&#8243; _module_preset=&#8221;default&#8221; width=&#8221;60%&#8221; module_alignment=&#8221;center&#8221; global_colors_info=&#8221;{}&#8221;][et_pb_column type=&#8221;4_4&#8243; _builder_version=&#8221;4.19.4&#8243; _module_preset=&#8221;default&#8221; global_colors_info=&#8221;{}&#8221;][et_pb_text _builder_version=&#8221;4.21.0&#8243; _module_preset=&#8221;default&#8221; global_colors_info=&#8221;{}&#8221;]<\/p>\n<h3 style=\"text-align: center;\">Les plus grands obstacles \u00e0 la d\u00e9mocratisation sont caus\u00e9s par un manque de transparence et de responsabilit\u00e9. Ceci est empir\u00e9 par les vestiges du colonialisme, une population en croissance rapide, et d\u2019autres facteurs, notamment l\u2019exclusion fr\u00e9quente des femmes dans la prise de d\u00e9cision. L\u2019inclusion des femmes dans le processus de prise de d\u00e9cision va de pair avec la d\u00e9mocratisation. <\/h3>\n<p>[\/et_pb_text][\/et_pb_column][\/et_pb_row][et_pb_row column_structure=&#8221;1_2,1_2&#8243; _builder_version=&#8221;4.19.4&#8243; _module_preset=&#8221;default&#8221; global_colors_info=&#8221;{}&#8221;][et_pb_column type=&#8221;1_2&#8243; _builder_version=&#8221;4.19.4&#8243; _module_preset=&#8221;default&#8221; global_colors_info=&#8221;{}&#8221;][et_pb_text _builder_version=&#8221;4.21.0&#8243; _module_preset=&#8221;default&#8221; header_3_font=&#8221;|700||on|||||&#8221; global_colors_info=&#8221;{}&#8221;]<\/p>\n<p><strong>Depuis 2020, le d\u00e9veloppement et le maintien de la d\u00e9mocratie en l\u2019Afrique ont \u00e9t\u00e9 particuli\u00e8rement affect\u00e9s par:\u00a0<\/strong><\/p>\n<ul>\n<li>Une pand\u00e9mie mortelle<\/li>\n<li>L\u2019ins\u00e9curit\u00e9 physique et l\u2019instabilit\u00e9 \u00e9conomique<\/li>\n<li>La corruption syst\u00e9mique<\/li>\n<li>L\u2019in\u00e9galit\u00e9 entre les sexes<\/li>\n<\/ul>\n<p><em>\u00ab Plus d\u2019Africains vivent aujourd\u2019hui sous des \u00c9tats totalement ou partiellement autoritaires que durant la plupart des p\u00e9riodes des deux derni\u00e8res d\u00e9cennies. \u00bb (Conseil des relations \u00e9trang\u00e8res)<\/em> <\/p>\n<p>[\/et_pb_text][\/et_pb_column][et_pb_column type=&#8221;1_2&#8243; _builder_version=&#8221;4.19.4&#8243; _module_preset=&#8221;default&#8221; global_colors_info=&#8221;{}&#8221;][et_pb_text _builder_version=&#8221;4.21.0&#8243; _module_preset=&#8221;default&#8221; global_colors_info=&#8221;{}&#8221;]<\/p>\n<p><strong>Les obstacles \u00e0 la d\u00e9mocratie et \u00e0 l\u2019engagement civique causent :<\/strong><\/p>\n<ul>\n<li>La pr\u00e9vention de croissance \u00e9conomique dans certains pays<\/li>\n<li>Un manque de respect envers le syst\u00e8me judiciaire<\/li>\n<li>Des risques de s\u00e9curit\u00e9<\/li>\n<li>L\u2019in\u00e9galit\u00e9<\/li>\n<\/ul>\n<p><em>\u00ab Les jeunes Africains ne veulent pas revenir \u00e0 des \u00c9tats \u00e0 parti unique, ni \u00e0 des r\u00e9gimes militaires. Ils veulent am\u00e9liorer les bases qui leur ont \u00e9t\u00e9 donn\u00e9es.\u00bb<\/em>\u00a0<br \/>&#8211; Chris Fomunyoh, National Democratic Institute<\/p>\n<p>Il est difficile d\u2019imaginer le progr\u00e8s vers des objectifs de d\u00e9veloppement durable sans des bases solides de d\u00e9mocratie, de transparence, de responsabilit\u00e9 et d\u2019inclusion. C&#8217;est pourquoi le travail novateur de Tostan en mati\u00e8re d&#8217;engagement civique est plus que jamais n\u00e9cessaire.<\/p>\n<p>[\/et_pb_text][\/et_pb_column][\/et_pb_row][et_pb_row _builder_version=&#8221;4.19.4&#8243; _module_preset=&#8221;default&#8221; global_colors_info=&#8221;{}&#8221;][et_pb_column type=&#8221;4_4&#8243; _builder_version=&#8221;4.19.4&#8243; _module_preset=&#8221;default&#8221; global_colors_info=&#8221;{}&#8221;][et_pb_text _builder_version=&#8221;4.21.0&#8243; _module_preset=&#8221;default&#8221; header_3_font=&#8221;|700||on|||||&#8221; global_colors_info=&#8221;{}&#8221;]<\/p>\n<p>En faisant un don \u00e0 Tostan, vous contribuez directement \u00e0 renforcer l\u2019engagement civique, la transparence et la responsabilit\u00e9, \u00e0 r\u00e9duire la corruption et, par cons\u00e9quent, \u00e0 am\u00e9liorer le bien-\u00eatre des communaut\u00e9s.<\/p>\n<p>Un rapport r\u00e9cent de Freedom House sur la d\u00e9mocratisation d\u00e9montre que \u00ab l\u2019Afrique subsaharienne est en t\u00eate quant aux mouvances positives et n\u00e9gatives \u00bb en ce qui a trait aux principes d\u00e9mocratiques. Ceci d\u00e9montre qu\u2019il y a un grand besoin de d\u00e9mocratisation dans la r\u00e9gion, mais aussi qu\u2019il y a un \u00e9norme potentiel de succ\u00e8s.<\/p>\n<p>Tostan aide \u00e0 outiller les repr\u00e9sentants \u00e9lus locaux avec les connaissances dont ils ont besoin pour devenir des chefs communautaires fiables, responsables et efficaces.<\/p>\n<p>[\/et_pb_text][et_pb_button button_url=&#8221;https:\/\/tostan.org\/fr\/zones-dimpact\/gouvernance\/&#8221; button_text=&#8221;En savoir plus&#8221; _builder_version=&#8221;4.21.0&#8243; _module_preset=&#8221;default&#8221; global_colors_info=&#8221;{}&#8221;][\/et_pb_button][\/et_pb_column][\/et_pb_row][et_pb_row _builder_version=&#8221;4.19.4&#8243; _module_preset=&#8221;default&#8221; custom_padding=&#8221;||0px||false|false&#8221; global_colors_info=&#8221;{}&#8221;][et_pb_column type=&#8221;4_4&#8243; _builder_version=&#8221;4.19.4&#8243; _module_preset=&#8221;default&#8221; global_colors_info=&#8221;{}&#8221;][et_pb_text _builder_version=&#8221;4.21.0&#8243; _module_preset=&#8221;default&#8221; global_colors_info=&#8221;{}&#8221;]<\/p>\n<h3 style=\"text-align: center;\"><strong>Beaucoup a \u00e9t\u00e9 accompli, mais il en reste encore beaucoup \u00e0 faire<\/strong><\/h3>\n<p>[\/et_pb_text][\/et_pb_column][\/et_pb_row][et_pb_row column_structure=&#8221;3_5,2_5&#8243; _builder_version=&#8221;4.20.0&#8243; _module_preset=&#8221;default&#8221; custom_padding=&#8221;||||false|false&#8221; global_colors_info=&#8221;{}&#8221;][et_pb_column type=&#8221;3_5&#8243; _builder_version=&#8221;4.19.4&#8243; _module_preset=&#8221;default&#8221; global_colors_info=&#8221;{}&#8221;][et_pb_text _builder_version=&#8221;4.21.0&#8243; _module_preset=&#8221;default&#8221; global_colors_info=&#8221;{}&#8221;]<\/p>\n<p><strong>Les femmes ont historiquement \u00e9t\u00e9 exclues des postes de direction politique en Afrique de l\u2019Ouest. Toutefois, cette situation est en train d\u2019\u00e9voluer graduellement, en grande partie gr\u00e2ce \u00e0 Tostan.<\/strong><\/p>\n<p style=\"padding-left: 40px;\"><em>\u00ab Les connaissances que j\u2019ai acquises chez Tostan ont grandement influenc\u00e9 ma d\u00e9cision de poursuivre un r\u00f4le politique en tant que candidate pour la position de Conseill\u00e8re nationale des femmes dans mon quartier. \u00bb<\/em> <br \/>&#8211; Mme Fatoumatta Jabbie, qui a l\u2019intention d\u2019exercer une fonction publique pour l\u2019Assembl\u00e9e nationale de la haute r\u00e9gion de Gambie et de devenir la premi\u00e8re femme \u00e9lue \u00e0 obtenir un si\u00e8ge.<\/p>\n<p>Le programme de renforcement de la d\u00e9mocratie et de l\u2019engagement civique de Tostan encourage les femmes nouvellement \u00e9lues \u00e0 s\u2019exprimer aux c\u00f4t\u00e9s des \u00e9lus masculins, et \u00e0 travailler avec les hommes et les femmes pour am\u00e9liorer l\u2019inclusion. Le programme soutient aussi les conseils d\u2019administration locaux, en encourageant une connaissance approfondie de leur r\u00f4le et de la mani\u00e8re d&#8217;assumer leurs responsabilit\u00e9s afin de mieux repr\u00e9senter les int\u00e9r\u00eats de leur communaut\u00e9.<\/p>\n<p>Aidez-nous \u00e0 former de nouvelles alliances importantes entre les communaut\u00e9s locales et leurs chefs \u00e9lus afin d\u2019am\u00e9liorer l\u2019\u00e9lan positif et durable au niveau communautaire. <\/p>\n<p>[\/et_pb_text][\/et_pb_column][et_pb_column type=&#8221;2_5&#8243; _builder_version=&#8221;4.19.4&#8243; _module_preset=&#8221;default&#8221; global_colors_info=&#8221;{}&#8221;][et_pb_image src=&#8221;https:\/\/tostancanada.org\/wp-content\/uploads\/community_voice_international_1.jpg&#8221; title_text=&#8221;community_voice_international_1&#8243; align=&#8221;center&#8221; _builder_version=&#8221;4.20.0&#8243; _module_preset=&#8221;default&#8221; width=&#8221;60%&#8221; global_colors_info=&#8221;{}&#8221;][\/et_pb_image][\/et_pb_column][\/et_pb_row][\/et_pb_section][et_pb_section fb_built=&#8221;1&#8243; _builder_version=&#8221;4.19.4&#8243; _module_preset=&#8221;default&#8221; background_color=&#8221;#F4F7EC&#8221; global_colors_info=&#8221;{}&#8221;][et_pb_row column_structure=&#8221;1_3,1_3,1_3&#8243; _builder_version=&#8221;4.19.3&#8243; _module_preset=&#8221;default&#8221; locked=&#8221;off&#8221; global_colors_info=&#8221;{}&#8221;][et_pb_column type=&#8221;1_3&#8243; _builder_version=&#8221;4.19.3&#8243; _module_preset=&#8221;default&#8221; global_colors_info=&#8221;{}&#8221;][et_pb_text _builder_version=&#8221;4.21.0&#8243; _module_preset=&#8221;default&#8221; header_3_font=&#8221;|700|||||||&#8221; header_3_text_align=&#8221;center&#8221; header_3_text_color=&#8221;#D74D27&#8243; global_colors_info=&#8221;{}&#8221;]<\/p>\n<h3>La responsabilisation est en\u00a0<br \/>CROISSANCE<\/h3>\n<p>[\/et_pb_text][\/et_pb_column][et_pb_column type=&#8221;1_3&#8243; _builder_version=&#8221;4.19.3&#8243; _module_preset=&#8221;default&#8221; global_colors_info=&#8221;{}&#8221;][et_pb_text _builder_version=&#8221;4.21.0&#8243; _module_preset=&#8221;default&#8221; header_3_font=&#8221;|700|||||||&#8221; header_3_text_align=&#8221;center&#8221; header_3_text_color=&#8221;#D74D27&#8243; global_colors_info=&#8221;{}&#8221;]<\/p>\n<h3>Les conseils locaux\u00a0<br \/>DIRIGENT LE CHANGEMENT<\/h3>\n<p>[\/et_pb_text][\/et_pb_column][et_pb_column type=&#8221;1_3&#8243; _builder_version=&#8221;4.19.3&#8243; _module_preset=&#8221;default&#8221; global_colors_info=&#8221;{}&#8221;][et_pb_text _builder_version=&#8221;4.21.0&#8243; _module_preset=&#8221;default&#8221; header_3_font=&#8221;|700|||||||&#8221; header_3_text_align=&#8221;center&#8221; header_3_text_color=&#8221;#D74D27&#8243; global_colors_info=&#8221;{}&#8221;]<\/p>\n<h3>Les r\u00e9sultats sont\u00a0<br \/>VISIBLES<\/h3>\n<p>[\/et_pb_text][\/et_pb_column][\/et_pb_row][\/et_pb_section][et_pb_section fb_built=&#8221;1&#8243; _builder_version=&#8221;4.19.4&#8243; _module_preset=&#8221;default&#8221; global_colors_info=&#8221;{}&#8221;][et_pb_row _builder_version=&#8221;4.19.4&#8243; _module_preset=&#8221;default&#8221; global_colors_info=&#8221;{}&#8221;][et_pb_column type=&#8221;4_4&#8243; _builder_version=&#8221;4.19.4&#8243; _module_preset=&#8221;default&#8221; global_colors_info=&#8221;{}&#8221;][et_pb_text _builder_version=&#8221;4.21.0&#8243; _module_preset=&#8221;default&#8221; global_colors_info=&#8221;{}&#8221;]<\/p>\n<h4 style=\"text-align: center;\">Tostan a contribu\u00e9 \u00e0 susciter des centaines de d\u00e9clarations publiques visant \u00e0 promouvoir les droits humains. Notre travail consiste \u00e0 \u00e9tablir des liens profonds, qui d\u00e9bouchent sur des changements tangibles au niveau des syst\u00e8mes. Votre contribution servira directement \u00e0 amplifier ce changement.<\/h4>\n<p>[\/et_pb_text][\/et_pb_column][\/et_pb_row][et_pb_row column_structure=&#8221;2_3,1_3&#8243; _builder_version=&#8221;4.19.4&#8243; _module_preset=&#8221;default&#8221; global_colors_info=&#8221;{}&#8221;][et_pb_column type=&#8221;2_3&#8243; _builder_version=&#8221;4.19.4&#8243; _module_preset=&#8221;default&#8221; global_colors_info=&#8221;{}&#8221;][et_pb_text _builder_version=&#8221;4.21.0&#8243; _module_preset=&#8221;default&#8221; global_colors_info=&#8221;{}&#8221;]<\/p>\n<p>Stimuler l\u2019engagement civique est une approche cl\u00e9 pour renforcer la r\u00e9silience des communaut\u00e9s. L\u2019impact est substantiel et le changement est durable. Le mode de partenariat respectueux de Tostan depuis trente ans fournit des outils aux communaut\u00e9s pour qu\u2019elles puissent trouver leurs propres solutions qui m\u00e8neront \u00e0 leur propre d\u00e9mocratisation.<\/p>\n<p>Les donn\u00e9es et la recherche continue d\u00e9montrent que l\u2019approche holistique de Tostan est <br \/>efficace pour outiller les communaut\u00e9s en vue d\u2019un changement \u00e0 long terme. Soutenir Tostan signifie soutenir les communaut\u00e9s dans leur mouvement vers le d\u00e9veloppement durable, la d\u00e9mocratisation et l\u2019adoption des droits humains.<\/p>\n<p>En faisant un don \u00e0 Tostan, vous contribuez \u00e0 la r\u00e9alisation des objectifs de d\u00e9veloppement social visant \u00e0 mettre en place des institutions efficaces, responsables et ouvertes \u00e0 tous les niveaux. En faisant un don, vous permettez \u00e0 Tostan de partager ses connaissances avec des leaders et d\u2019autres organisations afin d\u2019acc\u00e9l\u00e9rer le changement. Lorsque vous contribuez \u00e0 Tostan, vous fa\u00e7onnez l\u2019avenir.<\/p>\n<p>[\/et_pb_text][et_pb_button button_url=&#8221;https:\/\/tostancanada.org\/fr\/facons-de-donner\/faire-un-don\/&#8221; button_text=&#8221;Faites un don maintenant&#8221; button_alignment=&#8221;left&#8221; disabled_on=&#8221;off|off|off&#8221; _builder_version=&#8221;4.21.0&#8243; _module_preset=&#8221;default&#8221; global_colors_info=&#8221;{}&#8221;][\/et_pb_button][\/et_pb_column][et_pb_column type=&#8221;1_3&#8243; _builder_version=&#8221;4.19.4&#8243; _module_preset=&#8221;default&#8221; global_colors_info=&#8221;{}&#8221;][et_pb_image src=&#8221;https:\/\/tostancanada.org\/wp-content\/uploads\/8023556521_7f0b226561_b.jpg&#8221; title_text=&#8221;8023556521_7f0b226561_b&#8221; _builder_version=&#8221;4.20.0&#8243; _module_preset=&#8221;default&#8221; global_colors_info=&#8221;{}&#8221;][\/et_pb_image][\/et_pb_column][\/et_pb_row][\/et_pb_section]<\/p>\n","protected":false},"excerpt":{"rendered":"<p>L\u2019engagement civiqueLes plus grands obstacles \u00e0 la d\u00e9mocratisation sont caus\u00e9s par un manque de transparence et de responsabilit\u00e9. Ceci est empir\u00e9 par les vestiges du colonialisme, une population en croissance rapide, et d\u2019autres facteurs, notamment l\u2019exclusion fr\u00e9quente des femmes dans la prise de d\u00e9cision. L\u2019inclusion des femmes dans le processus de prise de d\u00e9cision va [&hellip;]<\/p>\n","protected":false},"author":10,"featured_media":0,"parent":49757,"menu_order":0,"comment_status":"closed","ping_status":"closed","template":"","meta":{"_et_pb_use_builder":"on","_et_pb_old_content":"","_et_gb_content_width":"","footnotes":""},"class_list":["post-49768","page","type-page","status-publish","hentry"],"aioseo_notices":[],"_links":{"self":[{"href":"https:\/\/tostancanada.org\/fr\/wp-json\/wp\/v2\/pages\/49768","targetHints":{"allow":["GET"]}}],"collection":[{"href":"https:\/\/tostancanada.org\/fr\/wp-json\/wp\/v2\/pages"}],"about":[{"href":"https:\/\/tostancanada.org\/fr\/wp-json\/wp\/v2\/types\/page"}],"author":[{"embeddable":true,"href":"https:\/\/tostancanada.org\/fr\/wp-json\/wp\/v2\/users\/10"}],"replies":[{"embeddable":true,"href":"https:\/\/tostancanada.org\/fr\/wp-json\/wp\/v2\/comments?post=49768"}],"version-history":[{"count":7,"href":"https:\/\/tostancanada.org\/fr\/wp-json\/wp\/v2\/pages\/49768\/revisions"}],"predecessor-version":[{"id":50119,"href":"https:\/\/tostancanada.org\/fr\/wp-json\/wp\/v2\/pages\/49768\/revisions\/50119"}],"up":[{"embeddable":true,"href":"https:\/\/tostancanada.org\/fr\/wp-json\/wp\/v2\/pages\/49757"}],"wp:attachment":[{"href":"https:\/\/tostancanada.org\/fr\/wp-json\/wp\/v2\/media?parent=49768"}],"curies":[{"name":"wp","href":"https:\/\/api.w.org\/{rel}","templated":true}]}}