{"id":49779,"date":"2016-10-01T18:08:05","date_gmt":"2016-10-01T18:08:05","guid":{"rendered":"https:\/\/tostancanada.org\/homepage\/"},"modified":"2025-10-29T23:59:57","modified_gmt":"2025-10-29T23:59:57","slug":"homepage","status":"publish","type":"page","link":"https:\/\/tostancanada.org\/fr\/","title":{"rendered":"Page d\u2019accueil"},"content":{"rendered":"<p>[et_pb_section fb_built=&#8221;1&#8243; _builder_version=&#8221;4.19.4&#8243; _module_preset=&#8221;default&#8221; use_background_color_gradient=&#8221;on&#8221; background_color_gradient_stops=&#8221;rgba(10,10,10,0.12) 0%|#6d6d6d 100%&#8221; background_image=&#8221;https:\/\/tostancanada.org\/wp-content\/uploads\/YX1zDKbWp-SjfwvdlY6DTBdgwILASfKfzJGYZv7kcEQ.jpeg&#8221; background_position=&#8221;top_center&#8221; background_vertical_offset=&#8221;15%&#8221; background_blend=&#8221;multiply&#8221; custom_margin=&#8221;||||false|false&#8221; custom_padding=&#8221;340px||80px||false|false&#8221; global_colors_info=&#8221;{}&#8221;][et_pb_row column_structure=&#8221;1_2,1_2&#8243; _builder_version=&#8221;4.21.0&#8243; _module_preset=&#8221;default&#8221; background_enable_image=&#8221;off&#8221; width=&#8221;95%&#8221; custom_padding=&#8221;||2px|||&#8221; global_colors_info=&#8221;{}&#8221;][et_pb_column type=&#8221;1_2&#8243; _builder_version=&#8221;4.19.3&#8243; _module_preset=&#8221;default&#8221; global_colors_info=&#8221;{}&#8221;][et_pb_text _builder_version=&#8221;4.21.0&#8243; _module_preset=&#8221;default&#8221; header_font=&#8221;|800|||||||&#8221; header_text_align=&#8221;right&#8221; header_font_size=&#8221;69px&#8221; background_layout=&#8221;dark&#8221; custom_margin=&#8221;|-29px||||&#8221; custom_margin_tablet=&#8221;|-29px||||&#8221; custom_margin_phone=&#8221;|0px|||false|false&#8221; custom_margin_last_edited=&#8221;on|phone&#8221; custom_padding=&#8221;|0px|||false|false&#8221; header_text_align_tablet=&#8221;center&#8221; header_text_align_phone=&#8221;center&#8221; header_text_align_last_edited=&#8221;on|desktop&#8221; global_colors_info=&#8221;{}&#8221;]<\/p>\n<h1>Dignit\u00e9 pour tous<\/h1>\n<p>[\/et_pb_text][\/et_pb_column][et_pb_column type=&#8221;1_2&#8243; _builder_version=&#8221;4.19.3&#8243; _module_preset=&#8221;default&#8221; global_colors_info=&#8221;{}&#8221;][et_pb_text _builder_version=&#8221;4.21.0&#8243; _module_preset=&#8221;default&#8221; text_font=&#8221;|700|||||||&#8221; header_3_font=&#8221;|700|||||||&#8221; header_4_font=&#8221;|700|||||||&#8221; background_layout=&#8221;dark&#8221; custom_margin=&#8221;|||-24px||&#8221; custom_margin_tablet=&#8221;|||-24px||&#8221; custom_margin_phone=&#8221;|0px||0px|false|false&#8221; custom_margin_last_edited=&#8221;on|phone&#8221; custom_padding=&#8221;11px|||||&#8221; text_orientation_tablet=&#8221;center&#8221; text_orientation_phone=&#8221;center&#8221; text_orientation_last_edited=&#8221;on|desktop&#8221; global_colors_info=&#8221;{}&#8221;]<\/p>\n<h4>Travailler ensemble pour renforcer les droits humains, soutenir les femmes et les filles, <br \/>et favoriser le bien-\u00eatre des communaut\u00e9s.<\/h4>\n<p>[\/et_pb_text][\/et_pb_column][\/et_pb_row][et_pb_row _builder_version=&#8221;4.19.3&#8243; _module_preset=&#8221;default&#8221; background_enable_image=&#8221;off&#8221; custom_padding=&#8221;1px|||||&#8221; global_colors_info=&#8221;{}&#8221;][et_pb_column type=&#8221;4_4&#8243; _builder_version=&#8221;4.19.3&#8243; _module_preset=&#8221;default&#8221; global_colors_info=&#8221;{}&#8221;][et_pb_button button_url=&#8221;https:\/\/tostancanada.org\/fr\/facons-de-donner\/&#8221; button_text=&#8221;Aider \u00e0 autonomiser les communaut\u00e9s&#8221; button_alignment=&#8221;center&#8221; _builder_version=&#8221;4.21.0&#8243; _module_preset=&#8221;default&#8221; global_colors_info=&#8221;{}&#8221;][\/et_pb_button][\/et_pb_column][\/et_pb_row][\/et_pb_section][et_pb_section fb_built=&#8221;1&#8243; _builder_version=&#8221;4.19.4&#8243; _module_preset=&#8221;default&#8221; background_color=&#8221;RGBA(255,255,255,0)&#8221; background_image=&#8221;https:\/\/tostancanada.org\/wp-content\/uploads\/wave-orange-homepage.png&#8221; module_alignment=&#8221;center&#8221; min_height=&#8221;565px&#8221; custom_margin=&#8221;-380px||||false|false&#8221; custom_padding=&#8221;20px||0px||false|false&#8221; global_colors_info=&#8221;{}&#8221;][et_pb_row custom_padding_last_edited=&#8221;on|tablet&#8221; _builder_version=&#8221;4.21.0&#8243; _module_preset=&#8221;default&#8221; background_color=&#8221;RGBA(255,255,255,0)&#8221; background_image=&#8221;https:\/\/tostancanada.org\/wp-content\/uploads\/wave-green-SPACEup-homepage.png&#8221; width=&#8221;100%&#8221; max_width=&#8221;100%&#8221; custom_margin=&#8221;||||false|false&#8221; custom_padding=&#8221;475px|183px|100px|183px|false|true&#8221; custom_padding_tablet=&#8221;|40px||40px|false|true&#8221; custom_padding_phone=&#8221;|35px||35px|false|true&#8221; global_colors_info=&#8221;{}&#8221;][et_pb_column type=&#8221;4_4&#8243; _builder_version=&#8221;4.19.3&#8243; _module_preset=&#8221;default&#8221; global_colors_info=&#8221;{}&#8221;][et_pb_text _builder_version=&#8221;4.21.0&#8243; _module_preset=&#8221;default&#8221; header_4_font=&#8221;|700|||||||&#8221; background_layout=&#8221;dark&#8221; custom_margin=&#8221;||||false|false&#8221; custom_padding=&#8221;||||false|false&#8221; global_colors_info=&#8221;{}&#8221;]<\/p>\n<h4 style=\"text-align: center;\">En facilitant l&#8217;\u00e9ducation des droits humains et l&#8217;apprentissage de comp\u00e9tences pratiques, Tostan fournit aux communaut\u00e9s rurales de l&#8217;Afrique de l&#8217;Ouest les connaissances et les outils n\u00e9cessaires pour fa\u00e7onner leur propre avenir et se d\u00e9velopper de fa\u00e7on durable.<\/h4>\n<p>[\/et_pb_text][\/et_pb_column][\/et_pb_row][\/et_pb_section][et_pb_section fb_built=&#8221;1&#8243; _builder_version=&#8221;4.19.3&#8243; _module_preset=&#8221;default&#8221; global_colors_info=&#8221;{}&#8221;][et_pb_row _builder_version=&#8221;4.19.3&#8243; _module_preset=&#8221;default&#8221; global_colors_info=&#8221;{}&#8221;][et_pb_column type=&#8221;4_4&#8243; _builder_version=&#8221;4.19.3&#8243; _module_preset=&#8221;default&#8221; global_colors_info=&#8221;{}&#8221;][et_pb_text _builder_version=&#8221;4.21.0&#8243; _module_preset=&#8221;default&#8221; header_2_font=&#8221;|600||on|||||&#8221; global_colors_info=&#8221;{}&#8221;]<\/p>\n<h2 style=\"text-align: center;\">ZONES D\u2019IMPACT<\/h2>\n<p>[\/et_pb_text][\/et_pb_column][\/et_pb_row][et_pb_row column_structure=&#8221;1_2,1_2&#8243; _builder_version=&#8221;4.23.1&#8243; _module_preset=&#8221;default&#8221; hover_enabled=&#8221;0&#8243; global_colors_info=&#8221;{}&#8221; min_height=&#8221;260px&#8221; sticky_enabled=&#8221;0&#8243;][et_pb_column type=&#8221;1_2&#8243; _builder_version=&#8221;4.19.3&#8243; _module_preset=&#8221;default&#8221; global_colors_info=&#8221;{}&#8221;][et_pb_text _builder_version=&#8221;4.23.1&#8243; _dynamic_attributes=&#8221;link_option_url&#8221; _module_preset=&#8221;default&#8221; link_font=&#8221;|700|||||||&#8221; link_text_color=&#8221;#ffffff&#8221; header_3_font=&#8221;|700|||||||&#8221; background_image=&#8221;https:\/\/tostancanada.org\/wp-content\/uploads\/rectangle-purple.png&#8221; background_layout=&#8221;dark&#8221; width=&#8221;85%&#8221; width_tablet=&#8221;100%&#8221; width_phone=&#8221;100%&#8221; width_last_edited=&#8221;on|phone&#8221; module_alignment=&#8221;right&#8221; min_height=&#8221;260px&#8221; custom_margin=&#8221;||||true|false&#8221; custom_padding=&#8221;30px|45px|10px|45px|false|true&#8221; link_option_url=&#8221;@ET-DC@eyJkeW5hbWljIjp0cnVlLCJjb250ZW50IjoicG9zdF9saW5rX3VybF9wYWdlIiwic2V0dGluZ3MiOnsicG9zdF9pZCI6IjQ5MTI5In19@&#8221; hover_enabled=&#8221;0&#8243; module_alignment_tablet=&#8221;center&#8221; module_alignment_phone=&#8221;center&#8221; module_alignment_last_edited=&#8221;on|desktop&#8221; global_colors_info=&#8221;{}&#8221; sticky_enabled=&#8221;0&#8243;]<\/p>\n<h3 style=\"text-align: center;\">Les femmes et les filles<\/h3>\n<p style=\"text-align: center;\">Lorsque les femmes et les filles peuvent participer, toute la communaut\u00e9 en b\u00e9n\u00e9ficie. <a href=\"https:\/\/tostancanada.org\/fr\/zones-impact\/femmes-et-filles\/\">Faites un don pour aider les femmes et les filles \u00e0 diriger des changements dans leurs communaut\u00e9s.<\/a><\/p>\n<p>[\/et_pb_text][et_pb_text _builder_version=&#8221;4.23.1&#8243; _dynamic_attributes=&#8221;link_option_url&#8221; _module_preset=&#8221;default&#8221; link_font=&#8221;|700|||||||&#8221; link_text_color=&#8221;#ffffff&#8221; header_3_font=&#8221;|700|||||||&#8221; background_image=&#8221;https:\/\/tostancanada.org\/wp-content\/uploads\/rectangle-orange.png&#8221; background_layout=&#8221;dark&#8221; width=&#8221;85%&#8221; module_alignment=&#8221;right&#8221; min_height=&#8221;260px&#8221; height_tablet=&#8221;220px&#8221; height_phone=&#8221;260px&#8221; height_last_edited=&#8221;on|desktop&#8221; custom_margin=&#8221;||||true|false&#8221; custom_padding=&#8221;30px|45px|10px|45px|false|true&#8221; link_option_url=&#8221;@ET-DC@eyJkeW5hbWljIjp0cnVlLCJjb250ZW50IjoicG9zdF9saW5rX3VybF9wYWdlIiwic2V0dGluZ3MiOnsicG9zdF9pZCI6IjQ5MjU5In19@&#8221; hover_enabled=&#8221;0&#8243; module_alignment_tablet=&#8221;center&#8221; module_alignment_phone=&#8221;center&#8221; module_alignment_last_edited=&#8221;on|tablet&#8221; global_colors_info=&#8221;{}&#8221; sticky_enabled=&#8221;0&#8243;]<\/p>\n<h3 style=\"text-align: center;\">La d\u00e9mocratie et l\u2019engagement civique<\/h3>\n<p style=\"text-align: center;\">Travailler ensemble pour renforcer la d\u00e9mocratie, la responsabilisation et l\u2019engagement civique dans les municipalit\u00e9s et les villages.<br \/><a href=\"https:\/\/tostancanada.org\/fr\/zones-impact\/renforcer-engagement-civique\/\">Vous pouvez aider<\/a><\/p>\n<p>[\/et_pb_text][\/et_pb_column][et_pb_column type=&#8221;1_2&#8243; _builder_version=&#8221;4.19.3&#8243; _module_preset=&#8221;default&#8221; global_colors_info=&#8221;{}&#8221;][et_pb_text _builder_version=&#8221;4.23.1&#8243; _dynamic_attributes=&#8221;link_option_url&#8221; _module_preset=&#8221;default&#8221; link_font=&#8221;|700|||||||&#8221; link_text_color=&#8221;#ffffff&#8221; header_3_font=&#8221;|700|||||||&#8221; background_image=&#8221;https:\/\/tostancanada.org\/wp-content\/uploads\/rectangle-red.png&#8221; background_layout=&#8221;dark&#8221; width=&#8221;85%&#8221; module_alignment=&#8221;left&#8221; custom_margin=&#8221;||||true|false&#8221; custom_padding=&#8221;35px|45px|29px|45px|false|true&#8221; link_option_url=&#8221;@ET-DC@eyJkeW5hbWljIjp0cnVlLCJjb250ZW50IjoicG9zdF9saW5rX3VybF9wYWdlIiwic2V0dGluZ3MiOnsicG9zdF9pZCI6IjQ5MjQ4In19@&#8221; hover_enabled=&#8221;0&#8243; module_alignment_tablet=&#8221;center&#8221; module_alignment_phone=&#8221;center&#8221; module_alignment_last_edited=&#8221;on|tablet&#8221; global_colors_info=&#8221;{}&#8221; min_height=&#8221;260px&#8221; sticky_enabled=&#8221;0&#8243;]<\/p>\n<h3 style=\"text-align: center;\">Les droits humains<\/h3>\n<p style=\"text-align: center;\">Aidez \u00e0 prot\u00e9ger les droits des femmes et des enfants et \u00e0 autonomiser les communaut\u00e9s.<br \/><a href=\"https:\/\/tostancanada.org\/fr\/zones-impact\/droits-humains\/\">Faites un don aujourd\u2019hui<\/a><\/p>\n<p>[\/et_pb_text][et_pb_text _builder_version=&#8221;4.23.1&#8243; _dynamic_attributes=&#8221;link_option_url&#8221; _module_preset=&#8221;default&#8221; link_font=&#8221;|700|||||||&#8221; link_text_color=&#8221;#ffffff&#8221; header_3_font=&#8221;|700|||||||&#8221; background_image=&#8221;https:\/\/tostancanada.org\/wp-content\/uploads\/rectangle-blue.png&#8221; background_layout=&#8221;dark&#8221; width=&#8221;85%&#8221; module_alignment=&#8221;left&#8221; min_height=&#8221;260px&#8221; custom_margin=&#8221;-1px||-1px||true|false&#8221; custom_padding=&#8221;30px|45px|30px|45px|false|true&#8221; link_option_url=&#8221;@ET-DC@eyJkeW5hbWljIjp0cnVlLCJjb250ZW50IjoicG9zdF9saW5rX3VybF9wYWdlIiwic2V0dGluZ3MiOnsicG9zdF9pZCI6IjQ5MjY4In19@&#8221; hover_enabled=&#8221;0&#8243; module_alignment_tablet=&#8221;center&#8221; module_alignment_phone=&#8221;center&#8221; module_alignment_last_edited=&#8221;on|tablet&#8221; global_colors_info=&#8221;{}&#8221; sticky_enabled=&#8221;0&#8243;]<\/p>\n<h3 style=\"text-align: center;\">L&#8217;\u00e9ducation<\/h3>\n<p style=\"text-align: center;\">1 femme sur 3 en Afrique subsaharienne ne finit pas l\u2019\u00e9cole primaire.<br \/><a href=\"https:\/\/tostancanada.org\/fr\/zones-impact\/education\/\">Joignez-vous \u00e0 nous pour aider \u00e0 changer cette situation.<\/a><\/p>\n<p>[\/et_pb_text][\/et_pb_column][\/et_pb_row][\/et_pb_section][et_pb_section fb_built=&#8221;1&#8243; _builder_version=&#8221;4.19.3&#8243; _module_preset=&#8221;default&#8221; background_color=&#8221;#e7e7e7&#8243; global_colors_info=&#8221;{}&#8221;][et_pb_row _builder_version=&#8221;4.20.0&#8243; _module_preset=&#8221;default&#8221; custom_margin=&#8221;||||false|false&#8221; custom_padding=&#8221;||0px||false|false&#8221; global_colors_info=&#8221;{}&#8221;][et_pb_column type=&#8221;4_4&#8243; _builder_version=&#8221;4.19.3&#8243; _module_preset=&#8221;default&#8221; global_colors_info=&#8221;{}&#8221;][et_pb_text _builder_version=&#8221;4.21.0&#8243; _module_preset=&#8221;default&#8221; header_2_font=&#8221;||||||||&#8221; header_2_font_size=&#8221;28px&#8221; header_3_font=&#8221;|600|||||||&#8221; header_3_text_color=&#8221;#9B5BA5&#8243; header_3_font_size=&#8221;23px&#8221; global_colors_info=&#8221;{}&#8221;]<\/p>\n<h2 style=\"text-align: center;\"><strong>Un mouvement social formidable peut \u00e9maner d\u2019une base de connaissances holistique :<\/strong><\/h2>\n<p>[\/et_pb_text][\/et_pb_column][\/et_pb_row][et_pb_row column_structure=&#8221;1_2,1_2&#8243; _builder_version=&#8221;4.19.3&#8243; _module_preset=&#8221;default&#8221; global_colors_info=&#8221;{}&#8221;][et_pb_column type=&#8221;1_2&#8243; _builder_version=&#8221;4.19.3&#8243; _module_preset=&#8221;default&#8221; global_colors_info=&#8221;{}&#8221;][et_pb_image src=&#8221;https:\/\/tostancanada.org\/wp-content\/uploads\/66pc-fr-2.png&#8221; title_text=&#8221;66pc-fr&#8221; align=&#8221;right&#8221; _builder_version=&#8221;4.21.0&#8243; _module_preset=&#8221;default&#8221; width=&#8221;60%&#8221; module_alignment=&#8221;center&#8221; global_colors_info=&#8221;{}&#8221;][\/et_pb_image][\/et_pb_column][et_pb_column type=&#8221;1_2&#8243; _builder_version=&#8221;4.19.3&#8243; _module_preset=&#8221;default&#8221; global_colors_info=&#8221;{}&#8221;][et_pb_text _builder_version=&#8221;4.21.0&#8243; _module_preset=&#8221;default&#8221; text_font_size=&#8221;18px&#8221; text_orientation_tablet=&#8221;center&#8221; text_orientation_phone=&#8221;center&#8221; text_orientation_last_edited=&#8221;on|desktop&#8221; global_colors_info=&#8221;{}&#8221;]<\/p>\n<p><strong>66% des participants au Programme de Renforcement des Capacit\u00e9s Communautaires (PRCC) de Tostan sont des femmes et des filles et cette inclusion des femmes dans le processus de prise de d\u00e9cision est en croissance.<\/strong><\/p>\n<p><strong>La dignit\u00e9 pour tous est possible. Le soutien des Canadiens est essentiel.<\/strong> <\/p>\n<p>[\/et_pb_text][\/et_pb_column][\/et_pb_row][\/et_pb_section][et_pb_section fb_built=&#8221;1&#8243; _builder_version=&#8221;4.19.3&#8243; _module_preset=&#8221;default&#8221; custom_margin=&#8221;||50px||false|false&#8221; global_colors_info=&#8221;{}&#8221;][et_pb_row column_structure=&#8221;1_3,2_3&#8243; _builder_version=&#8221;4.19.3&#8243; _module_preset=&#8221;default&#8221; global_colors_info=&#8221;{}&#8221;][et_pb_column type=&#8221;1_3&#8243; _builder_version=&#8221;4.19.3&#8243; _module_preset=&#8221;default&#8221; global_colors_info=&#8221;{}&#8221;][et_pb_video src=&#8221;https:\/\/www.youtube.com\/watch?v=Ty68bC8k6I0&#8243; _builder_version=&#8221;4.21.0&#8243; _module_preset=&#8221;default&#8221; global_colors_info=&#8221;{}&#8221;][\/et_pb_video][\/et_pb_column][et_pb_column type=&#8221;2_3&#8243; _builder_version=&#8221;4.19.3&#8243; _module_preset=&#8221;default&#8221; global_colors_info=&#8221;{}&#8221;][et_pb_text _builder_version=&#8221;4.21.0&#8243; _module_preset=&#8221;default&#8221; header_4_font=&#8221;|700|||||||&#8221; header_4_text_color=&#8221;#91AE3D&#8221; global_colors_info=&#8221;{}&#8221;]<\/p>\n<h4>Tostan lib\u00e8re le potentiel<\/h4>\n<p>Longtemps apr\u00e8s avoir particip\u00e9 au programme Tostan, les communaut\u00e9s continuent de travailler \u00e0 la r\u00e9alisation de leur vision commune d&#8217;un avenir meilleur et continuent de tendre la main \u00e0 leurs voisins et leur famille \u00e9largie pour promouvoir un changement positif.<\/p>\n<p>Tostan a r\u00e9ussi \u00e0 autonomiser des milliers de communaut\u00e9s comme celle de Soudiane et \u00e0 atteindre des r\u00e9sultats d\u00e9cisifs dans 8 pays africains. Des dizaines de milliers de femmes occupent pr\u00e9sentement des postes de direction, et des centaines de milliers de personnes ont adopt\u00e9 la d\u00e9mocratie et un nouveau respect pour les droits humains. <\/p>\n<p>[\/et_pb_text][\/et_pb_column][\/et_pb_row][et_pb_row column_structure=&#8221;2_3,1_3&#8243; _builder_version=&#8221;4.19.3&#8243; _module_preset=&#8221;default&#8221; global_colors_info=&#8221;{}&#8221;][et_pb_column type=&#8221;2_3&#8243; _builder_version=&#8221;4.19.3&#8243; _module_preset=&#8221;default&#8221; global_colors_info=&#8221;{}&#8221;][et_pb_text _builder_version=&#8221;4.21.0&#8243; _module_preset=&#8221;default&#8221; header_4_font=&#8221;|700|||||||&#8221; header_4_text_color=&#8221;#91AE3D&#8221; global_colors_info=&#8221;{}&#8221;]<\/p>\n<h4>L\u2019histoire de l\u2019\u00e9closion de Keur Simbara pour le bien-\u00eatre des femmes et des filles<\/h4>\n<p>En 2016, ByKids a aid\u00e9 Ndeye Fatou Fall \u00e0 parler des changements profonds qui se sont produits dans sa communaut\u00e9, Keur Simbara, gr\u00e2ce au Programme de Renforcement des Capacit\u00e9s Communautaires (PRCC) de Tostan. Dans son propre r\u00e9cit, \u2018Walk On My Own\u2019, elle raconte ce que c\u2019\u00e9tait de grandir au sein de la premi\u00e8re g\u00e9n\u00e9ration de femmes lib\u00e9r\u00e9es des pratiques d\u2019excision et de mariage d\u2019enfants. \u00c9coutez Ndeye Fatou et d\u2019autres femmes du Keur Simbara partager leurs exp\u00e9riences et discuter de leurs aspirations pour l\u2019avenir des jeunes femmes dans leur communaut\u00e9, dans leur pays du S\u00e9n\u00e9gal, et au-del\u00e0.<\/p>\n<p><strong>Vid\u00e9o disponible en anglais seulement.<\/strong><\/p>\n<p>[\/et_pb_text][\/et_pb_column][et_pb_column type=&#8221;1_3&#8243; _builder_version=&#8221;4.19.3&#8243; _module_preset=&#8221;default&#8221; global_colors_info=&#8221;{}&#8221;][et_pb_video src=&#8221;https:\/\/www.youtube.com\/watch?v=HGHtER4JHA0&#8243; _builder_version=&#8221;4.21.0&#8243; _module_preset=&#8221;default&#8221; global_colors_info=&#8221;{}&#8221;][\/et_pb_video][\/et_pb_column][\/et_pb_row][et_pb_row column_structure=&#8221;1_3,2_3&#8243; _builder_version=&#8221;4.19.3&#8243; _module_preset=&#8221;default&#8221; global_colors_info=&#8221;{}&#8221;][et_pb_column type=&#8221;1_3&#8243; _builder_version=&#8221;4.19.3&#8243; _module_preset=&#8221;default&#8221; global_colors_info=&#8221;{}&#8221;][et_pb_video src=&#8221;https:\/\/www.youtube.com\/watch?v=YsFOpYR-Oo4&#8243; _builder_version=&#8221;4.21.0&#8243; _module_preset=&#8221;default&#8221; global_colors_info=&#8221;{}&#8221;][\/et_pb_video][\/et_pb_column][et_pb_column type=&#8221;2_3&#8243; _builder_version=&#8221;4.19.3&#8243; _module_preset=&#8221;default&#8221; global_colors_info=&#8221;{}&#8221;][et_pb_text _builder_version=&#8221;4.21.0&#8243; _module_preset=&#8221;default&#8221; header_4_font=&#8221;|700|||||||&#8221; header_4_text_color=&#8221;#91AE3D&#8221; global_colors_info=&#8221;{}&#8221;]<\/p>\n<h4>Diriger avec dignit\u00e9 en Gambie<\/h4>\n<p>La d\u00e9mocratie et les droits humains sont au coeur du Programme de Renforcement des Capacit\u00e9s Communautaires (PRCC) de Tostan, et ceci est un message percutant. \u00c9coutez les t\u00e9moignages de femmes leaders en Gambie qui ont particip\u00e9 au PRCC, qui ont pris la rel\u00e8ve et qui sont en train de cr\u00e9er un meilleur avenir pour leurs communaut\u00e9s.<\/p>\n<p>[\/et_pb_text][\/et_pb_column][\/et_pb_row][\/et_pb_section]<\/p>\n","protected":false},"excerpt":{"rendered":"<p>Dignit\u00e9 pour tousTravailler ensemble pour renforcer les droits humains, soutenir les femmes et les filles, et favoriser le bien-\u00eatre des communaut\u00e9s.En facilitant l&#8217;\u00e9ducation des droits humains et l&#8217;apprentissage de comp\u00e9tences pratiques, Tostan fournit aux communaut\u00e9s rurales de l&#8217;Afrique de l&#8217;Ouest les connaissances et les outils n\u00e9cessaires pour fa\u00e7onner leur propre avenir et se d\u00e9velopper de [&hellip;]<\/p>\n","protected":false},"author":5,"featured_media":0,"parent":0,"menu_order":0,"comment_status":"closed","ping_status":"closed","template":"","meta":{"_et_pb_use_builder":"on","_et_pb_old_content":"","_et_gb_content_width":"","footnotes":""},"class_list":["post-49779","page","type-page","status-publish","hentry"],"aioseo_notices":[],"_links":{"self":[{"href":"https:\/\/tostancanada.org\/fr\/wp-json\/wp\/v2\/pages\/49779","targetHints":{"allow":["GET"]}}],"collection":[{"href":"https:\/\/tostancanada.org\/fr\/wp-json\/wp\/v2\/pages"}],"about":[{"href":"https:\/\/tostancanada.org\/fr\/wp-json\/wp\/v2\/types\/page"}],"author":[{"embeddable":true,"href":"https:\/\/tostancanada.org\/fr\/wp-json\/wp\/v2\/users\/5"}],"replies":[{"embeddable":true,"href":"https:\/\/tostancanada.org\/fr\/wp-json\/wp\/v2\/comments?post=49779"}],"version-history":[{"count":21,"href":"https:\/\/tostancanada.org\/fr\/wp-json\/wp\/v2\/pages\/49779\/revisions"}],"predecessor-version":[{"id":50784,"href":"https:\/\/tostancanada.org\/fr\/wp-json\/wp\/v2\/pages\/49779\/revisions\/50784"}],"wp:attachment":[{"href":"https:\/\/tostancanada.org\/fr\/wp-json\/wp\/v2\/media?parent=49779"}],"curies":[{"name":"wp","href":"https:\/\/api.w.org\/{rel}","templated":true}]}}