{"id":49783,"date":"2022-12-20T22:48:37","date_gmt":"2022-12-20T22:48:37","guid":{"rendered":"https:\/\/tostancanada.org\/resources\/"},"modified":"2025-06-16T19:37:18","modified_gmt":"2025-06-16T19:37:18","slug":"ressources","status":"publish","type":"page","link":"https:\/\/tostancanada.org\/fr\/ressources\/","title":{"rendered":"Ressources"},"content":{"rendered":"<p>[et_pb_section fb_built=&#8221;1&#8243; _builder_version=&#8221;4.21.0&#8243; _module_preset=&#8221;default&#8221; use_background_color_gradient=&#8221;on&#8221; background_color_gradient_stops=&#8221;rgba(255,255,255,0) 21%|#0a0a0a 100%&#8221; background_image=&#8221;https:\/\/tostancanada.org\/wp-content\/uploads\/ressources.png&#8221; custom_padding=&#8221;247px||0px||false|false&#8221; bottom_divider_color=&#8221;#9B5BA5&#8243; bottom_divider_height=&#8221;141px&#8221; bottom_divider_repeat=&#8221;1x&#8221; bottom_divider_flip=&#8221;vertical&#8221; global_colors_info=&#8221;{}&#8221;][et_pb_row _builder_version=&#8221;4.19.4&#8243; _module_preset=&#8221;default&#8221; background_enable_color=&#8221;off&#8221; background_image=&#8221;https:\/\/tostancanada.org\/wp-content\/uploads\/wave-purple-1.png&#8221; width=&#8221;100%&#8221; max_width=&#8221;100%&#8221; module_alignment=&#8221;center&#8221; height=&#8221;20%&#8221; custom_margin=&#8221;||||false|false&#8221; custom_padding=&#8221;65px||65px||true|false&#8221; global_colors_info=&#8221;{}&#8221;][et_pb_column type=&#8221;4_4&#8243; _builder_version=&#8221;4.19.3&#8243; _module_preset=&#8221;default&#8221; global_colors_info=&#8221;{}&#8221;][et_pb_text _builder_version=&#8221;4.21.0&#8243; _module_preset=&#8221;default&#8221; text_font=&#8221;||||||||&#8221; header_font=&#8221;|800|||||||&#8221; header_font_size=&#8221;50px&#8221; background_layout=&#8221;dark&#8221; width=&#8221;100%&#8221; module_alignment=&#8221;center&#8221; custom_margin=&#8221;||||false|false&#8221; custom_padding=&#8221;59px||2px||false|false&#8221; global_colors_info=&#8221;{}&#8221;]<\/p>\n<h1 style=\"text-align: center;\">Ressources<\/h1>\n<p>[\/et_pb_text][\/et_pb_column][\/et_pb_row][\/et_pb_section][et_pb_section fb_built=&#8221;1&#8243; _builder_version=&#8221;4.19.3&#8243; _module_preset=&#8221;default&#8221; global_colors_info=&#8221;{}&#8221;][et_pb_row _builder_version=&#8221;4.19.4&#8243; _module_preset=&#8221;default&#8221; width=&#8221;60%&#8221; module_alignment=&#8221;center&#8221; global_colors_info=&#8221;{}&#8221;][et_pb_column type=&#8221;4_4&#8243; _builder_version=&#8221;4.19.4&#8243; _module_preset=&#8221;default&#8221; global_colors_info=&#8221;{}&#8221;][et_pb_text _builder_version=&#8221;4.23.1&#8243; _module_preset=&#8221;default&#8221; hover_enabled=&#8221;0&#8243; global_colors_info=&#8221;{}&#8221; sticky_enabled=&#8221;0&#8243;]<\/p>\n<h3 style=\"text-align: center;\">Nous offrons une grande vari\u00e9t\u00e9 de ressources que vous pouvez utiliser pour rester \u00e0 jour avec les derni\u00e8res nouvelles de Tostan et pour en conna\u00eetre plus sur l\u2019impact de nos programmes.<\/h3>\n<p style=\"text-align: center;\">De nos derniers communiqu\u00e9s de presse et rapports d\u2019impact aux publications qui vous permettront de mieux comprendre qui nous sommes et ce que nous faisons, vous trouverez ici tout ce dont vous avez besoin.<\/p>\n<p><iframe loading=\"lazy\" title=\"Transformer les d\u00e9fis locaux en progr\u00e8s collectifs : Rapport Annuel 2024 de Tostan\" width=\"1080\" height=\"608\" src=\"https:\/\/www.youtube.com\/embed\/0DwFQ7x8ymc?feature=oembed\"  allow=\"accelerometer; autoplay; clipboard-write; encrypted-media; gyroscope; picture-in-picture; web-share\" referrerpolicy=\"strict-origin-when-cross-origin\" allowfullscreen><\/iframe><\/p>\n<p>N\u2019h\u00e9sitez pas \u00e0 nous contacter si vous ne trouvez pas ce que vous cherchez ci-dessous.<\/p>\n<p>T\u00e9l\u00e9charger le <a href=\"https:\/\/tostancanada.org\/wp-content\/uploads\/Rapport-Annuel-2024_Tostan_FR-compressed-1.pdf\">Rapport Annuel 2024<\/a><\/p>\n<p><a href=\"https:\/\/tostan.org\/fr\/ressources\/presse\/\">Acc\u00e9der aux histoires<\/a> de Tostan dans les m\u00e9dias<br \/>Lire la <a href=\"https:\/\/tostan.org\/fr\/strategie-2023-2030-de-tostan-en-partenariat-pour-le-bien-etre-communautaire\/\">Strat\u00e9gie 2023-2030 de Tostan<\/a><a href=\"https:\/\/tostan.org\/fr\/a-propos\/publications\/rapport-annuel-2022\/\"><\/a><br \/>T\u00e9l\u00e9charger une <a href=\"https:\/\/tostan.org\/wp-content\/uploads\/Tostan-Brochure-FRE-2020-min.pdf\">brochure sur Tostan<\/a><br \/>Commander une copie de <a href=\"https:\/\/tostan.org\/about-us\/however-long-night\/\">However Long the Night<\/a><br \/>Acc\u00e9der <a href=\"https:\/\/tostan.org\/fr\/ressources\/evaluations-et-recherches\/\">aux \u00e9valuations et \u00e0 la recherche<\/a> sur Tostan<\/p>\n<p>[\/et_pb_text][\/et_pb_column][\/et_pb_row][\/et_pb_section]<\/p>\n","protected":false},"excerpt":{"rendered":"<p>RessourcesNous offrons une grande vari\u00e9t\u00e9 de ressources que vous pouvez utiliser pour rester \u00e0 jour avec les derni\u00e8res nouvelles de Tostan et pour en conna\u00eetre plus sur l\u2019impact de nos programmes. De nos derniers communiqu\u00e9s de presse et rapports d\u2019impact aux publications qui vous permettront de mieux comprendre qui nous sommes et ce que nous [&hellip;]<\/p>\n","protected":false},"author":10,"featured_media":0,"parent":0,"menu_order":0,"comment_status":"closed","ping_status":"closed","template":"","meta":{"_et_pb_use_builder":"on","_et_pb_old_content":"","_et_gb_content_width":"","footnotes":""},"class_list":["post-49783","page","type-page","status-publish","hentry"],"aioseo_notices":[],"_links":{"self":[{"href":"https:\/\/tostancanada.org\/fr\/wp-json\/wp\/v2\/pages\/49783","targetHints":{"allow":["GET"]}}],"collection":[{"href":"https:\/\/tostancanada.org\/fr\/wp-json\/wp\/v2\/pages"}],"about":[{"href":"https:\/\/tostancanada.org\/fr\/wp-json\/wp\/v2\/types\/page"}],"author":[{"embeddable":true,"href":"https:\/\/tostancanada.org\/fr\/wp-json\/wp\/v2\/users\/10"}],"replies":[{"embeddable":true,"href":"https:\/\/tostancanada.org\/fr\/wp-json\/wp\/v2\/comments?post=49783"}],"version-history":[{"count":10,"href":"https:\/\/tostancanada.org\/fr\/wp-json\/wp\/v2\/pages\/49783\/revisions"}],"predecessor-version":[{"id":50685,"href":"https:\/\/tostancanada.org\/fr\/wp-json\/wp\/v2\/pages\/49783\/revisions\/50685"}],"wp:attachment":[{"href":"https:\/\/tostancanada.org\/fr\/wp-json\/wp\/v2\/media?parent=49783"}],"curies":[{"name":"wp","href":"https:\/\/api.w.org\/{rel}","templated":true}]}}