{"id":49792,"date":"2022-12-20T22:30:51","date_gmt":"2022-12-20T22:30:51","guid":{"rendered":"https:\/\/tostancanada.org\/ways-to-give\/"},"modified":"2026-04-03T20:30:41","modified_gmt":"2026-04-03T20:30:41","slug":"facons-de-donner","status":"publish","type":"page","link":"https:\/\/tostancanada.org\/fr\/facons-de-donner\/","title":{"rendered":"Les fa\u00e7ons de donner"},"content":{"rendered":"<p>[et_pb_section fb_built=&#8221;1&#8243; _builder_version=&#8221;4.21.0&#8243; _module_preset=&#8221;default&#8221; use_background_color_gradient=&#8221;on&#8221; background_color_gradient_stops=&#8221;rgba(255,255,255,0) 21%|#0a0a0a 100%&#8221; background_image=&#8221;https:\/\/tostancanada.org\/wp-content\/uploads\/waystogive.png&#8221; custom_padding=&#8221;247px||0px||false|false&#8221; bottom_divider_color=&#8221;#9B5BA5&#8243; bottom_divider_height=&#8221;141px&#8221; bottom_divider_repeat=&#8221;1x&#8221; bottom_divider_flip=&#8221;vertical&#8221; global_colors_info=&#8221;{}&#8221;][et_pb_row _builder_version=&#8221;4.19.4&#8243; _module_preset=&#8221;default&#8221; background_enable_color=&#8221;off&#8221; background_image=&#8221;https:\/\/tostancanada.org\/wp-content\/uploads\/wave-purple-1.png&#8221; width=&#8221;100%&#8221; max_width=&#8221;100%&#8221; module_alignment=&#8221;center&#8221; height=&#8221;20%&#8221; custom_margin=&#8221;||||false|false&#8221; custom_padding=&#8221;65px||65px||true|false&#8221; global_colors_info=&#8221;{}&#8221;][et_pb_column type=&#8221;4_4&#8243; _builder_version=&#8221;4.19.3&#8243; _module_preset=&#8221;default&#8221; global_colors_info=&#8221;{}&#8221;][et_pb_text _builder_version=&#8221;4.21.0&#8243; _module_preset=&#8221;default&#8221; text_font=&#8221;||||||||&#8221; header_font=&#8221;|800|||||||&#8221; header_font_size=&#8221;50px&#8221; background_layout=&#8221;dark&#8221; width=&#8221;100%&#8221; module_alignment=&#8221;center&#8221; custom_margin=&#8221;||||false|false&#8221; custom_padding=&#8221;59px||2px||false|false&#8221; global_colors_info=&#8221;{}&#8221;]<\/p>\n<h1 style=\"text-align: center;\">Fa\u00e7ons de donner<\/h1>\n<p>[\/et_pb_text][\/et_pb_column][\/et_pb_row][\/et_pb_section][et_pb_section fb_built=&#8221;1&#8243; _builder_version=&#8221;4.19.3&#8243; _module_preset=&#8221;default&#8221; custom_padding=&#8221;||60px|||&#8221; global_colors_info=&#8221;{}&#8221;][et_pb_row _builder_version=&#8221;4.19.4&#8243; _module_preset=&#8221;default&#8221; width=&#8221;60%&#8221; module_alignment=&#8221;center&#8221; global_colors_info=&#8221;{}&#8221;][et_pb_column type=&#8221;4_4&#8243; _builder_version=&#8221;4.19.4&#8243; _module_preset=&#8221;default&#8221; global_colors_info=&#8221;{}&#8221;][et_pb_text _builder_version=&#8221;4.21.0&#8243; _module_preset=&#8221;default&#8221; global_colors_info=&#8221;{}&#8221;]<\/p>\n<h3 style=\"text-align: center;\">Joignez-vous \u00e0 nous et aidez davantage de communaut\u00e9s \u00e0 abolir les pratiques n\u00e9fastes<\/h3>\n<p style=\"text-align: center;\">Vos dons ont un impact r\u00e9el et durable sur les communaut\u00e9s \u00e0 travers l\u2019Afrique.<\/p>\n<p style=\"text-align: center;\">\u00c9quip\u00e9es avec des connaissances en mati\u00e8re des droits humains et les comp\u00e9tences n\u00e9cessaires pour rassembler les gens dans le but d\u2019abolir des pratiques n\u00e9fastes comme l\u2019excision et le mariage d\u2019enfants, les communaut\u00e9s sont en train de r\u00e9aliser leur vision de l\u2019avenir.<\/p>\n<p style=\"text-align: center;\">Vos dons contribuent grandement \u00e0 rendre cela possible pour de plus en plus de communaut\u00e9s.<\/p>\n<p>[\/et_pb_text][\/et_pb_column][\/et_pb_row][et_pb_row column_structure=&#8221;1_3,1_3,1_3&#8243; _builder_version=&#8221;4.21.0&#8243; _module_preset=&#8221;default&#8221; global_colors_info=&#8221;{}&#8221;][et_pb_column type=&#8221;1_3&#8243; _builder_version=&#8221;4.21.0&#8243; _module_preset=&#8221;default&#8221; background_color=&#8221;#F4F7EC&#8221; custom_padding=&#8221;10px||10px||true|false&#8221; global_colors_info=&#8221;{}&#8221;][et_pb_blurb title=&#8221;Faites un don \u00e9lectronique&#8221; image=&#8221;https:\/\/tostancanada.org\/wp-content\/uploads\/Online-giving.png&#8221; image_icon_width=&#8221;85%&#8221; _builder_version=&#8221;4.21.0&#8243; _module_preset=&#8221;default&#8221; text_orientation=&#8221;center&#8221; custom_padding=&#8221;|40px||40px||true&#8221; border_radii_image=&#8221;on|3px|3px|3px|3px&#8221; global_colors_info=&#8221;{}&#8221;]<\/p>\n<p>Faites un don avec votre carte de cr\u00e9dit.<\/p>\n<p>[\/et_pb_blurb][et_pb_button button_url=&#8221;https:\/\/tostancanada.org\/fr\/facons-de-donner\/faire-un-don\/&#8221; button_text=&#8221;Faire un don &#8221; button_alignment=&#8221;center&#8221; _builder_version=&#8221;4.21.0&#8243; _module_preset=&#8221;default&#8221; global_colors_info=&#8221;{}&#8221;][\/et_pb_button][\/et_pb_column][et_pb_column type=&#8221;1_3&#8243; _builder_version=&#8221;4.21.0&#8243; _module_preset=&#8221;default&#8221; background_color=&#8221;#F4F7EC&#8221; custom_padding=&#8221;10px||10px||true|false&#8221; global_colors_info=&#8221;{}&#8221;][et_pb_blurb title=&#8221;Devenez un donateur mensuel&#8221; image=&#8221;https:\/\/tostancanada.org\/wp-content\/uploads\/Monthly-Giving.png&#8221; image_icon_width=&#8221;85%&#8221; _builder_version=&#8221;4.21.0&#8243; _module_preset=&#8221;default&#8221; text_orientation=&#8221;center&#8221; custom_margin=&#8221;||||false|false&#8221; custom_padding=&#8221;|40px||40px||true&#8221; border_radii_image=&#8221;on|3px|3px|3px|3px&#8221; global_colors_info=&#8221;{}&#8221;]<\/p>\n<p>Aidez \u00e0 soutenir les leaders locaux en faisant un don mensuel.<\/p>\n<p>[\/et_pb_blurb][et_pb_button button_url=&#8221;https:\/\/tostancanada.org\/fr\/facons-de-donner\/faire-un-don\/&#8221; button_text=&#8221;Faire un don&#8221; button_alignment=&#8221;center&#8221; _builder_version=&#8221;4.21.0&#8243; _module_preset=&#8221;default&#8221; global_colors_info=&#8221;{}&#8221;][\/et_pb_button][\/et_pb_column][et_pb_column type=&#8221;1_3&#8243; _builder_version=&#8221;4.21.0&#8243; _module_preset=&#8221;default&#8221; background_color=&#8221;#F4F7EC&#8221; custom_padding=&#8221;10px||10px||true|false&#8221; global_colors_info=&#8221;{}&#8221;][et_pb_blurb title=&#8221;Faites un don d&#8217;actions ou de titres&#8221; image=&#8221;https:\/\/tostancanada.org\/wp-content\/uploads\/Stocks-Giving.png&#8221; image_icon_width=&#8221;85%&#8221; _builder_version=&#8221;4.27.4&#8243; _module_preset=&#8221;default&#8221; text_orientation=&#8221;center&#8221; module_alignment=&#8221;center&#8221; custom_margin=&#8221;||||false|false&#8221; custom_padding=&#8221;|40px||40px|false|true&#8221; hover_enabled=&#8221;0&#8243; border_radii_image=&#8221;on|3px|3px|3px|3px&#8221; global_colors_info=&#8221;{}&#8221; sticky_enabled=&#8221;0&#8243;]<\/p>\n<p>Veuillez contacter<a href=\"mailto:info@tostancanada.org\"> info@tostancanada.org<\/a> pour obtenir des instructions.<\/p>\n<p>[\/et_pb_blurb][\/et_pb_column][\/et_pb_row][et_pb_row column_structure=&#8221;1_3,1_3,1_3&#8243; _builder_version=&#8221;4.21.0&#8243; _module_preset=&#8221;default&#8221; global_colors_info=&#8221;{}&#8221;][et_pb_column type=&#8221;1_3&#8243; _builder_version=&#8221;4.21.0&#8243; _module_preset=&#8221;default&#8221; background_color=&#8221;#F4F7EC&#8221; custom_padding=&#8221;10px||10px||true|false&#8221; global_colors_info=&#8221;{}&#8221;][et_pb_blurb title=&#8221;Faites un don par ch\u00e8que&#8221; image=&#8221;https:\/\/tostancanada.org\/wp-content\/uploads\/Check-Giving.png&#8221; image_icon_width=&#8221;85%&#8221; _builder_version=&#8221;4.21.0&#8243; _module_preset=&#8221;default&#8221; text_orientation=&#8221;center&#8221; custom_padding=&#8221;|40px||40px||true&#8221; border_radii_image=&#8221;on|3px|3px|3px|3px&#8221; global_colors_info=&#8221;{}&#8221;]<\/p>\n<p>Faites votre ch\u00e8que \u00e0 l&#8217;ordre de Tostan Canada et envoyez-le \u00e0 l&#8217;adresse suivante :<\/p>\n<p>Tostan Canada<br \/>\u00c0 l&#8217;attention de : Gizanne Lafrance-Allaire<br \/>17098 Speer Road<br \/>Long Sault, ON <br \/>K0C 1P0<\/p>\n<p>[\/et_pb_blurb][\/et_pb_column][et_pb_column type=&#8221;1_3&#8243; _builder_version=&#8221;4.21.0&#8243; _module_preset=&#8221;default&#8221; background_color=&#8221;#F4F7EC&#8221; custom_padding=&#8221;10px||10px||true|false&#8221; global_colors_info=&#8221;{}&#8221;][et_pb_blurb title=&#8221;Incluez Tostan dans votre testament ou votre plan de succession&#8221; image=&#8221;https:\/\/tostancanada.org\/wp-content\/uploads\/Will-Giving.png&#8221; image_icon_width=&#8221;85%&#8221; _builder_version=&#8221;4.21.0&#8243; _module_preset=&#8221;default&#8221; text_orientation=&#8221;center&#8221; custom_margin=&#8221;||||false|false&#8221; custom_padding=&#8221;|40px||40px||true&#8221; border_radii_image=&#8221;on|3px|3px|3px|3px&#8221; global_colors_info=&#8221;{}&#8221;]<\/p>\n<p>Inclure Tostan Canada comme b\u00e9n\u00e9ficiaire d&#8217;un plan d&#8217;assurance-vie, REER, ou dans votre testament est une fa\u00e7on simple et significative de cr\u00e9er un impact durable.<\/p>\n<p>[\/et_pb_blurb][et_pb_button button_url=&#8221;\/fr\/contact\/&#8221; url_new_window=&#8221;on&#8221; button_text=&#8221;Contactez-nous&#8221; button_alignment=&#8221;center&#8221; _builder_version=&#8221;4.27.4&#8243; _module_preset=&#8221;default&#8221; custom_button=&#8221;on&#8221; button_bg_color=&#8221;#9B5BA5&#8243; global_colors_info=&#8221;{}&#8221;][\/et_pb_button][\/et_pb_column][et_pb_column type=&#8221;1_3&#8243; _builder_version=&#8221;4.21.0&#8243; _module_preset=&#8221;default&#8221; background_color=&#8221;#F4F7EC&#8221; custom_padding=&#8221;10px||10px||true|false&#8221; global_colors_info=&#8221;{}&#8221;][et_pb_blurb title=&#8221;Faites un don par virement bancaire&#8221; image=&#8221;https:\/\/tostancanada.org\/wp-content\/uploads\/Wire-Transfer-Giving.png&#8221; image_icon_width=&#8221;85%&#8221; _builder_version=&#8221;4.21.0&#8243; _module_preset=&#8221;default&#8221; text_orientation=&#8221;center&#8221; custom_padding=&#8221;|40px||40px||true&#8221; border_radii_image=&#8221;on|3px|3px|3px|3px&#8221; global_colors_info=&#8221;{}&#8221;]<\/p>\n<p>Nom de l\u2019organisation : Tostan Canada<br \/>Adresse : 17098 Speer Road<br \/>Long Sault, ON, K0C 1P0<\/p>\n<p>Banque b\u00e9n\u00e9ficiaire : Bank of Montreal\u00a0<\/p>\n<p>Pour plus d&#8217;information, veuillez contacter <a href=\"mailto:info@tostancanada.org\">info@tostancanada.org<\/a> .\u00a0<\/p>\n<p>[\/et_pb_blurb][\/et_pb_column][\/et_pb_row][et_pb_row column_structure=&#8221;1_3,1_3,1_3&#8243; _builder_version=&#8221;4.21.0&#8243; _module_preset=&#8221;default&#8221; global_colors_info=&#8221;{}&#8221;][et_pb_column type=&#8221;1_3&#8243; _builder_version=&#8221;4.21.0&#8243; _module_preset=&#8221;default&#8221; background_color=&#8221;#F4F7EC&#8221; custom_padding=&#8221;10px||10px||true|false&#8221; global_colors_info=&#8221;{}&#8221;][et_pb_blurb title=&#8221;Fonds orient\u00e9 par le donateur&#8221; image=&#8221;https:\/\/tostancanada.org\/wp-content\/uploads\/2611209737_5d77c5c329_o.jpg&#8221; image_icon_width=&#8221;85%&#8221; _builder_version=&#8221;4.27.4&#8243; _module_preset=&#8221;default&#8221; text_orientation=&#8221;center&#8221; custom_padding=&#8221;|40px||40px||true&#8221; border_radii_image=&#8221;on|3px|3px|3px|3px&#8221; global_colors_info=&#8221;{}&#8221;]<\/p>\n<p>De nombreux donateurs choisissent de donner par l\u2019interm\u00e9diaire de leur fonds orient\u00e9 par le donateur.<span>\u00a0<\/span><\/p>\n<p>[\/et_pb_blurb][et_pb_button button_url=&#8221;\/fr\/fonds-oriente-par-le-donateur\/&#8221; url_new_window=&#8221;on&#8221; button_text=&#8221;Fonds orient\u00e9 par le donateur&#8221; button_alignment=&#8221;center&#8221; _builder_version=&#8221;4.27.4&#8243; _module_preset=&#8221;default&#8221; custom_button=&#8221;on&#8221; button_bg_color=&#8221;#9B5BA5&#8243; global_colors_info=&#8221;{}&#8221;][\/et_pb_button][\/et_pb_column][et_pb_column type=&#8221;1_3&#8243; _builder_version=&#8221;4.21.0&#8243; _module_preset=&#8221;default&#8221; background_color=&#8221;#F4F7EC&#8221; custom_padding=&#8221;10px||10px||true|false&#8221; global_colors_info=&#8221;{}&#8221;][et_pb_blurb title=&#8221;Lever des fonds&#8221; image=&#8221;https:\/\/tostancanada.org\/wp-content\/uploads\/Will-Giving.png&#8221; image_icon_width=&#8221;85%&#8221; _builder_version=&#8221;4.21.0&#8243; _module_preset=&#8221;default&#8221; text_orientation=&#8221;center&#8221; custom_margin=&#8221;||||false|false&#8221; custom_padding=&#8221;|40px||40px||true&#8221; border_radii_image=&#8221;on|3px|3px|3px|3px&#8221; global_colors_info=&#8221;{}&#8221;]<\/p>\n<p>D\u00e9diez un \u00e9v\u00e8nement \u00e0 Tostan, ou organisez un club de lecture!<\/p>\n<p>[\/et_pb_blurb][et_pb_button button_url=&#8221;\/fr\/facons-de-donner\/lever-des-fonds\/&#8221; url_new_window=&#8221;on&#8221; button_text=&#8221;Lever des fonds&#8221; button_alignment=&#8221;center&#8221; _builder_version=&#8221;4.27.4&#8243; _module_preset=&#8221;default&#8221; custom_button=&#8221;on&#8221; button_bg_color=&#8221;#9B5BA5&#8243; global_colors_info=&#8221;{}&#8221;][\/et_pb_button][\/et_pb_column][et_pb_column type=&#8221;1_3&#8243; _builder_version=&#8221;4.21.0&#8243; _module_preset=&#8221;default&#8221; background_color=&#8221;#F4F7EC&#8221; custom_padding=&#8221;10px||10px||true|false&#8221; global_colors_info=&#8221;{}&#8221;][\/et_pb_column][\/et_pb_row][\/et_pb_section]<\/p>\n","protected":false},"excerpt":{"rendered":"<p>Fa\u00e7ons de donnerJoignez-vous \u00e0 nous et aidez davantage de communaut\u00e9s \u00e0 abolir les pratiques n\u00e9fastes Vos dons ont un impact r\u00e9el et durable sur les communaut\u00e9s \u00e0 travers l\u2019Afrique. \u00c9quip\u00e9es avec des connaissances en mati\u00e8re des droits humains et les comp\u00e9tences n\u00e9cessaires pour rassembler les gens dans le but d\u2019abolir des pratiques n\u00e9fastes comme l\u2019excision [&hellip;]<\/p>\n","protected":false},"author":10,"featured_media":0,"parent":0,"menu_order":0,"comment_status":"closed","ping_status":"closed","template":"","meta":{"_et_pb_use_builder":"on","_et_pb_old_content":"","_et_gb_content_width":"","footnotes":""},"class_list":["post-49792","page","type-page","status-publish","hentry"],"aioseo_notices":[],"_links":{"self":[{"href":"https:\/\/tostancanada.org\/fr\/wp-json\/wp\/v2\/pages\/49792","targetHints":{"allow":["GET"]}}],"collection":[{"href":"https:\/\/tostancanada.org\/fr\/wp-json\/wp\/v2\/pages"}],"about":[{"href":"https:\/\/tostancanada.org\/fr\/wp-json\/wp\/v2\/types\/page"}],"author":[{"embeddable":true,"href":"https:\/\/tostancanada.org\/fr\/wp-json\/wp\/v2\/users\/10"}],"replies":[{"embeddable":true,"href":"https:\/\/tostancanada.org\/fr\/wp-json\/wp\/v2\/comments?post=49792"}],"version-history":[{"count":19,"href":"https:\/\/tostancanada.org\/fr\/wp-json\/wp\/v2\/pages\/49792\/revisions"}],"predecessor-version":[{"id":51060,"href":"https:\/\/tostancanada.org\/fr\/wp-json\/wp\/v2\/pages\/49792\/revisions\/51060"}],"wp:attachment":[{"href":"https:\/\/tostancanada.org\/fr\/wp-json\/wp\/v2\/media?parent=49792"}],"curies":[{"name":"wp","href":"https:\/\/api.w.org\/{rel}","templated":true}]}}