{"id":50930,"date":"2026-01-20T18:46:03","date_gmt":"2026-01-20T18:46:03","guid":{"rendered":"https:\/\/tostancanada.org\/donor-advised-funds\/"},"modified":"2026-02-25T21:47:33","modified_gmt":"2026-02-25T21:47:33","slug":"fonds-oriente-par-le-donateur","status":"publish","type":"page","link":"https:\/\/tostancanada.org\/fr\/fonds-oriente-par-le-donateur\/","title":{"rendered":"Fonds orient\u00e9 par le donateur (FOD)"},"content":{"rendered":"<p>[et_pb_section fb_built=&#8221;1&#8243; _builder_version=&#8221;4.21.0&#8243; _module_preset=&#8221;default&#8221; use_background_color_gradient=&#8221;on&#8221; background_color_gradient_stops=&#8221;rgba(255,255,255,0) 21%|#0a0a0a 100%&#8221; background_image=&#8221;https:\/\/tostancanada.org\/wp-content\/uploads\/ressources.png&#8221; custom_padding=&#8221;247px||0px||false|false&#8221; bottom_divider_color=&#8221;#9B5BA5&#8243; bottom_divider_height=&#8221;141px&#8221; bottom_divider_repeat=&#8221;1x&#8221; bottom_divider_flip=&#8221;vertical&#8221; global_colors_info=&#8221;{}&#8221;][et_pb_row _builder_version=&#8221;4.19.4&#8243; _module_preset=&#8221;default&#8221; background_enable_color=&#8221;off&#8221; background_image=&#8221;https:\/\/tostancanada.org\/wp-content\/uploads\/wave-purple-1.png&#8221; width=&#8221;100%&#8221; max_width=&#8221;100%&#8221; module_alignment=&#8221;center&#8221; height=&#8221;20%&#8221; custom_margin=&#8221;||||false|false&#8221; custom_padding=&#8221;65px||65px||true|false&#8221; global_colors_info=&#8221;{}&#8221;][et_pb_column type=&#8221;4_4&#8243; _builder_version=&#8221;4.19.3&#8243; _module_preset=&#8221;default&#8221; global_colors_info=&#8221;{}&#8221;][et_pb_text _builder_version=&#8221;4.27.4&#8243; _module_preset=&#8221;default&#8221; text_font=&#8221;||||||||&#8221; header_font=&#8221;|800|||||||&#8221; header_font_size=&#8221;50px&#8221; background_layout=&#8221;dark&#8221; width=&#8221;100%&#8221; module_alignment=&#8221;center&#8221; custom_margin=&#8221;||||false|false&#8221; custom_padding=&#8221;59px||2px||false|false&#8221; hover_enabled=&#8221;0&#8243; global_colors_info=&#8221;{}&#8221; sticky_enabled=&#8221;0&#8243;]<\/p>\n<h1 style=\"text-align: center;\"><b>Donner par l\u2019interm\u00e9diaire de votre <\/b><\/h1>\n<h1 style=\"text-align: center;\"><b>Fonds orient\u00e9 par le donateur (FOD)<\/b><\/h1>\n<p>[\/et_pb_text][\/et_pb_column][\/et_pb_row][\/et_pb_section][et_pb_section fb_built=&#8221;1&#8243; _builder_version=&#8221;4.19.3&#8243; _module_preset=&#8221;default&#8221; global_colors_info=&#8221;{}&#8221;][et_pb_row _builder_version=&#8221;4.19.4&#8243; _module_preset=&#8221;default&#8221; width=&#8221;60%&#8221; module_alignment=&#8221;center&#8221; global_colors_info=&#8221;{}&#8221;][et_pb_column type=&#8221;4_4&#8243; _builder_version=&#8221;4.19.4&#8243; _module_preset=&#8221;default&#8221; global_colors_info=&#8221;{}&#8221;][et_pb_text _builder_version=&#8221;4.27.4&#8243; _module_preset=&#8221;default&#8221; hover_enabled=&#8221;0&#8243; global_colors_info=&#8221;{}&#8221; sticky_enabled=&#8221;0&#8243;]<\/p>\n<h3>De nombreux donateurs choisissent de donner par l\u2019interm\u00e9diaire de leur fonds orient\u00e9 par le donateur. Si vous en avez un, il s\u2019agit d\u2019un moyen simple et efficace de soutenir Tostan Canada.<\/h3>\n<p>Un fonds orient\u00e9 par le donateur (FOD) est un compte de dons de bienfaisance administr\u00e9 par une fondation publique ou une institution financi\u00e8re. Vous pouvez y verser des actifs, recevoir imm\u00e9diatement un re\u00e7u fiscal, puis recommander des dons \u00e0 des organismes de bienfaisance canadiens enregistr\u00e9s, comme Tostan Canada, au moment de votre choix. Les FOD sont particuli\u00e8rement utiles pour planifier des dons pluriannuels ou strat\u00e9giques. En soutenant Tostan Canada par l\u2019interm\u00e9diaire de votre FOD, vous contribuez \u00e0 un changement durable, dirig\u00e9 par les communaut\u00e9s, qui favorise l\u2019autonomisation des femmes et des filles et am\u00e9liore les conditions \u00e9conomiques, la sant\u00e9 et l\u2019\u00e9ducation en Afrique de l\u2019Ouest.<\/p>\n<p>Veuillez communiquer avec l\u2019administrateur de votre fonds orient\u00e9 par le donateur afin de recommander un don unique ou r\u00e9current \u00e0 Tostan Canada. L\u2019administrateur de votre FOD effectuera le don \u00e0 Tostan Canada en votre nom.<\/p>\n<p>Merci pour votre recommandation.<\/p>\n<h1>\u00c0 l\u2019intention des administrateurs de fonds orient\u00e9s par le donateur<\/h1>\n<p>Nom l\u00e9gal : Tostan Canada<br \/>Statut de bienfaisance : Organisme de bienfaisance canadien enregistr\u00e9<br \/>Num\u00e9ro d\u2019enregistrement aupr\u00e8s de l\u2019ARC : 840151807 RR 0001<br \/>Adresse postale : 17098 Speer Rd., Long Sault (Ontario) K0C 1P0<br \/>Pour obtenir les renseignements bancaires pour un virement \u00e9lectronique (EFT), veuillez communiquer avec : <a href=\"mailto:dominiquechauvet@tostan.org\">dominiquechauvet@tostan.org<\/a>.<\/p>\n<p>[\/et_pb_text][\/et_pb_column][\/et_pb_row][\/et_pb_section]<\/p>\n","protected":false},"excerpt":{"rendered":"<p>Donner par l\u2019interm\u00e9diaire de votre Fonds orient\u00e9 par le donateur (FOD)De nombreux donateurs choisissent de donner par l\u2019interm\u00e9diaire de leur fonds orient\u00e9 par le donateur. Si vous en avez un, il s\u2019agit d\u2019un moyen simple et efficace de soutenir Tostan Canada. Un fonds orient\u00e9 par le donateur (FOD) est un compte de dons de bienfaisance [&hellip;]<\/p>\n","protected":false},"author":13,"featured_media":0,"parent":0,"menu_order":0,"comment_status":"closed","ping_status":"closed","template":"","meta":{"_et_pb_use_builder":"on","_et_pb_old_content":"","_et_gb_content_width":"","footnotes":""},"class_list":["post-50930","page","type-page","status-publish","hentry"],"aioseo_notices":[],"_links":{"self":[{"href":"https:\/\/tostancanada.org\/fr\/wp-json\/wp\/v2\/pages\/50930","targetHints":{"allow":["GET"]}}],"collection":[{"href":"https:\/\/tostancanada.org\/fr\/wp-json\/wp\/v2\/pages"}],"about":[{"href":"https:\/\/tostancanada.org\/fr\/wp-json\/wp\/v2\/types\/page"}],"author":[{"embeddable":true,"href":"https:\/\/tostancanada.org\/fr\/wp-json\/wp\/v2\/users\/13"}],"replies":[{"embeddable":true,"href":"https:\/\/tostancanada.org\/fr\/wp-json\/wp\/v2\/comments?post=50930"}],"version-history":[{"count":3,"href":"https:\/\/tostancanada.org\/fr\/wp-json\/wp\/v2\/pages\/50930\/revisions"}],"predecessor-version":[{"id":50935,"href":"https:\/\/tostancanada.org\/fr\/wp-json\/wp\/v2\/pages\/50930\/revisions\/50935"}],"wp:attachment":[{"href":"https:\/\/tostancanada.org\/fr\/wp-json\/wp\/v2\/media?parent=50930"}],"curies":[{"name":"wp","href":"https:\/\/api.w.org\/{rel}","templated":true}]}}